{"id":102,"date":"2024-05-22T14:41:30","date_gmt":"2024-05-22T14:41:30","guid":{"rendered":"https:\/\/assistproject.eu\/?page_id=102"},"modified":"2024-12-02T11:12:52","modified_gmt":"2024-12-02T11:12:52","slug":"results","status":"publish","type":"page","link":"https:\/\/assistproject.eu\/fr\/results\/","title":{"rendered":"R\u00e9sultats"},"content":{"rendered":"<div class=\"wp-block-uagb-container uagb-block-99853cfe alignfull uagb-is-root-container\"><div class=\"uagb-container-inner-blocks-wrap\">\n<div class=\"wp-block-uagb-container justified uagb-block-6c354be7\">\n<p>Les r\u00e9sultats attendus comprennent\u00a0:<\/p>\n\n\n\n<ul class=\"wp-block-list\">\n<li>Quatre rapports nationaux de pointe mettant en \u00e9vidence la discrimination li\u00e9e aux soins de sant\u00e9 \u00e0 l\u2019\u00e9gard des femmes et des m\u00e8res en situation de handicap dans les pays partenaires, tout en soulignant les meilleures pratiques pour surmonter la discrimination et les pr\u00e9jug\u00e9s.<\/li>\n\n\n\n<li>\u200bUn rapport transnational r\u00e9sumant les d\u00e9fis auxquels sont confront\u00e9es les m\u00e8res en situation de handicap en mati\u00e8re d\u2019acc\u00e8s aux services de sant\u00e9 au niveau europ\u00e9en. Il comprend des recommandations politiques et propose des mesures concr\u00e8tes pour am\u00e9liorer l\u2019acc\u00e8s aux soins de sant\u00e9 pour les m\u00e8res en situation de handicap. Le rapport sera disponible dans toutes les langues des partenaires. \u200b\u200b<\/li>\n\n\n\n<li>L\u2019\u00e9cosyst\u00e8me num\u00e9rique ASSIST, comprenant un environnement d\u2019apprentissage virtuel (VLE), des cours de micro-accr\u00e9ditation et une simulation 3D d\u2019un environnement clinique inclusif.<\/li>\n\n\n\n<li>\u200bAu moins trois ateliers de renforcement des capacit\u00e9s ciblant le personnel universitaire men\u00e9s par les \u00e9tablissements d\u2019enseignement sup\u00e9rieur du projet.<\/li>\n\n\n\n<li>\u200bAu moins quatre journ\u00e9es d\u2019information nationales, repr\u00e9sentant tous les pays partenaires.<\/li>\n<\/ul>\n<\/div>\n\n\n\n<div class=\"wp-block-uagb-container uagb-block-6416a8fa\">\n<div class=\"wp-block-uagb-image uagb-block-7eac48f2 wp-block-uagb-image--layout-default wp-block-uagb-image--effect-static wp-block-uagb-image--align-none\"><figure class=\"wp-block-uagb-image__figure\"><img decoding=\"async\" srcset=\"https:\/\/assistproject.eu\/wp-content\/uploads\/2024\/05\/6.jpg ,https:\/\/assistproject.eu\/wp-content\/uploads\/2024\/05\/6.jpg 780w, https:\/\/assistproject.eu\/wp-content\/uploads\/2024\/05\/6.jpg 360w\" sizes=\"auto, (max-width: 480px) 150px\" src=\"https:\/\/assistproject.eu\/wp-content\/uploads\/2024\/05\/6.jpg\" alt=\"6\" class=\"uag-image-103\" width=\"334\" height=\"500\" title=\"6\" loading=\"lazy\" role=\"img\"\/><\/figure><\/div>\n<\/div>\n<\/div><\/div>","protected":false},"excerpt":{"rendered":"<p>Les r\u00e9sultats attendus comprennent\u00a0:<\/p>","protected":false},"author":1,"featured_media":0,"parent":0,"menu_order":0,"comment_status":"closed","ping_status":"closed","template":"","meta":{"_uag_custom_page_level_css":"","footnotes":""},"class_list":["post-102","page","type-page","status-publish","hentry"],"yoast_head":"<!-- This site is optimized with the Yoast SEO plugin v22.7 - https:\/\/yoast.com\/wordpress\/plugins\/seo\/ -->\n<title>Results | Assist<\/title>\n<meta name=\"robots\" content=\"index, follow, max-snippet:-1, max-image-preview:large, max-video-preview:-1\" \/>\n<link rel=\"canonical\" href=\"https:\/\/assistproject.eu\/fr\/results\/\" \/>\n<meta property=\"og:locale\" content=\"fr_FR\" \/>\n<meta property=\"og:type\" content=\"article\" \/>\n<meta property=\"og:title\" content=\"Results | Assist\" \/>\n<meta property=\"og:description\" content=\"Expected outcomes include:\u200b\" \/>\n<meta property=\"og:url\" content=\"https:\/\/assistproject.eu\/fr\/results\/\" \/>\n<meta property=\"og:site_name\" content=\"Assist\" \/>\n<meta property=\"article:modified_time\" content=\"2024-12-02T11:12:52+00:00\" \/>\n<meta property=\"og:image\" content=\"https:\/\/assistproject.eu\/wp-content\/uploads\/2024\/05\/6.jpg\" \/>\n<meta name=\"twitter:card\" content=\"summary_large_image\" \/>\n<meta name=\"twitter:label1\" content=\"Dur\u00e9e de lecture estim\u00e9e\" \/>\n\t<meta name=\"twitter:data1\" content=\"1 minute\" \/>\n<script type=\"application\/ld+json\" class=\"yoast-schema-graph\">{\"@context\":\"https:\/\/schema.org\",\"@graph\":[{\"@type\":\"WebPage\",\"@id\":\"https:\/\/assistproject.eu\/results\/\",\"url\":\"https:\/\/assistproject.eu\/results\/\",\"name\":\"Results | Assist\",\"isPartOf\":{\"@id\":\"https:\/\/assistproject.eu\/#website\"},\"primaryImageOfPage\":{\"@id\":\"https:\/\/assistproject.eu\/results\/#primaryimage\"},\"image\":{\"@id\":\"https:\/\/assistproject.eu\/results\/#primaryimage\"},\"thumbnailUrl\":\"https:\/\/assistproject.eu\/wp-content\/uploads\/2024\/05\/6.jpg\",\"datePublished\":\"2024-05-22T14:41:30+00:00\",\"dateModified\":\"2024-12-02T11:12:52+00:00\",\"breadcrumb\":{\"@id\":\"https:\/\/assistproject.eu\/results\/#breadcrumb\"},\"inLanguage\":\"fr-FR\",\"potentialAction\":[{\"@type\":\"ReadAction\",\"target\":[\"https:\/\/assistproject.eu\/results\/\"]}]},{\"@type\":\"ImageObject\",\"inLanguage\":\"fr-FR\",\"@id\":\"https:\/\/assistproject.eu\/results\/#primaryimage\",\"url\":\"https:\/\/assistproject.eu\/wp-content\/uploads\/2024\/05\/6.jpg\",\"contentUrl\":\"https:\/\/assistproject.eu\/wp-content\/uploads\/2024\/05\/6.jpg\"},{\"@type\":\"BreadcrumbList\",\"@id\":\"https:\/\/assistproject.eu\/results\/#breadcrumb\",\"itemListElement\":[{\"@type\":\"ListItem\",\"position\":1,\"name\":\"Home\",\"item\":\"https:\/\/assistproject.eu\/\"},{\"@type\":\"ListItem\",\"position\":2,\"name\":\"Results\"}]},{\"@type\":\"WebSite\",\"@id\":\"https:\/\/assistproject.eu\/#website\",\"url\":\"https:\/\/assistproject.eu\/\",\"name\":\"Assist\",\"description\":\"\",\"publisher\":{\"@id\":\"https:\/\/assistproject.eu\/#organization\"},\"potentialAction\":[{\"@type\":\"SearchAction\",\"target\":{\"@type\":\"EntryPoint\",\"urlTemplate\":\"https:\/\/assistproject.eu\/?s={search_term_string}\"},\"query-input\":\"required name=search_term_string\"}],\"inLanguage\":\"fr-FR\"},{\"@type\":\"Organization\",\"@id\":\"https:\/\/assistproject.eu\/#organization\",\"name\":\"Assist\",\"url\":\"https:\/\/assistproject.eu\/\",\"logo\":{\"@type\":\"ImageObject\",\"inLanguage\":\"fr-FR\",\"@id\":\"https:\/\/assistproject.eu\/#\/schema\/logo\/image\/\",\"url\":\"https:\/\/assistproject.eu\/wp-content\/uploads\/2024\/05\/assist-logo.png\",\"contentUrl\":\"https:\/\/assistproject.eu\/wp-content\/uploads\/2024\/05\/assist-logo.png\",\"width\":1570,\"height\":771,\"caption\":\"Assist\"},\"image\":{\"@id\":\"https:\/\/assistproject.eu\/#\/schema\/logo\/image\/\"}}]}<\/script>\n<!-- \/ Yoast SEO plugin. -->","yoast_head_json":{"title":"Results | Assist","robots":{"index":"index","follow":"follow","max-snippet":"max-snippet:-1","max-image-preview":"max-image-preview:large","max-video-preview":"max-video-preview:-1"},"canonical":"https:\/\/assistproject.eu\/fr\/results\/","og_locale":"fr_FR","og_type":"article","og_title":"Results | Assist","og_description":"Expected outcomes include:\u200b","og_url":"https:\/\/assistproject.eu\/fr\/results\/","og_site_name":"Assist","article_modified_time":"2024-12-02T11:12:52+00:00","og_image":[{"url":"https:\/\/assistproject.eu\/wp-content\/uploads\/2024\/05\/6.jpg"}],"twitter_card":"summary_large_image","twitter_misc":{"Dur\u00e9e de lecture estim\u00e9e":"1 minute"},"schema":{"@context":"https:\/\/schema.org","@graph":[{"@type":"WebPage","@id":"https:\/\/assistproject.eu\/results\/","url":"https:\/\/assistproject.eu\/results\/","name":"Results | Assist","isPartOf":{"@id":"https:\/\/assistproject.eu\/#website"},"primaryImageOfPage":{"@id":"https:\/\/assistproject.eu\/results\/#primaryimage"},"image":{"@id":"https:\/\/assistproject.eu\/results\/#primaryimage"},"thumbnailUrl":"https:\/\/assistproject.eu\/wp-content\/uploads\/2024\/05\/6.jpg","datePublished":"2024-05-22T14:41:30+00:00","dateModified":"2024-12-02T11:12:52+00:00","breadcrumb":{"@id":"https:\/\/assistproject.eu\/results\/#breadcrumb"},"inLanguage":"fr-FR","potentialAction":[{"@type":"ReadAction","target":["https:\/\/assistproject.eu\/results\/"]}]},{"@type":"ImageObject","inLanguage":"fr-FR","@id":"https:\/\/assistproject.eu\/results\/#primaryimage","url":"https:\/\/assistproject.eu\/wp-content\/uploads\/2024\/05\/6.jpg","contentUrl":"https:\/\/assistproject.eu\/wp-content\/uploads\/2024\/05\/6.jpg"},{"@type":"BreadcrumbList","@id":"https:\/\/assistproject.eu\/results\/#breadcrumb","itemListElement":[{"@type":"ListItem","position":1,"name":"Home","item":"https:\/\/assistproject.eu\/"},{"@type":"ListItem","position":2,"name":"Results"}]},{"@type":"WebSite","@id":"https:\/\/assistproject.eu\/#website","url":"https:\/\/assistproject.eu\/","name":"Assist","description":"","publisher":{"@id":"https:\/\/assistproject.eu\/#organization"},"potentialAction":[{"@type":"SearchAction","target":{"@type":"EntryPoint","urlTemplate":"https:\/\/assistproject.eu\/?s={search_term_string}"},"query-input":"required name=search_term_string"}],"inLanguage":"fr-FR"},{"@type":"Organization","@id":"https:\/\/assistproject.eu\/#organization","name":"Assist","url":"https:\/\/assistproject.eu\/","logo":{"@type":"ImageObject","inLanguage":"fr-FR","@id":"https:\/\/assistproject.eu\/#\/schema\/logo\/image\/","url":"https:\/\/assistproject.eu\/wp-content\/uploads\/2024\/05\/assist-logo.png","contentUrl":"https:\/\/assistproject.eu\/wp-content\/uploads\/2024\/05\/assist-logo.png","width":1570,"height":771,"caption":"Assist"},"image":{"@id":"https:\/\/assistproject.eu\/#\/schema\/logo\/image\/"}}]}},"uagb_featured_image_src":{"full":false,"thumbnail":false,"medium":false,"medium_large":false,"large":false,"1536x1536":false,"2048x2048":false,"trp-custom-language-flag":false,"depicter-thumbnail":false},"uagb_author_info":{"display_name":"admin","author_link":"https:\/\/assistproject.eu\/fr\/author\/assistwpadmn\/"},"uagb_comment_info":0,"uagb_excerpt":"Expected outcomes include:\u200b","_links":{"self":[{"href":"https:\/\/assistproject.eu\/fr\/wp-json\/wp\/v2\/pages\/102","targetHints":{"allow":["GET"]}}],"collection":[{"href":"https:\/\/assistproject.eu\/fr\/wp-json\/wp\/v2\/pages"}],"about":[{"href":"https:\/\/assistproject.eu\/fr\/wp-json\/wp\/v2\/types\/page"}],"author":[{"embeddable":true,"href":"https:\/\/assistproject.eu\/fr\/wp-json\/wp\/v2\/users\/1"}],"replies":[{"embeddable":true,"href":"https:\/\/assistproject.eu\/fr\/wp-json\/wp\/v2\/comments?post=102"}],"version-history":[{"count":0,"href":"https:\/\/assistproject.eu\/fr\/wp-json\/wp\/v2\/pages\/102\/revisions"}],"wp:attachment":[{"href":"https:\/\/assistproject.eu\/fr\/wp-json\/wp\/v2\/media?parent=102"}],"curies":[{"name":"wp","href":"https:\/\/api.w.org\/{rel}","templated":true}]}}