{"id":127,"date":"2024-05-29T10:45:00","date_gmt":"2024-05-29T10:45:00","guid":{"rendered":"https:\/\/assistproject.eu\/?page_id=127"},"modified":"2024-12-02T11:08:11","modified_gmt":"2024-12-02T11:08:11","slug":"about","status":"publish","type":"page","link":"https:\/\/assistproject.eu\/fr\/about\/","title":{"rendered":"\u00c0 propos"},"content":{"rendered":"<div class=\"wp-block-uagb-container section-1 uagb-block-caf6ba2e alignfull uagb-is-root-container\"><div class=\"uagb-container-inner-blocks-wrap\">\n<div class=\"wp-block-uagb-container uagb-block-9f61df48\">\n<p>En Europe, les personnes en situation de handicap continuent de se heurter \u00e0 des pr\u00e9jug\u00e9s et \u00e0 des discriminations, \u00e0 des environnements inaccessibles et \u00e0 des barri\u00e8res comportementales. Les m\u00e8res en situation de handicap, en particulier, demeurent un groupe mal desservi, souvent n\u00e9glig\u00e9 par les d\u00e9cideurs politiques, les chercheurs et les prestataires de soins de sant\u00e9.\u00a0<br><\/p>\n\n\n\n<p>Les professionnels de sant\u00e9 jouent un r\u00f4le essentiel en conseillant et en soutenant les femmes dans leur parcours vers la maternit\u00e9. Malheureusement, les femmes en situation de handicap signalent fr\u00e9quemment des cas de discrimination, de stigmatisation et de d\u00e9couragement, notamment le refus de services de fertilit\u00e9, la pression pour interrompre une grossesse ou abandonner un nouveau-n\u00e9 \u00e0 l\u2019adoption. Selon Perez et al. (2023, p. 16), un enfant sur vingt n\u00e9 d\u2019une m\u00e8re pr\u00e9sentant une d\u00e9ficience intellectuelle est imm\u00e9diatement plac\u00e9 dans les services sociaux apr\u00e8s la naissance. Dans de nombreux cas, les prestataires de soins de sant\u00e9 se pr\u00e9cipitent souvent pour classer les grossesses des femmes en situation de handicap comme \u00ab \u00e0 haut risque \u00bb (Camilleri Zahra, ibid.), quelles que soient les circonstances individuelles. Cette pratique, combin\u00e9e \u00e0 des soins pr\u00e9natals inad\u00e9quats, contribue \u00e0 un taux disproportionn\u00e9 de c\u00e9sariennes chez les m\u00e8res pr\u00e9sentant une d\u00e9ficience intellectuelle (Perez et al., pp. 15 et 18). Les cas de st\u00e9rilisations forc\u00e9es de femmes en situation de handicap restent d\u2019une fr\u00e9quence inqui\u00e9tante (European Disabilities Forum, 2022). Il est donc \u00e9vident que les pratiques dominantes de nombreux professionnels de la sant\u00e9 restreignent les droits des femmes en situation de handicap \u00e0 un acc\u00e8s \u00e9gal \u00e0 une grossesse et \u00e0 une maternit\u00e9 sans risque.\u00a0<\/p>\n<\/div>\n\n\n\n<div class=\"wp-block-uagb-container uagb-block-cc3c5545\">\n<figure class=\"wp-block-image size-full\"><img loading=\"lazy\" decoding=\"async\" width=\"544\" height=\"668\" src=\"https:\/\/assistproject.eu\/wp-content\/uploads\/2024\/05\/2.jpg\" alt=\"2\" class=\"wp-image-25\" srcset=\"https:\/\/assistproject.eu\/wp-content\/uploads\/2024\/05\/2.jpg 544w, https:\/\/assistproject.eu\/wp-content\/uploads\/2024\/05\/2-244x300.jpg 244w, https:\/\/assistproject.eu\/wp-content\/uploads\/2024\/05\/2-200x246.jpg 200w\" sizes=\"auto, (max-width: 544px) 100vw, 544px\" \/><\/figure>\n<\/div>\n<\/div><\/div>\n\n\n\n<div class=\"wp-block-uagb-container uagb-block-570be4fa alignfull uagb-is-root-container\"><div class=\"uagb-container-inner-blocks-wrap\">\n<p>Ces pratiques violent les droits consacr\u00e9s par la Convention des Nations Unies relative aux droits des personnes en situation de handicap (CDPH), notamment les articles 12, 16, 17 et 23. Ces articles garantissent l\u2019\u00e9galit\u00e9 de capacit\u00e9 juridique des personnes en situation de handicap (article 12), la protection contre la violence et les abus (article 16), le droit \u00e0 l\u2019int\u00e9grit\u00e9 physique et mentale (article 17) ainsi que leur droit de se marier, de fonder une famille et de conserver leur fertilit\u00e9 sur la base de l\u2019\u00e9galit\u00e9 avec les autres (article 23). D\u2019autres articles pertinents de la CDPH, tels que l\u2019article 6 (femmes en situation de handicap), l\u2019article 9 (accessibilit\u00e9) et l\u2019article 25 (sant\u00e9), affirment \u00e9galement leurs droits \u00e0 la non-discrimination et \u00e0 des soins de sant\u00e9 accessibles.<\/p>\n\n\n\n<p>En r\u00e9ponse \u00e0 ces d\u00e9fis, le projet ASSIST vise \u00e0 contribuer \u00e0 :<\/p>\n\n\n\n<ul class=\"wp-block-list\">\n<li>Cr\u00e9er des environnements de soins de sant\u00e9 inclusifs et accessibles pour les m\u00e8res et les femmes en situation de handicap en formant des \u00e9tudiants en m\u00e9decine et des professionnels de la sant\u00e9 gr\u00e2ce \u00e0 l\u2019utilisation d\u2019un \u00e9cosyst\u00e8me num\u00e9rique innovant.<\/li>\n\n\n\n<li>D\u00e9velopper un programme de formation complet pour les prestataires de soins de sant\u00e9 actuels et futurs, parall\u00e8lement \u00e0 des efforts de sensibilisation pour renforcer la capacit\u00e9 des ONG \u00e0 conduire des changements de politique.<\/li>\n\n\n\n<li>Promouvoir des attitudes positives et respectueuses parmi les professionnels de la sant\u00e9 envers les m\u00e8res en situation de handicap, en reconnaissant l\u2019importance des barri\u00e8res sociales<\/li>\n<\/ul>\n\n\n\n<p>Le projet adh\u00e9rera aux \u201c<a href=\"https:\/\/www.un.org\/sites\/un2.un.org\/files\/un_disability-inclusive_communication_guidelines.pdf\" target=\"_blank\" rel=\"noreferrer noopener\">Lignes directrices pour une communication inclusive en mati\u00e8re de handicap<\/a>\u201d.<\/p>\n<\/div><\/div>","protected":false},"excerpt":{"rendered":"<p>Persons with disabilities in Europe continue to<\/p>","protected":false},"author":1,"featured_media":0,"parent":0,"menu_order":0,"comment_status":"closed","ping_status":"closed","template":"","meta":{"_uag_custom_page_level_css":"","footnotes":""},"class_list":["post-127","page","type-page","status-publish","hentry"],"yoast_head":"<!-- This site is optimized with the Yoast SEO plugin v22.7 - https:\/\/yoast.com\/wordpress\/plugins\/seo\/ -->\n<title>About | Assist<\/title>\n<meta name=\"robots\" content=\"index, follow, max-snippet:-1, max-image-preview:large, max-video-preview:-1\" \/>\n<link rel=\"canonical\" href=\"https:\/\/assistproject.eu\/fr\/about\/\" \/>\n<meta property=\"og:locale\" content=\"fr_FR\" \/>\n<meta property=\"og:type\" content=\"article\" \/>\n<meta property=\"og:title\" content=\"About | Assist\" \/>\n<meta property=\"og:description\" content=\"Persons with disabilities in Europe continue to\" \/>\n<meta property=\"og:url\" content=\"https:\/\/assistproject.eu\/fr\/about\/\" \/>\n<meta property=\"og:site_name\" content=\"Assist\" \/>\n<meta property=\"article:modified_time\" content=\"2024-12-02T11:08:11+00:00\" \/>\n<meta property=\"og:image\" content=\"https:\/\/assistproject.eu\/wp-content\/uploads\/2024\/05\/2.jpg\" \/>\n<meta name=\"twitter:card\" content=\"summary_large_image\" \/>\n<meta name=\"twitter:label1\" content=\"Dur\u00e9e de lecture estim\u00e9e\" \/>\n\t<meta name=\"twitter:data1\" content=\"2 minutes\" \/>\n<script type=\"application\/ld+json\" class=\"yoast-schema-graph\">{\"@context\":\"https:\/\/schema.org\",\"@graph\":[{\"@type\":\"WebPage\",\"@id\":\"https:\/\/assistproject.eu\/about\/\",\"url\":\"https:\/\/assistproject.eu\/about\/\",\"name\":\"About | Assist\",\"isPartOf\":{\"@id\":\"https:\/\/assistproject.eu\/#website\"},\"primaryImageOfPage\":{\"@id\":\"https:\/\/assistproject.eu\/about\/#primaryimage\"},\"image\":{\"@id\":\"https:\/\/assistproject.eu\/about\/#primaryimage\"},\"thumbnailUrl\":\"https:\/\/assistproject.eu\/wp-content\/uploads\/2024\/05\/2.jpg\",\"datePublished\":\"2024-05-29T10:45:00+00:00\",\"dateModified\":\"2024-12-02T11:08:11+00:00\",\"breadcrumb\":{\"@id\":\"https:\/\/assistproject.eu\/about\/#breadcrumb\"},\"inLanguage\":\"fr-FR\",\"potentialAction\":[{\"@type\":\"ReadAction\",\"target\":[\"https:\/\/assistproject.eu\/about\/\"]}]},{\"@type\":\"ImageObject\",\"inLanguage\":\"fr-FR\",\"@id\":\"https:\/\/assistproject.eu\/about\/#primaryimage\",\"url\":\"https:\/\/assistproject.eu\/wp-content\/uploads\/2024\/05\/2.jpg\",\"contentUrl\":\"https:\/\/assistproject.eu\/wp-content\/uploads\/2024\/05\/2.jpg\"},{\"@type\":\"BreadcrumbList\",\"@id\":\"https:\/\/assistproject.eu\/about\/#breadcrumb\",\"itemListElement\":[{\"@type\":\"ListItem\",\"position\":1,\"name\":\"Home\",\"item\":\"https:\/\/assistproject.eu\/\"},{\"@type\":\"ListItem\",\"position\":2,\"name\":\"About\"}]},{\"@type\":\"WebSite\",\"@id\":\"https:\/\/assistproject.eu\/#website\",\"url\":\"https:\/\/assistproject.eu\/\",\"name\":\"Assist\",\"description\":\"\",\"publisher\":{\"@id\":\"https:\/\/assistproject.eu\/#organization\"},\"potentialAction\":[{\"@type\":\"SearchAction\",\"target\":{\"@type\":\"EntryPoint\",\"urlTemplate\":\"https:\/\/assistproject.eu\/?s={search_term_string}\"},\"query-input\":\"required name=search_term_string\"}],\"inLanguage\":\"fr-FR\"},{\"@type\":\"Organization\",\"@id\":\"https:\/\/assistproject.eu\/#organization\",\"name\":\"Assist\",\"url\":\"https:\/\/assistproject.eu\/\",\"logo\":{\"@type\":\"ImageObject\",\"inLanguage\":\"fr-FR\",\"@id\":\"https:\/\/assistproject.eu\/#\/schema\/logo\/image\/\",\"url\":\"https:\/\/assistproject.eu\/wp-content\/uploads\/2024\/05\/assist-logo.png\",\"contentUrl\":\"https:\/\/assistproject.eu\/wp-content\/uploads\/2024\/05\/assist-logo.png\",\"width\":1570,\"height\":771,\"caption\":\"Assist\"},\"image\":{\"@id\":\"https:\/\/assistproject.eu\/#\/schema\/logo\/image\/\"}}]}<\/script>\n<!-- \/ Yoast SEO plugin. -->","yoast_head_json":{"title":"About | Assist","robots":{"index":"index","follow":"follow","max-snippet":"max-snippet:-1","max-image-preview":"max-image-preview:large","max-video-preview":"max-video-preview:-1"},"canonical":"https:\/\/assistproject.eu\/fr\/about\/","og_locale":"fr_FR","og_type":"article","og_title":"About | Assist","og_description":"Persons with disabilities in Europe continue to","og_url":"https:\/\/assistproject.eu\/fr\/about\/","og_site_name":"Assist","article_modified_time":"2024-12-02T11:08:11+00:00","og_image":[{"url":"https:\/\/assistproject.eu\/wp-content\/uploads\/2024\/05\/2.jpg"}],"twitter_card":"summary_large_image","twitter_misc":{"Dur\u00e9e de lecture estim\u00e9e":"2 minutes"},"schema":{"@context":"https:\/\/schema.org","@graph":[{"@type":"WebPage","@id":"https:\/\/assistproject.eu\/about\/","url":"https:\/\/assistproject.eu\/about\/","name":"About | Assist","isPartOf":{"@id":"https:\/\/assistproject.eu\/#website"},"primaryImageOfPage":{"@id":"https:\/\/assistproject.eu\/about\/#primaryimage"},"image":{"@id":"https:\/\/assistproject.eu\/about\/#primaryimage"},"thumbnailUrl":"https:\/\/assistproject.eu\/wp-content\/uploads\/2024\/05\/2.jpg","datePublished":"2024-05-29T10:45:00+00:00","dateModified":"2024-12-02T11:08:11+00:00","breadcrumb":{"@id":"https:\/\/assistproject.eu\/about\/#breadcrumb"},"inLanguage":"fr-FR","potentialAction":[{"@type":"ReadAction","target":["https:\/\/assistproject.eu\/about\/"]}]},{"@type":"ImageObject","inLanguage":"fr-FR","@id":"https:\/\/assistproject.eu\/about\/#primaryimage","url":"https:\/\/assistproject.eu\/wp-content\/uploads\/2024\/05\/2.jpg","contentUrl":"https:\/\/assistproject.eu\/wp-content\/uploads\/2024\/05\/2.jpg"},{"@type":"BreadcrumbList","@id":"https:\/\/assistproject.eu\/about\/#breadcrumb","itemListElement":[{"@type":"ListItem","position":1,"name":"Home","item":"https:\/\/assistproject.eu\/"},{"@type":"ListItem","position":2,"name":"About"}]},{"@type":"WebSite","@id":"https:\/\/assistproject.eu\/#website","url":"https:\/\/assistproject.eu\/","name":"Assist","description":"","publisher":{"@id":"https:\/\/assistproject.eu\/#organization"},"potentialAction":[{"@type":"SearchAction","target":{"@type":"EntryPoint","urlTemplate":"https:\/\/assistproject.eu\/?s={search_term_string}"},"query-input":"required name=search_term_string"}],"inLanguage":"fr-FR"},{"@type":"Organization","@id":"https:\/\/assistproject.eu\/#organization","name":"Assist","url":"https:\/\/assistproject.eu\/","logo":{"@type":"ImageObject","inLanguage":"fr-FR","@id":"https:\/\/assistproject.eu\/#\/schema\/logo\/image\/","url":"https:\/\/assistproject.eu\/wp-content\/uploads\/2024\/05\/assist-logo.png","contentUrl":"https:\/\/assistproject.eu\/wp-content\/uploads\/2024\/05\/assist-logo.png","width":1570,"height":771,"caption":"Assist"},"image":{"@id":"https:\/\/assistproject.eu\/#\/schema\/logo\/image\/"}}]}},"uagb_featured_image_src":{"full":false,"thumbnail":false,"medium":false,"medium_large":false,"large":false,"1536x1536":false,"2048x2048":false,"trp-custom-language-flag":false,"depicter-thumbnail":false},"uagb_author_info":{"display_name":"admin","author_link":"https:\/\/assistproject.eu\/fr\/author\/assistwpadmn\/"},"uagb_comment_info":0,"uagb_excerpt":"Persons with disabilities in Europe continue to","_links":{"self":[{"href":"https:\/\/assistproject.eu\/fr\/wp-json\/wp\/v2\/pages\/127","targetHints":{"allow":["GET"]}}],"collection":[{"href":"https:\/\/assistproject.eu\/fr\/wp-json\/wp\/v2\/pages"}],"about":[{"href":"https:\/\/assistproject.eu\/fr\/wp-json\/wp\/v2\/types\/page"}],"author":[{"embeddable":true,"href":"https:\/\/assistproject.eu\/fr\/wp-json\/wp\/v2\/users\/1"}],"replies":[{"embeddable":true,"href":"https:\/\/assistproject.eu\/fr\/wp-json\/wp\/v2\/comments?post=127"}],"version-history":[{"count":0,"href":"https:\/\/assistproject.eu\/fr\/wp-json\/wp\/v2\/pages\/127\/revisions"}],"wp:attachment":[{"href":"https:\/\/assistproject.eu\/fr\/wp-json\/wp\/v2\/media?parent=127"}],"curies":[{"name":"wp","href":"https:\/\/api.w.org\/{rel}","templated":true}]}}