{"id":152,"date":"2024-06-13T04:36:28","date_gmt":"2024-06-13T04:36:28","guid":{"rendered":"https:\/\/assistproject.eu\/?page_id=152"},"modified":"2025-04-14T14:11:42","modified_gmt":"2025-04-14T14:11:42","slug":"news-events","status":"publish","type":"page","link":"https:\/\/assistproject.eu\/fr\/news-events\/","title":{"rendered":"Actualit\u00e9s et \u00e9v\u00e9nements"},"content":{"rendered":"<div class=\"wp-block-uagb-post-grid uagb-post-grid  uagb-post__image-position-top uagb-post__image-enabled uagb-block-2a7c9fa5     uagb-post__items uagb-post__columns-3 is-grid uagb-post__columns-tablet-2 uagb-post__columns-mobile-1 uagb-post__equal-height\" data-total=\"1\" style=\"\">\n\n\t\t\t\t\t\t\t\t\t\t\t\t<article class=\"uagb-post__inner-wrap\">\t\t\t\t\t\t\t\t<div class='uagb-post__image'>\n\t\t\t\t\t\t\t\t\t<a href=\"https:\/\/assistproject.eu\/fr\/when-violence-meets-exclusion\/\" target=\"_self\" rel=\"bookmark noopener noreferrer\" class='uagb-image-ratio-2-3'><img loading=\"lazy\" decoding=\"async\" width=\"800\" height=\"1200\" src=\"https:\/\/assistproject.eu\/wp-content\/uploads\/2025\/11\/Picture-for-the-newsletter.avif\" class=\"attachment-full size-full\" alt=\"Picture for the newsletter\" srcset=\"https:\/\/assistproject.eu\/wp-content\/uploads\/2025\/11\/Picture-for-the-newsletter.avif 800w, https:\/\/assistproject.eu\/wp-content\/uploads\/2025\/11\/Picture-for-the-newsletter-200x300.avif 200w, https:\/\/assistproject.eu\/wp-content\/uploads\/2025\/11\/Picture-for-the-newsletter-683x1024.avif 683w, https:\/\/assistproject.eu\/wp-content\/uploads\/2025\/11\/Picture-for-the-newsletter-768x1152.avif 768w, https:\/\/assistproject.eu\/wp-content\/uploads\/2025\/11\/Picture-for-the-newsletter-8x12.avif 8w\" sizes=\"auto, (max-width: 800px) 100vw, 800px\" \/>\t\t\t\t\t<\/a>\n\t\t\t\t\t\t\t<\/div>\n\t\t\t\t\t\t<h4 class=\"uagb-post__title uagb-post__text\">\n\t\t\t\t<a href=\"https:\/\/assistproject.eu\/fr\/when-violence-meets-exclusion\/\" target=\"_self\" rel=\"bookmark noopener noreferrer\">When Violence Meets Exclusion<\/a>\n\t\t\t<\/h4>\n\t\t\t\t\t\t<div class='uagb-post__text uagb-post-grid-byline'>\n\t\t\t\t\t\t\t<\/div>\n\t\t\t\t\t\t<div class=\"uagb-post__text uagb-post__cta wp-block-button\">\n\t\t\t\t<a class=\"wp-block-button__link uagb-text-link\" style=\"\" href=\"https:\/\/assistproject.eu\/fr\/when-violence-meets-exclusion\/\" target=\"_self\" rel=\"bookmark noopener noreferrer\">Lire la suite<\/a>\n\t\t\t<\/div>\n\t\t\t\n\t\t\t\t\t\t\t\t\t<\/article>\n\t\t\t\t\t\t\t\t\t\t\t\t\t\t\t\t<article class=\"uagb-post__inner-wrap\">\t\t\t\t\t\t\t\t<div class='uagb-post__image'>\n\t\t\t\t\t\t\t\t\t<a href=\"https:\/\/assistproject.eu\/fr\/world-mental-health-day\/\" target=\"_self\" rel=\"bookmark noopener noreferrer\" class='uagb-image-ratio-2-3'><img loading=\"lazy\" decoding=\"async\" width=\"669\" height=\"669\" src=\"https:\/\/assistproject.eu\/wp-content\/uploads\/2025\/10\/World-Mental-Health-Day.png\" class=\"attachment-full size-full\" alt=\"Illustration for World Mental Health Day. Three women are depicted: one is holding a baby and signing, another is pregnant, and the third stands nearby. Text reads: &#039;World Mental Health Day. Every woman deserves dignity, support and understanding.\" srcset=\"https:\/\/assistproject.eu\/wp-content\/uploads\/2025\/10\/World-Mental-Health-Day.png 669w, https:\/\/assistproject.eu\/wp-content\/uploads\/2025\/10\/World-Mental-Health-Day-300x300.png 300w, https:\/\/assistproject.eu\/wp-content\/uploads\/2025\/10\/World-Mental-Health-Day-150x150.png 150w, https:\/\/assistproject.eu\/wp-content\/uploads\/2025\/10\/World-Mental-Health-Day-200x200.png 200w\" sizes=\"auto, (max-width: 669px) 100vw, 669px\" \/>\t\t\t\t\t<\/a>\n\t\t\t\t\t\t\t<\/div>\n\t\t\t\t\t\t<h4 class=\"uagb-post__title uagb-post__text\">\n\t\t\t\t<a href=\"https:\/\/assistproject.eu\/fr\/world-mental-health-day\/\" target=\"_self\" rel=\"bookmark noopener noreferrer\">World Mental Health Day 2025<\/a>\n\t\t\t<\/h4>\n\t\t\t\t\t\t<div class='uagb-post__text uagb-post-grid-byline'>\n\t\t\t\t\t\t\t<\/div>\n\t\t\t\t\t\t<div class=\"uagb-post__text uagb-post__cta wp-block-button\">\n\t\t\t\t<a class=\"wp-block-button__link uagb-text-link\" style=\"\" href=\"https:\/\/assistproject.eu\/fr\/world-mental-health-day\/\" target=\"_self\" rel=\"bookmark noopener noreferrer\">Lire la suite<\/a>\n\t\t\t<\/div>\n\t\t\t\n\t\t\t\t\t\t\t\t\t<\/article>\n\t\t\t\t\t\t\t\t\t\t\t\t\t\t\t\t<article class=\"uagb-post__inner-wrap\">\t\t\t\t\t\t\t\t<div class='uagb-post__image'>\n\t\t\t\t\t\t\t\t\t<a href=\"https:\/\/assistproject.eu\/fr\/equal-pay-and-mothers-with-disabilities-breaking-barriers-to-economic-inclusion\/\" target=\"_self\" rel=\"bookmark noopener noreferrer\" class='uagb-image-ratio-2-3'><img loading=\"lazy\" decoding=\"async\" width=\"1920\" height=\"1080\" src=\"https:\/\/assistproject.eu\/wp-content\/uploads\/2025\/09\/post-18-9-25-International-Equal-Pay-Day.jpg\" class=\"attachment-full size-full\" alt=\"Three people are having a meeting in a modern office space. One person is in a wheelchair, another is seated on an office chair, and the third is leaning forward while speaking. Laptops, papers, and phones are on the round table. The room has large arched windows, potted plants, and exposed brick walls.\" srcset=\"https:\/\/assistproject.eu\/wp-content\/uploads\/2025\/09\/post-18-9-25-International-Equal-Pay-Day.jpg 1920w, https:\/\/assistproject.eu\/wp-content\/uploads\/2025\/09\/post-18-9-25-International-Equal-Pay-Day-300x169.jpg 300w, https:\/\/assistproject.eu\/wp-content\/uploads\/2025\/09\/post-18-9-25-International-Equal-Pay-Day-1024x576.jpg 1024w, https:\/\/assistproject.eu\/wp-content\/uploads\/2025\/09\/post-18-9-25-International-Equal-Pay-Day-768x432.jpg 768w, https:\/\/assistproject.eu\/wp-content\/uploads\/2025\/09\/post-18-9-25-International-Equal-Pay-Day-1536x864.jpg 1536w, https:\/\/assistproject.eu\/wp-content\/uploads\/2025\/09\/post-18-9-25-International-Equal-Pay-Day-200x113.jpg 200w\" sizes=\"auto, (max-width: 1920px) 100vw, 1920px\" \/>\t\t\t\t\t<\/a>\n\t\t\t\t\t\t\t<\/div>\n\t\t\t\t\t\t<h4 class=\"uagb-post__title uagb-post__text\">\n\t\t\t\t<a href=\"https:\/\/assistproject.eu\/fr\/equal-pay-and-mothers-with-disabilities-breaking-barriers-to-economic-inclusion\/\" target=\"_self\" rel=\"bookmark noopener noreferrer\">Equal Pay and Mothers with Disabilities: Breaking Barriers to Economic Inclusion<\/a>\n\t\t\t<\/h4>\n\t\t\t\t\t\t<div class='uagb-post__text uagb-post-grid-byline'>\n\t\t\t\t\t\t\t<\/div>\n\t\t\t\t\t\t<div class=\"uagb-post__text uagb-post__cta wp-block-button\">\n\t\t\t\t<a class=\"wp-block-button__link uagb-text-link\" style=\"\" href=\"https:\/\/assistproject.eu\/fr\/equal-pay-and-mothers-with-disabilities-breaking-barriers-to-economic-inclusion\/\" target=\"_self\" rel=\"bookmark noopener noreferrer\">Lire la suite<\/a>\n\t\t\t<\/div>\n\t\t\t\n\t\t\t\t\t\t\t\t\t<\/article>\n\t\t\t\t\t\t\t\t\t\t\t\t\t\t\t\t<article class=\"uagb-post__inner-wrap\">\t\t\t\t\t\t\t\t<h4 class=\"uagb-post__title uagb-post__text\">\n\t\t\t\t<a href=\"https:\/\/assistproject.eu\/fr\/children-of-parents-with-disabilities-inclusive-parenting-between-challenges-and-strengths\/\" target=\"_self\" rel=\"bookmark noopener noreferrer\">Children of Parents with Disabilities: Inclusive Parenting Between Challenges and Strengths<\/a>\n\t\t\t<\/h4>\n\t\t\t\t\t\t<div class='uagb-post__text uagb-post-grid-byline'>\n\t\t\t\t\t\t\t<\/div>\n\t\t\t\t\t\t<div class=\"uagb-post__text uagb-post__cta wp-block-button\">\n\t\t\t\t<a class=\"wp-block-button__link uagb-text-link\" style=\"\" href=\"https:\/\/assistproject.eu\/fr\/children-of-parents-with-disabilities-inclusive-parenting-between-challenges-and-strengths\/\" target=\"_self\" rel=\"bookmark noopener noreferrer\">Lire la suite<\/a>\n\t\t\t<\/div>\n\t\t\t\n\t\t\t\t\t\t\t\t\t<\/article>\n\t\t\t\t\t\t\t\t\t\t\t\t\t\t\t\t<article class=\"uagb-post__inner-wrap\">\t\t\t\t\t\t\t\t<h4 class=\"uagb-post__title uagb-post__text\">\n\t\t\t\t<a href=\"https:\/\/assistproject.eu\/fr\/successful-assist-meeting-held-in-dublin\/\" target=\"_self\" rel=\"bookmark noopener noreferrer\">Successful ASSIST meeting held in Dublin<\/a>\n\t\t\t<\/h4>\n\t\t\t\t\t\t<div class='uagb-post__text uagb-post-grid-byline'>\n\t\t\t\t\t\t\t<\/div>\n\t\t\t\t\t\t<div class=\"uagb-post__text uagb-post__cta wp-block-button\">\n\t\t\t\t<a class=\"wp-block-button__link uagb-text-link\" style=\"\" href=\"https:\/\/assistproject.eu\/fr\/successful-assist-meeting-held-in-dublin\/\" target=\"_self\" rel=\"bookmark noopener noreferrer\">Lire la suite<\/a>\n\t\t\t<\/div>\n\t\t\t\n\t\t\t\t\t\t\t\t\t<\/article>\n\t\t\t\t\t\t\t\t\t\t\t\t\t\t\t\t<article class=\"uagb-post__inner-wrap\">\t\t\t\t\t\t\t\t<h4 class=\"uagb-post__title uagb-post__text\">\n\t\t\t\t<a href=\"https:\/\/assistproject.eu\/fr\/celebrating-mothers-with-deafblindness-in-the-assist-project\/\" target=\"_self\" rel=\"bookmark noopener noreferrer\">Celebrating Mothers with Deafblindness in the ASSIST Project<\/a>\n\t\t\t<\/h4>\n\t\t\t\t\t\t<div class='uagb-post__text uagb-post-grid-byline'>\n\t\t\t\t\t\t\t<\/div>\n\t\t\t\t\t\t<div class=\"uagb-post__text uagb-post__cta wp-block-button\">\n\t\t\t\t<a class=\"wp-block-button__link uagb-text-link\" style=\"\" href=\"https:\/\/assistproject.eu\/fr\/celebrating-mothers-with-deafblindness-in-the-assist-project\/\" target=\"_self\" rel=\"bookmark noopener noreferrer\">Lire la suite<\/a>\n\t\t\t<\/div>\n\t\t\t\n\t\t\t\t\t\t\t\t\t<\/article>\n\t\t\t\t\t\t\t\t\t\t\t\t\t\t\t\t<article class=\"uagb-post__inner-wrap\">\t\t\t\t\t\t\t\t<div class='uagb-post__image'>\n\t\t\t\t\t\t\t\t\t<a href=\"https:\/\/assistproject.eu\/fr\/human-too-human\/\" target=\"_self\" rel=\"bookmark noopener noreferrer\" class='uagb-image-ratio-2-3'><img loading=\"lazy\" decoding=\"async\" width=\"1177\" height=\"588\" src=\"https:\/\/assistproject.eu\/wp-content\/uploads\/2025\/06\/Picture2.jpg\" class=\"attachment-full size-full\" alt=\"Picture2\" srcset=\"https:\/\/assistproject.eu\/wp-content\/uploads\/2025\/06\/Picture2.jpg 1177w, https:\/\/assistproject.eu\/wp-content\/uploads\/2025\/06\/Picture2-300x150.jpg 300w, https:\/\/assistproject.eu\/wp-content\/uploads\/2025\/06\/Picture2-1024x512.jpg 1024w, https:\/\/assistproject.eu\/wp-content\/uploads\/2025\/06\/Picture2-768x384.jpg 768w, https:\/\/assistproject.eu\/wp-content\/uploads\/2025\/06\/Picture2-200x100.jpg 200w\" sizes=\"auto, (max-width: 1177px) 100vw, 1177px\" \/>\t\t\t\t\t<\/a>\n\t\t\t\t\t\t\t<\/div>\n\t\t\t\t\t\t<h4 class=\"uagb-post__title uagb-post__text\">\n\t\t\t\t<a href=\"https:\/\/assistproject.eu\/fr\/human-too-human\/\" target=\"_self\" rel=\"bookmark noopener noreferrer\">\u201cHuman, too human\u201d<\/a>\n\t\t\t<\/h4>\n\t\t\t\t\t\t<div class='uagb-post__text uagb-post-grid-byline'>\n\t\t\t\t\t\t\t<\/div>\n\t\t\t\t\t\t<div class=\"uagb-post__text uagb-post__cta wp-block-button\">\n\t\t\t\t<a class=\"wp-block-button__link uagb-text-link\" style=\"\" href=\"https:\/\/assistproject.eu\/fr\/human-too-human\/\" target=\"_self\" rel=\"bookmark noopener noreferrer\">Lire la suite<\/a>\n\t\t\t<\/div>\n\t\t\t\n\t\t\t\t\t\t\t\t\t<\/article>\n\t\t\t\t\t\t\t\t\t\t\t\t\t\t\t\t<article class=\"uagb-post__inner-wrap\">\t\t\t\t\t\t\t\t<div class='uagb-post__image'>\n\t\t\t\t\t\t\t\t\t<a href=\"https:\/\/assistproject.eu\/fr\/beyond-the-rhetoric-bridging-the-maternal-healthcare-gap-for-women-with-disabilities\/\" target=\"_self\" rel=\"bookmark noopener noreferrer\" class='uagb-image-ratio-2-3'><img loading=\"lazy\" decoding=\"async\" width=\"624\" height=\"523\" src=\"https:\/\/assistproject.eu\/wp-content\/uploads\/2025\/03\/Picture1.png\" class=\"attachment-full size-full\" alt=\"Picture1\" srcset=\"https:\/\/assistproject.eu\/wp-content\/uploads\/2025\/03\/Picture1.png 624w, https:\/\/assistproject.eu\/wp-content\/uploads\/2025\/03\/Picture1-300x251.png 300w, https:\/\/assistproject.eu\/wp-content\/uploads\/2025\/03\/Picture1-200x168.png 200w\" sizes=\"auto, (max-width: 624px) 100vw, 624px\" \/>\t\t\t\t\t<\/a>\n\t\t\t\t\t\t\t<\/div>\n\t\t\t\t\t\t<h4 class=\"uagb-post__title uagb-post__text\">\n\t\t\t\t<a href=\"https:\/\/assistproject.eu\/fr\/beyond-the-rhetoric-bridging-the-maternal-healthcare-gap-for-women-with-disabilities\/\" target=\"_self\" rel=\"bookmark noopener noreferrer\">Beyond the Rhetoric: Bridging the Maternal Healthcare Gap for Women with Disabilities<\/a>\n\t\t\t<\/h4>\n\t\t\t\t\t\t<div class='uagb-post__text uagb-post-grid-byline'>\n\t\t\t\t\t\t\t<\/div>\n\t\t\t\t\t\t<div class=\"uagb-post__text uagb-post__cta wp-block-button\">\n\t\t\t\t<a class=\"wp-block-button__link uagb-text-link\" style=\"\" href=\"https:\/\/assistproject.eu\/fr\/beyond-the-rhetoric-bridging-the-maternal-healthcare-gap-for-women-with-disabilities\/\" target=\"_self\" rel=\"bookmark noopener noreferrer\">Lire la suite<\/a>\n\t\t\t<\/div>\n\t\t\t\n\t\t\t\t\t\t\t\t\t<\/article>\n\t\t\t\t\t\t\t\t\t\t\t\t\t\t\t\t<article class=\"uagb-post__inner-wrap\">\t\t\t\t\t\t\t\t<div class='uagb-post__image'>\n\t\t\t\t\t\t\t\t\t<a href=\"https:\/\/assistproject.eu\/fr\/the-assist-project-transnational-meeting-in-athens\/\" target=\"_self\" rel=\"bookmark noopener noreferrer\" class='uagb-image-ratio-2-3'><img loading=\"lazy\" decoding=\"async\" width=\"567\" height=\"756\" src=\"https:\/\/assistproject.eu\/wp-content\/uploads\/2025\/01\/Picture2.jpg\" class=\"attachment-full size-full\" alt=\"Picture2\" srcset=\"https:\/\/assistproject.eu\/wp-content\/uploads\/2025\/01\/Picture2.jpg 567w, https:\/\/assistproject.eu\/wp-content\/uploads\/2025\/01\/Picture2-225x300.jpg 225w, https:\/\/assistproject.eu\/wp-content\/uploads\/2025\/01\/Picture2-200x267.jpg 200w\" sizes=\"auto, (max-width: 567px) 100vw, 567px\" \/>\t\t\t\t\t<\/a>\n\t\t\t\t\t\t\t<\/div>\n\t\t\t\t\t\t<h4 class=\"uagb-post__title uagb-post__text\">\n\t\t\t\t<a href=\"https:\/\/assistproject.eu\/fr\/the-assist-project-transnational-meeting-in-athens\/\" target=\"_self\" rel=\"bookmark noopener noreferrer\">The ASSIST Project Transnational Meeting in Athens<\/a>\n\t\t\t<\/h4>\n\t\t\t\t\t\t<div class='uagb-post__text uagb-post-grid-byline'>\n\t\t\t\t\t\t\t<\/div>\n\t\t\t\t\t\t<div class=\"uagb-post__text uagb-post__cta wp-block-button\">\n\t\t\t\t<a class=\"wp-block-button__link uagb-text-link\" style=\"\" href=\"https:\/\/assistproject.eu\/fr\/the-assist-project-transnational-meeting-in-athens\/\" target=\"_self\" rel=\"bookmark noopener noreferrer\">Lire la suite<\/a>\n\t\t\t<\/div>\n\t\t\t\n\t\t\t\t\t\t\t\t\t<\/article>\n\t\t\t\t\t\t\t\t\t\t\t\t\t\t\t\t<article class=\"uagb-post__inner-wrap\">\t\t\t\t\t\t\t\t<div class='uagb-post__image'>\n\t\t\t\t\t\t\t\t\t<a href=\"https:\/\/assistproject.eu\/fr\/assist-kick-off-meeting-in-turin-10-11-april-2024\/\" target=\"_self\" rel=\"bookmark noopener noreferrer\" class='uagb-image-ratio-2-3'><img loading=\"lazy\" decoding=\"async\" width=\"527\" height=\"651\" src=\"https:\/\/assistproject.eu\/wp-content\/uploads\/2024\/06\/a1.jpg\" class=\"attachment-full size-full\" alt=\"a1\" srcset=\"https:\/\/assistproject.eu\/wp-content\/uploads\/2024\/06\/a1.jpg 527w, https:\/\/assistproject.eu\/wp-content\/uploads\/2024\/06\/a1-243x300.jpg 243w, https:\/\/assistproject.eu\/wp-content\/uploads\/2024\/06\/a1-200x247.jpg 200w\" sizes=\"auto, (max-width: 527px) 100vw, 527px\" \/>\t\t\t\t\t<\/a>\n\t\t\t\t\t\t\t<\/div>\n\t\t\t\t\t\t<h4 class=\"uagb-post__title uagb-post__text\">\n\t\t\t\t<a href=\"https:\/\/assistproject.eu\/fr\/assist-kick-off-meeting-in-turin-10-11-april-2024\/\" target=\"_self\" rel=\"bookmark noopener noreferrer\">R\u00e9union de lancement d'ASSIST \u00e0 Turin les 10 et 11 avril 2024<\/a>\n\t\t\t<\/h4>\n\t\t\t\t\t\t<div class='uagb-post__text uagb-post-grid-byline'>\n\t\t\t\t\t\t\t<\/div>\n\t\t\t\t\t\t<div class=\"uagb-post__text uagb-post__cta wp-block-button\">\n\t\t\t\t<a class=\"wp-block-button__link uagb-text-link\" style=\"\" href=\"https:\/\/assistproject.eu\/fr\/assist-kick-off-meeting-in-turin-10-11-april-2024\/\" target=\"_self\" rel=\"bookmark noopener noreferrer\">Lire la suite<\/a>\n\t\t\t<\/div>\n\t\t\t\n\t\t\t\t\t\t\t\t\t<\/article>\n\t\t\t\t\t\t\t\t\t\t\t<\/div>","protected":false},"excerpt":{"rendered":"","protected":false},"author":1,"featured_media":0,"parent":0,"menu_order":0,"comment_status":"closed","ping_status":"closed","template":"","meta":{"_uag_custom_page_level_css":"","footnotes":""},"class_list":["post-152","page","type-page","status-publish","hentry"],"yoast_head":"<!-- This site is optimized with the Yoast SEO plugin v22.7 - https:\/\/yoast.com\/wordpress\/plugins\/seo\/ -->\n<title>News &amp; Events | Assist<\/title>\n<meta name=\"robots\" content=\"index, follow, max-snippet:-1, max-image-preview:large, max-video-preview:-1\" \/>\n<link rel=\"canonical\" href=\"https:\/\/assistproject.eu\/fr\/news-events\/\" \/>\n<meta property=\"og:locale\" content=\"fr_FR\" \/>\n<meta property=\"og:type\" content=\"article\" \/>\n<meta property=\"og:title\" content=\"News &amp; Events | Assist\" \/>\n<meta property=\"og:url\" content=\"https:\/\/assistproject.eu\/fr\/news-events\/\" \/>\n<meta property=\"og:site_name\" content=\"Assist\" \/>\n<meta property=\"article:modified_time\" content=\"2025-04-14T14:11:42+00:00\" \/>\n<meta property=\"og:image\" content=\"https:\/\/assistproject.eu\/wp-content\/uploads\/2024\/05\/assist-logo.png\" \/>\n\t<meta property=\"og:image:width\" content=\"1570\" \/>\n\t<meta property=\"og:image:height\" content=\"771\" \/>\n\t<meta property=\"og:image:type\" content=\"image\/png\" \/>\n<meta name=\"twitter:card\" content=\"summary_large_image\" \/>\n<script type=\"application\/ld+json\" class=\"yoast-schema-graph\">{\"@context\":\"https:\/\/schema.org\",\"@graph\":[{\"@type\":\"WebPage\",\"@id\":\"https:\/\/assistproject.eu\/news-events\/\",\"url\":\"https:\/\/assistproject.eu\/news-events\/\",\"name\":\"News & Events | Assist\",\"isPartOf\":{\"@id\":\"https:\/\/assistproject.eu\/#website\"},\"datePublished\":\"2024-06-13T04:36:28+00:00\",\"dateModified\":\"2025-04-14T14:11:42+00:00\",\"breadcrumb\":{\"@id\":\"https:\/\/assistproject.eu\/news-events\/#breadcrumb\"},\"inLanguage\":\"fr-FR\",\"potentialAction\":[{\"@type\":\"ReadAction\",\"target\":[\"https:\/\/assistproject.eu\/news-events\/\"]}]},{\"@type\":\"BreadcrumbList\",\"@id\":\"https:\/\/assistproject.eu\/news-events\/#breadcrumb\",\"itemListElement\":[{\"@type\":\"ListItem\",\"position\":1,\"name\":\"Home\",\"item\":\"https:\/\/assistproject.eu\/\"},{\"@type\":\"ListItem\",\"position\":2,\"name\":\"News &#038; Events\"}]},{\"@type\":\"WebSite\",\"@id\":\"https:\/\/assistproject.eu\/#website\",\"url\":\"https:\/\/assistproject.eu\/\",\"name\":\"Assist\",\"description\":\"\",\"publisher\":{\"@id\":\"https:\/\/assistproject.eu\/#organization\"},\"potentialAction\":[{\"@type\":\"SearchAction\",\"target\":{\"@type\":\"EntryPoint\",\"urlTemplate\":\"https:\/\/assistproject.eu\/?s={search_term_string}\"},\"query-input\":\"required name=search_term_string\"}],\"inLanguage\":\"fr-FR\"},{\"@type\":\"Organization\",\"@id\":\"https:\/\/assistproject.eu\/#organization\",\"name\":\"Assist\",\"url\":\"https:\/\/assistproject.eu\/\",\"logo\":{\"@type\":\"ImageObject\",\"inLanguage\":\"fr-FR\",\"@id\":\"https:\/\/assistproject.eu\/#\/schema\/logo\/image\/\",\"url\":\"https:\/\/assistproject.eu\/wp-content\/uploads\/2024\/05\/assist-logo.png\",\"contentUrl\":\"https:\/\/assistproject.eu\/wp-content\/uploads\/2024\/05\/assist-logo.png\",\"width\":1570,\"height\":771,\"caption\":\"Assist\"},\"image\":{\"@id\":\"https:\/\/assistproject.eu\/#\/schema\/logo\/image\/\"}}]}<\/script>\n<!-- \/ Yoast SEO plugin. -->","yoast_head_json":{"title":"News & Events | Assist","robots":{"index":"index","follow":"follow","max-snippet":"max-snippet:-1","max-image-preview":"max-image-preview:large","max-video-preview":"max-video-preview:-1"},"canonical":"https:\/\/assistproject.eu\/fr\/news-events\/","og_locale":"fr_FR","og_type":"article","og_title":"News & Events | Assist","og_url":"https:\/\/assistproject.eu\/fr\/news-events\/","og_site_name":"Assist","article_modified_time":"2025-04-14T14:11:42+00:00","og_image":[{"width":1570,"height":771,"url":"https:\/\/assistproject.eu\/wp-content\/uploads\/2024\/05\/assist-logo.png","type":"image\/png"}],"twitter_card":"summary_large_image","schema":{"@context":"https:\/\/schema.org","@graph":[{"@type":"WebPage","@id":"https:\/\/assistproject.eu\/news-events\/","url":"https:\/\/assistproject.eu\/news-events\/","name":"News & Events | Assist","isPartOf":{"@id":"https:\/\/assistproject.eu\/#website"},"datePublished":"2024-06-13T04:36:28+00:00","dateModified":"2025-04-14T14:11:42+00:00","breadcrumb":{"@id":"https:\/\/assistproject.eu\/news-events\/#breadcrumb"},"inLanguage":"fr-FR","potentialAction":[{"@type":"ReadAction","target":["https:\/\/assistproject.eu\/news-events\/"]}]},{"@type":"BreadcrumbList","@id":"https:\/\/assistproject.eu\/news-events\/#breadcrumb","itemListElement":[{"@type":"ListItem","position":1,"name":"Home","item":"https:\/\/assistproject.eu\/"},{"@type":"ListItem","position":2,"name":"News &#038; Events"}]},{"@type":"WebSite","@id":"https:\/\/assistproject.eu\/#website","url":"https:\/\/assistproject.eu\/","name":"Assist","description":"","publisher":{"@id":"https:\/\/assistproject.eu\/#organization"},"potentialAction":[{"@type":"SearchAction","target":{"@type":"EntryPoint","urlTemplate":"https:\/\/assistproject.eu\/?s={search_term_string}"},"query-input":"required name=search_term_string"}],"inLanguage":"fr-FR"},{"@type":"Organization","@id":"https:\/\/assistproject.eu\/#organization","name":"Assist","url":"https:\/\/assistproject.eu\/","logo":{"@type":"ImageObject","inLanguage":"fr-FR","@id":"https:\/\/assistproject.eu\/#\/schema\/logo\/image\/","url":"https:\/\/assistproject.eu\/wp-content\/uploads\/2024\/05\/assist-logo.png","contentUrl":"https:\/\/assistproject.eu\/wp-content\/uploads\/2024\/05\/assist-logo.png","width":1570,"height":771,"caption":"Assist"},"image":{"@id":"https:\/\/assistproject.eu\/#\/schema\/logo\/image\/"}}]}},"uagb_featured_image_src":{"full":false,"thumbnail":false,"medium":false,"medium_large":false,"large":false,"1536x1536":false,"2048x2048":false,"trp-custom-language-flag":false,"depicter-thumbnail":false},"uagb_author_info":{"display_name":"admin","author_link":"https:\/\/assistproject.eu\/fr\/author\/assistwpadmn\/"},"uagb_comment_info":0,"uagb_excerpt":null,"_links":{"self":[{"href":"https:\/\/assistproject.eu\/fr\/wp-json\/wp\/v2\/pages\/152","targetHints":{"allow":["GET"]}}],"collection":[{"href":"https:\/\/assistproject.eu\/fr\/wp-json\/wp\/v2\/pages"}],"about":[{"href":"https:\/\/assistproject.eu\/fr\/wp-json\/wp\/v2\/types\/page"}],"author":[{"embeddable":true,"href":"https:\/\/assistproject.eu\/fr\/wp-json\/wp\/v2\/users\/1"}],"replies":[{"embeddable":true,"href":"https:\/\/assistproject.eu\/fr\/wp-json\/wp\/v2\/comments?post=152"}],"version-history":[{"count":0,"href":"https:\/\/assistproject.eu\/fr\/wp-json\/wp\/v2\/pages\/152\/revisions"}],"wp:attachment":[{"href":"https:\/\/assistproject.eu\/fr\/wp-json\/wp\/v2\/media?parent=152"}],"curies":[{"name":"wp","href":"https:\/\/api.w.org\/{rel}","templated":true}]}}