{"id":2,"date":"2024-05-20T06:22:45","date_gmt":"2024-05-20T06:22:45","guid":{"rendered":"https:\/\/assistproject.eu\/?page_id=2"},"modified":"2026-02-20T15:21:24","modified_gmt":"2026-02-20T15:21:24","slug":"home","status":"publish","type":"page","link":"https:\/\/assistproject.eu\/fr\/","title":{"rendered":"Home"},"content":{"rendered":"<style id=\"depicter-1-inline-pre-css\">\n\n.depicter-1:not(.depicter-ready){\n\theight:700px;\n}\n\n\/***** Tablet *****\/\n@media screen and (max-width: 1024px){\n\n.depicter-1:not(.depicter-ready){\n\theight:700px;\n}\n\n}\n\/***** Mobile *****\/\n@media screen and (max-width: 767px){\n\n.depicter-1:not(.depicter-ready){\n\theight:740px;\n}\n\n}\n<\/style>\n<div id=\"depicter-1\" class=\"depicter depicter-document depicter-revert depicter-1 depicter-layout-fullwidth\">\n\n<div class=\"depicter-loading-container depicter-loading dotFlashing-dark\"><div class=\"depicter-loading-dark depicter-dot-flashing\">\n   <span><\/span>\n   <span><\/span>\n   <span><\/span>\n<\/div>\n<\/div>\n<div id=\"depicter-1-section-1\" class=\"depicter-section depicter-1-section-1\" data-name=\"Section 1\" data-type=\"section\" data-local-id=\"section-1\">\n<picture class=\"depicter-bg\">\n<source data-depicter-srcset=\"https:\/\/assistproject.eu\/wp-content\/uploads\/2024\/05\/1-768x397.jpg, https:\/\/assistproject.eu\/wp-content\/uploads\/2024\/05\/1.jpg 2x\" srcset=\"data:image\/gif;base64,R0lGODlhAQABAIAAAAAAAP\/\/\/yH5BAEAAAAALAAAAAABAAEAAAIBRAA7\" media=\"(max-width: 1024px)\" \/>\n\n<source data-depicter-srcset=\"https:\/\/assistproject.eu\/wp-content\/uploads\/2024\/05\/1.jpg, https:\/\/assistproject.eu\/wp-content\/uploads\/2024\/05\/1-940x486.jpg 2x\" srcset=\"data:image\/gif;base64,R0lGODlhAQABAIAAAAAAAP\/\/\/yH5BAEAAAAALAAAAAABAAEAAAIBRAA7\" media=\"(min-width: 1025px)\" \/>\n<img decoding=\"async\" src=\"data:image\/gif;base64,R0lGODlhAQABAIAAAAAAAP\/\/\/yH5BAEAAAAALAAAAAABAAEAAAIBRAA7\" alt=\"1\" data-depicter-src=\"https:\/\/assistproject.eu\/wp-content\/uploads\/2024\/05\/1.jpg\" \/>\n<\/picture>\n\n\n<h2 id=\"depicter-1-element-4\" class=\"depicter-element depicter-layer depicter-1-element-4\" data-type=\"text\" data-wrap=\"true\" data-name=\"Text 1\" data-local-id=\"element-4\" data-offset=\"x:0px;y:5px;origin:mc\" data-tablet-offset=\"x:121px;y:312px;origin:tl\" data-mobile-offset=\"x:0px;y:308px;origin:tl\" data-width=\"750px,782px,360px\" data-height=\"auto,auto,auto\" data-responsive-scale=\"true,,\">heAlthcare incluSion of motherS wIth diSabiliTy\u200b<\/h2>\n<\/div>\n<\/div>\n<script>\n(window.depicterSetups = window.depicterSetups || []).push(function(){\n\tDepicter.basePath = 'https:\/\/assistproject.eu\/wp-content\/plugins\/depicter\/resources\/scripts\/player\/';\n\tconst dpPlayer = Depicter.setup('.depicter-1',\n\t\t{\"width\":[\"1280\",\"1024\",\"360\"],\"height\":[\"700\",\"700\",\"740\"],\"view\":\"basic\",\"keepAspectRatio\":true,\"preload\":0,\"layout\":\"fullwidth\",\"rtl\":false,\"initAfterAppear\":false,\"ajaxApiUrl\":\"https:\\\/\\\/assistproject.eu\\\/wp-admin\\\/admin-ajax.php\",\"mouseSwipe\":true,\"touchSwipe\":true,\"useWatermark\":false}\n\t);\n});\n<\/script>\n\n\n\n<div class=\"wp-block-uagb-container section-1 uagb-block-caf6ba2e alignfull uagb-is-root-container\"><div class=\"uagb-container-inner-blocks-wrap\">\n<div class=\"wp-block-uagb-container uagb-block-9f61df48\">\n<div class=\"wp-block-uagb-container uagb-block-a13b2bb8 alignfull uagb-is-root-container\"><div class=\"uagb-container-inner-blocks-wrap\">\n<div class=\"wp-block-uagb-container uagb-block-fd407dba\">\n<h2 class=\"wp-block-heading\">\u00c0 propos<\/h2>\n<\/div>\n\n\n\n<div class=\"wp-block-uagb-container uagb-block-8e9630e3\">\n<a href=\"\/fr\/about\/\" class=\"main-btn\">Apprendre encore plus<\/a>\n<\/div>\n<\/div><\/div>\n\n\n\n<p>Le projet ASSIST est une initiative de trois ans, cofinanc\u00e9e par l\u2019Union europ\u00e9enne dans le cadre du programme Erasmus+. Il vise principalement \u00e0 r\u00e9duire la discrimination et les pr\u00e9jug\u00e9s comportementaux chez les professionnels de sant\u00e9, notamment les m\u00e9decins, les infirmi\u00e8res, les ambulanciers et les psychologues, lorsqu\u2019ils accompagnent des femmes en situation de handicap \u00e0 toutes les \u00e9tapes de la maternit\u00e9.<\/p>\n\n\n\n<p>L\u2019objectif du projet est de favoriser des services de sant\u00e9 accueillants et inclusifs pour les m\u00e8res et les femmes en situation de handicap. Ce but sera atteint en formant des \u00e9tudiants en m\u00e9decine et des professionnels de la sant\u00e9, soutenus par un \u00e9cosyst\u00e8me num\u00e9rique hautement innovant. Une approche holistique guidera le projet, offrant un programme de formation tourn\u00e9 vers l\u2019avenir pour les prestataires de soins de sant\u00e9 actuels et futurs, ainsi que des activit\u00e9s de sensibilisation et de plaidoyer pour renforcer la capacit\u00e9 des ONG \u00e0 conduire des changements de politique.<\/p>\n\n\n\n<p>L\u2019objectif est de favoriser un comportement plus positif et inclusif parmi les professionnels de la sant\u00e9 envers les m\u00e8res en situation de handicap, en reconnaissant que les facteurs sociaux et les attitudes jouent un r\u00f4le cl\u00e9 dans l\u2019impact de leur exp\u00e9rience.<\/p>\n\n\n\n<p>L\u2019objectif est de favoriser un comportement plus positif et inclusif parmi les professionnels de la sant\u00e9 envers les m\u00e8res en situation de handicap, en reconnaissant que les facteurs sociaux et les attitudes jouent un r\u00f4le cl\u00e9 dans l\u2019impact de leur exp\u00e9rience.<\/p>\n\n\n\n<p>Agreement Number: 101134558<\/p>\n<\/div>\n\n\n\n<div class=\"wp-block-uagb-container uagb-block-cc3c5545\">\n<figure class=\"wp-block-image size-full\"><img loading=\"lazy\" decoding=\"async\" width=\"544\" height=\"668\" src=\"https:\/\/assistproject.eu\/wp-content\/uploads\/2024\/05\/2.jpg\" alt=\"2\" class=\"wp-image-25\" srcset=\"https:\/\/assistproject.eu\/wp-content\/uploads\/2024\/05\/2.jpg 544w, https:\/\/assistproject.eu\/wp-content\/uploads\/2024\/05\/2-244x300.jpg 244w, https:\/\/assistproject.eu\/wp-content\/uploads\/2024\/05\/2-200x246.jpg 200w\" sizes=\"auto, (max-width: 544px) 100vw, 544px\" \/><\/figure>\n<\/div>\n<\/div><\/div>\n\n\n\n<div class=\"wp-block-uagb-container section-2-a uagb-block-6173069f alignfull uagb-is-root-container\"><div class=\"uagb-container-inner-blocks-wrap\">\n<div class=\"wp-block-uagb-container uagb-block-ada267ab\">\n<div class=\"wp-block-uagb-container uagb-block-b02fd58a alignfull uagb-is-root-container\"><div class=\"uagb-container-inner-blocks-wrap\">\n<div class=\"wp-block-uagb-container uagb-block-d88686ce\">\n<h2 class=\"wp-block-heading\" style=\"white-space: nowrap;\">Dur\u00e9e et budget<\/h2>\n<\/div>\n\n\n\n<div class=\"wp-block-uagb-container uagb-block-205c7255\">\n<p><\/p>\n<\/div>\n<\/div><\/div>\n\n\n\n<p>Le projet durera 36 mois, du 1er janvier 2024 au 31 d\u00e9cembre 2026 avec un budget total de 250 000 \u20ac.<\/p>\n<\/div>\n\n\n\n<div class=\"wp-block-uagb-container uagb-block-bcb58883\"><\/div>\n<\/div><\/div>\n\n\n\n<div class=\"wp-block-uagb-container section-2-c uagb-block-55e0b45a alignfull uagb-is-root-container\"><div class=\"uagb-container-inner-blocks-wrap\">\n<div class=\"wp-block-uagb-container uagb-block-2e315ef8\">\n<div class=\"wp-block-uagb-container uagb-block-a8ca0327 alignfull uagb-is-root-container\"><div class=\"uagb-container-inner-blocks-wrap\">\n<div class=\"wp-block-uagb-container uagb-block-42eb67a9\">\n<h2 class=\"wp-block-heading\">Partenaires<\/h2>\n<\/div>\n\n\n\n<div class=\"wp-block-uagb-container uagb-block-b82d900f\">\n<p><\/p>\n<\/div>\n<\/div><\/div>\n\n\n\n<p>Le projet ASSIST a r\u00e9uni un consortium de trois \u00e9tablissements d\u2019enseignement sup\u00e9rieur d\u2019Italie et de Gr\u00e8ce, ainsi que sept organisations de toute l\u2019UE (Gr\u00e8ce, Belgique, Italie et Irlande) qui se concentrent sur les droits des m\u00e8res, les personnes en situation de handicap, l\u2019\u00e9ducation et l\u2019innovation num\u00e9rique. Au total, le projet comprend 10 partenaires de quatre pays.<\/p>\n<\/div>\n\n\n\n<div class=\"wp-block-uagb-container uagb-block-9e41af7d\"><\/div>\n<\/div><\/div>\n\n\n\n<div class=\"wp-block-uagb-container section-2-b uagb-block-573d26d3 alignfull uagb-is-root-container\"><div class=\"uagb-container-inner-blocks-wrap\">\n<div class=\"wp-block-uagb-container uagb-block-f523ebb6 alignfull uagb-is-root-container\"><div class=\"uagb-container-inner-blocks-wrap\">\n<div class=\"wp-block-uagb-container uagb-block-a20bcdb2\">\n<figure class=\"wp-block-image size-full\"><a href=\"https:\/\/makemothersmatter.org\/\" target=\"_blank\" rel=\"noreferrer noopener\"><img loading=\"lazy\" decoding=\"async\" width=\"350\" height=\"242\" src=\"https:\/\/assistproject.eu\/wp-content\/uploads\/2024\/05\/mmm.png\" alt=\"mmm\" class=\"wp-image-51\" srcset=\"https:\/\/assistproject.eu\/wp-content\/uploads\/2024\/05\/mmm.png 350w, https:\/\/assistproject.eu\/wp-content\/uploads\/2024\/05\/mmm-300x207.png 300w, https:\/\/assistproject.eu\/wp-content\/uploads\/2024\/05\/mmm-200x138.png 200w\" sizes=\"auto, (max-width: 350px) 100vw, 350px\" \/><\/a><\/figure>\n<\/div>\n\n\n\n<div class=\"wp-block-uagb-container uagb-block-a8cf0cd7\">\n<figure class=\"wp-block-image size-full\"><a href=\"https:\/\/en.uoa.gr\/\" target=\"_blank\" rel=\"noreferrer noopener\"><img loading=\"lazy\" decoding=\"async\" width=\"350\" height=\"242\" src=\"https:\/\/assistproject.eu\/wp-content\/uploads\/2024\/05\/ekpa.png\" alt=\"ekpa\" class=\"wp-image-52\" srcset=\"https:\/\/assistproject.eu\/wp-content\/uploads\/2024\/05\/ekpa.png 350w, https:\/\/assistproject.eu\/wp-content\/uploads\/2024\/05\/ekpa-300x207.png 300w, https:\/\/assistproject.eu\/wp-content\/uploads\/2024\/05\/ekpa-200x138.png 200w\" sizes=\"auto, (max-width: 350px) 100vw, 350px\" \/><\/a><\/figure>\n<\/div>\n\n\n\n<div class=\"wp-block-uagb-container uagb-block-29ae0abf\">\n<figure class=\"wp-block-image size-full\"><a href=\"https:\/\/www.unito.it\/\" target=\"_blank\" rel=\"noreferrer noopener\"><img loading=\"lazy\" decoding=\"async\" width=\"350\" height=\"242\" src=\"https:\/\/assistproject.eu\/wp-content\/uploads\/2024\/05\/torino.png\" alt=\"torino\" class=\"wp-image-53\" srcset=\"https:\/\/assistproject.eu\/wp-content\/uploads\/2024\/05\/torino.png 350w, https:\/\/assistproject.eu\/wp-content\/uploads\/2024\/05\/torino-300x207.png 300w, https:\/\/assistproject.eu\/wp-content\/uploads\/2024\/05\/torino-200x138.png 200w\" sizes=\"auto, (max-width: 350px) 100vw, 350px\" \/><\/a><\/figure>\n<\/div>\n\n\n\n<div class=\"wp-block-uagb-container uagb-block-e5c55048\">\n<figure class=\"wp-block-image size-full\"><a href=\"https:\/\/www.redialpartnership.org\/\" target=\"_blank\" rel=\"noreferrer noopener\"><img loading=\"lazy\" decoding=\"async\" width=\"350\" height=\"242\" src=\"https:\/\/assistproject.eu\/wp-content\/uploads\/2024\/05\/redial.png\" alt=\"redial\" class=\"wp-image-59\" srcset=\"https:\/\/assistproject.eu\/wp-content\/uploads\/2024\/05\/redial.png 350w, https:\/\/assistproject.eu\/wp-content\/uploads\/2024\/05\/redial-300x207.png 300w, https:\/\/assistproject.eu\/wp-content\/uploads\/2024\/05\/redial-200x138.png 200w\" sizes=\"auto, (max-width: 350px) 100vw, 350px\" \/><\/a><\/figure>\n<\/div>\n<\/div><\/div>\n\n\n\n<div class=\"wp-block-uagb-container uagb-block-87dcec91 alignfull uagb-is-root-container\"><div class=\"uagb-container-inner-blocks-wrap\">\n<div class=\"wp-block-uagb-container uagb-block-9be039e4\">\n<figure class=\"wp-block-image size-full\"><a href=\"https:\/\/www.unisa.it\/\" target=\"_blank\" rel=\"noreferrer noopener\"><img loading=\"lazy\" decoding=\"async\" width=\"350\" height=\"242\" src=\"https:\/\/assistproject.eu\/wp-content\/uploads\/2024\/05\/dipmed.png\" alt=\"dipmed\" class=\"wp-image-56\" srcset=\"https:\/\/assistproject.eu\/wp-content\/uploads\/2024\/05\/dipmed.png 350w, https:\/\/assistproject.eu\/wp-content\/uploads\/2024\/05\/dipmed-300x207.png 300w, https:\/\/assistproject.eu\/wp-content\/uploads\/2024\/05\/dipmed-200x138.png 200w\" sizes=\"auto, (max-width: 350px) 100vw, 350px\" \/><\/a><\/figure>\n<\/div>\n\n\n\n<div class=\"wp-block-uagb-container uagb-block-5324a1cf\">\n<figure class=\"wp-block-image size-full\"><a href=\"https:\/\/read-lab.eu\/\" target=\"_blank\" rel=\"noreferrer noopener\"><img loading=\"lazy\" decoding=\"async\" width=\"350\" height=\"242\" src=\"https:\/\/assistproject.eu\/wp-content\/uploads\/2024\/05\/readlab.png\" alt=\"readlab\" class=\"wp-image-55\" srcset=\"https:\/\/assistproject.eu\/wp-content\/uploads\/2024\/05\/readlab.png 350w, https:\/\/assistproject.eu\/wp-content\/uploads\/2024\/05\/readlab-300x207.png 300w, https:\/\/assistproject.eu\/wp-content\/uploads\/2024\/05\/readlab-200x138.png 200w\" sizes=\"auto, (max-width: 350px) 100vw, 350px\" \/><\/a><\/figure>\n<\/div>\n\n\n\n<div class=\"wp-block-uagb-container uagb-block-56230650\">\n<figure class=\"wp-block-image size-full\"><a href=\"https:\/\/symplexis.eu\/\" target=\"_blank\" rel=\"noreferrer noopener\"><img loading=\"lazy\" decoding=\"async\" width=\"350\" height=\"242\" src=\"https:\/\/assistproject.eu\/wp-content\/uploads\/2024\/05\/symplexis.png\" alt=\"symplexis\" class=\"wp-image-54\" srcset=\"https:\/\/assistproject.eu\/wp-content\/uploads\/2024\/05\/symplexis.png 350w, https:\/\/assistproject.eu\/wp-content\/uploads\/2024\/05\/symplexis-300x207.png 300w, https:\/\/assistproject.eu\/wp-content\/uploads\/2024\/05\/symplexis-200x138.png 200w\" sizes=\"auto, (max-width: 350px) 100vw, 350px\" \/><\/a><\/figure>\n<\/div>\n\n\n\n<div class=\"wp-block-uagb-container uagb-block-b88e21f7\">\n<figure class=\"wp-block-image size-full\"><a href=\"https:\/\/brussels.read-lab.eu\/\" target=\"_blank\" rel=\"noreferrer noopener\"><img loading=\"lazy\" decoding=\"async\" width=\"350\" height=\"242\" src=\"https:\/\/assistproject.eu\/wp-content\/uploads\/2024\/06\/brussels.png\" alt=\"brussels\" class=\"wp-image-132\" srcset=\"https:\/\/assistproject.eu\/wp-content\/uploads\/2024\/06\/brussels.png 350w, https:\/\/assistproject.eu\/wp-content\/uploads\/2024\/06\/brussels-300x207.png 300w, https:\/\/assistproject.eu\/wp-content\/uploads\/2024\/06\/brussels-200x138.png 200w\" sizes=\"auto, (max-width: 350px) 100vw, 350px\" \/><\/a><\/figure>\n<\/div>\n<\/div><\/div>\n\n\n\n<div class=\"wp-block-uagb-container uagb-block-1ea78ee0 alignfull uagb-is-root-container\"><div class=\"uagb-container-inner-blocks-wrap\">\n<div class=\"wp-block-uagb-container uagb-block-31ec6376\"><\/div>\n\n\n\n<div class=\"wp-block-uagb-container uagb-block-5b9eb91d\">\n<figure class=\"wp-block-image size-full\"><a href=\"https:\/\/cesie.org\/en\/\" target=\"_blank\" rel=\"noreferrer noopener\"><img loading=\"lazy\" decoding=\"async\" width=\"350\" height=\"242\" src=\"https:\/\/assistproject.eu\/wp-content\/uploads\/2024\/05\/cesie.png\" alt=\"cesie\" class=\"wp-image-58\" srcset=\"https:\/\/assistproject.eu\/wp-content\/uploads\/2024\/05\/cesie.png 350w, https:\/\/assistproject.eu\/wp-content\/uploads\/2024\/05\/cesie-300x207.png 300w, https:\/\/assistproject.eu\/wp-content\/uploads\/2024\/05\/cesie-200x138.png 200w\" sizes=\"auto, (max-width: 350px) 100vw, 350px\" \/><\/a><\/figure>\n<\/div>\n\n\n\n<div class=\"wp-block-uagb-container uagb-block-d2d17967\">\n<figure class=\"wp-block-image size-full\"><a href=\"https:\/\/wfdb.eu\/\"><img loading=\"lazy\" decoding=\"async\" width=\"350\" height=\"242\" src=\"https:\/\/assistproject.eu\/wp-content\/uploads\/2024\/12\/wfdb.png\" alt=\"wfdb\" class=\"wp-image-331\" srcset=\"https:\/\/assistproject.eu\/wp-content\/uploads\/2024\/12\/wfdb.png 350w, https:\/\/assistproject.eu\/wp-content\/uploads\/2024\/12\/wfdb-300x207.png 300w, https:\/\/assistproject.eu\/wp-content\/uploads\/2024\/12\/wfdb-200x138.png 200w\" sizes=\"auto, (max-width: 350px) 100vw, 350px\" \/><\/a><\/figure>\n<\/div>\n\n\n\n<div class=\"wp-block-uagb-container uagb-block-e738afe0\"><\/div>\n<\/div><\/div>\n<\/div><\/div>","protected":false},"excerpt":{"rendered":"<p>About Learn More The ASSIST project is<\/p>","protected":false},"author":1,"featured_media":0,"parent":0,"menu_order":0,"comment_status":"closed","ping_status":"closed","template":"page-fluid.php","meta":{"_uag_custom_page_level_css":"","footnotes":""},"class_list":["post-2","page","type-page","status-publish","hentry"],"yoast_head":"<!-- This site is optimized with the Yoast SEO plugin v22.7 - https:\/\/yoast.com\/wordpress\/plugins\/seo\/ -->\n<title>Home | Assist<\/title>\n<meta name=\"robots\" content=\"index, follow, max-snippet:-1, max-image-preview:large, max-video-preview:-1\" \/>\n<link rel=\"canonical\" href=\"https:\/\/assistproject.eu\/fr\/\" \/>\n<meta property=\"og:locale\" content=\"fr_FR\" \/>\n<meta property=\"og:type\" content=\"article\" \/>\n<meta property=\"og:title\" content=\"Home | Assist\" \/>\n<meta property=\"og:description\" content=\"About Learn More The ASSIST project is\" \/>\n<meta property=\"og:url\" content=\"https:\/\/assistproject.eu\/fr\/\" \/>\n<meta property=\"og:site_name\" content=\"Assist\" \/>\n<meta property=\"article:modified_time\" content=\"2026-02-20T15:21:24+00:00\" \/>\n<meta property=\"og:image\" content=\"https:\/\/assistproject.eu\/wp-content\/uploads\/2024\/05\/2.jpg\" \/>\n<meta name=\"twitter:card\" content=\"summary_large_image\" \/>\n<meta name=\"twitter:label1\" content=\"Dur\u00e9e de lecture estim\u00e9e\" \/>\n\t<meta name=\"twitter:data1\" content=\"4 minutes\" \/>\n<script type=\"application\/ld+json\" class=\"yoast-schema-graph\">{\"@context\":\"https:\/\/schema.org\",\"@graph\":[{\"@type\":\"WebPage\",\"@id\":\"https:\/\/assistproject.eu\/\",\"url\":\"https:\/\/assistproject.eu\/\",\"name\":\"Home | Assist\",\"isPartOf\":{\"@id\":\"https:\/\/assistproject.eu\/#website\"},\"primaryImageOfPage\":{\"@id\":\"https:\/\/assistproject.eu\/#primaryimage\"},\"image\":{\"@id\":\"https:\/\/assistproject.eu\/#primaryimage\"},\"thumbnailUrl\":\"https:\/\/assistproject.eu\/wp-content\/uploads\/2024\/05\/2.jpg\",\"datePublished\":\"2024-05-20T06:22:45+00:00\",\"dateModified\":\"2026-02-20T15:21:24+00:00\",\"breadcrumb\":{\"@id\":\"https:\/\/assistproject.eu\/#breadcrumb\"},\"inLanguage\":\"fr-FR\",\"potentialAction\":[{\"@type\":\"ReadAction\",\"target\":[\"https:\/\/assistproject.eu\/\"]}]},{\"@type\":\"ImageObject\",\"inLanguage\":\"fr-FR\",\"@id\":\"https:\/\/assistproject.eu\/#primaryimage\",\"url\":\"https:\/\/assistproject.eu\/wp-content\/uploads\/2024\/05\/2.jpg\",\"contentUrl\":\"https:\/\/assistproject.eu\/wp-content\/uploads\/2024\/05\/2.jpg\"},{\"@type\":\"BreadcrumbList\",\"@id\":\"https:\/\/assistproject.eu\/#breadcrumb\",\"itemListElement\":[{\"@type\":\"ListItem\",\"position\":1,\"name\":\"Home\",\"item\":\"https:\/\/assistproject.eu\/\"},{\"@type\":\"ListItem\",\"position\":2,\"name\":\"Home\"}]},{\"@type\":\"WebSite\",\"@id\":\"https:\/\/assistproject.eu\/#website\",\"url\":\"https:\/\/assistproject.eu\/\",\"name\":\"Assist\",\"description\":\"\",\"publisher\":{\"@id\":\"https:\/\/assistproject.eu\/#organization\"},\"potentialAction\":[{\"@type\":\"SearchAction\",\"target\":{\"@type\":\"EntryPoint\",\"urlTemplate\":\"https:\/\/assistproject.eu\/?s={search_term_string}\"},\"query-input\":\"required name=search_term_string\"}],\"inLanguage\":\"fr-FR\"},{\"@type\":\"Organization\",\"@id\":\"https:\/\/assistproject.eu\/#organization\",\"name\":\"Assist\",\"url\":\"https:\/\/assistproject.eu\/\",\"logo\":{\"@type\":\"ImageObject\",\"inLanguage\":\"fr-FR\",\"@id\":\"https:\/\/assistproject.eu\/#\/schema\/logo\/image\/\",\"url\":\"https:\/\/assistproject.eu\/wp-content\/uploads\/2024\/05\/assist-logo.png\",\"contentUrl\":\"https:\/\/assistproject.eu\/wp-content\/uploads\/2024\/05\/assist-logo.png\",\"width\":1570,\"height\":771,\"caption\":\"Assist\"},\"image\":{\"@id\":\"https:\/\/assistproject.eu\/#\/schema\/logo\/image\/\"}}]}<\/script>\n<!-- \/ Yoast SEO plugin. -->","yoast_head_json":{"title":"Home | Assist","robots":{"index":"index","follow":"follow","max-snippet":"max-snippet:-1","max-image-preview":"max-image-preview:large","max-video-preview":"max-video-preview:-1"},"canonical":"https:\/\/assistproject.eu\/fr\/","og_locale":"fr_FR","og_type":"article","og_title":"Home | Assist","og_description":"About Learn More The ASSIST project is","og_url":"https:\/\/assistproject.eu\/fr\/","og_site_name":"Assist","article_modified_time":"2026-02-20T15:21:24+00:00","og_image":[{"url":"https:\/\/assistproject.eu\/wp-content\/uploads\/2024\/05\/2.jpg"}],"twitter_card":"summary_large_image","twitter_misc":{"Dur\u00e9e de lecture estim\u00e9e":"4 minutes"},"schema":{"@context":"https:\/\/schema.org","@graph":[{"@type":"WebPage","@id":"https:\/\/assistproject.eu\/","url":"https:\/\/assistproject.eu\/","name":"Home | Assist","isPartOf":{"@id":"https:\/\/assistproject.eu\/#website"},"primaryImageOfPage":{"@id":"https:\/\/assistproject.eu\/#primaryimage"},"image":{"@id":"https:\/\/assistproject.eu\/#primaryimage"},"thumbnailUrl":"https:\/\/assistproject.eu\/wp-content\/uploads\/2024\/05\/2.jpg","datePublished":"2024-05-20T06:22:45+00:00","dateModified":"2026-02-20T15:21:24+00:00","breadcrumb":{"@id":"https:\/\/assistproject.eu\/#breadcrumb"},"inLanguage":"fr-FR","potentialAction":[{"@type":"ReadAction","target":["https:\/\/assistproject.eu\/"]}]},{"@type":"ImageObject","inLanguage":"fr-FR","@id":"https:\/\/assistproject.eu\/#primaryimage","url":"https:\/\/assistproject.eu\/wp-content\/uploads\/2024\/05\/2.jpg","contentUrl":"https:\/\/assistproject.eu\/wp-content\/uploads\/2024\/05\/2.jpg"},{"@type":"BreadcrumbList","@id":"https:\/\/assistproject.eu\/#breadcrumb","itemListElement":[{"@type":"ListItem","position":1,"name":"Home","item":"https:\/\/assistproject.eu\/"},{"@type":"ListItem","position":2,"name":"Home"}]},{"@type":"WebSite","@id":"https:\/\/assistproject.eu\/#website","url":"https:\/\/assistproject.eu\/","name":"Assist","description":"","publisher":{"@id":"https:\/\/assistproject.eu\/#organization"},"potentialAction":[{"@type":"SearchAction","target":{"@type":"EntryPoint","urlTemplate":"https:\/\/assistproject.eu\/?s={search_term_string}"},"query-input":"required name=search_term_string"}],"inLanguage":"fr-FR"},{"@type":"Organization","@id":"https:\/\/assistproject.eu\/#organization","name":"Assist","url":"https:\/\/assistproject.eu\/","logo":{"@type":"ImageObject","inLanguage":"fr-FR","@id":"https:\/\/assistproject.eu\/#\/schema\/logo\/image\/","url":"https:\/\/assistproject.eu\/wp-content\/uploads\/2024\/05\/assist-logo.png","contentUrl":"https:\/\/assistproject.eu\/wp-content\/uploads\/2024\/05\/assist-logo.png","width":1570,"height":771,"caption":"Assist"},"image":{"@id":"https:\/\/assistproject.eu\/#\/schema\/logo\/image\/"}}]}},"uagb_featured_image_src":{"full":false,"thumbnail":false,"medium":false,"medium_large":false,"large":false,"1536x1536":false,"2048x2048":false,"trp-custom-language-flag":false,"depicter-thumbnail":false},"uagb_author_info":{"display_name":"admin","author_link":"https:\/\/assistproject.eu\/fr\/author\/assistwpadmn\/"},"uagb_comment_info":0,"uagb_excerpt":"About Learn More The ASSIST project is","_links":{"self":[{"href":"https:\/\/assistproject.eu\/fr\/wp-json\/wp\/v2\/pages\/2","targetHints":{"allow":["GET"]}}],"collection":[{"href":"https:\/\/assistproject.eu\/fr\/wp-json\/wp\/v2\/pages"}],"about":[{"href":"https:\/\/assistproject.eu\/fr\/wp-json\/wp\/v2\/types\/page"}],"author":[{"embeddable":true,"href":"https:\/\/assistproject.eu\/fr\/wp-json\/wp\/v2\/users\/1"}],"replies":[{"embeddable":true,"href":"https:\/\/assistproject.eu\/fr\/wp-json\/wp\/v2\/comments?post=2"}],"version-history":[{"count":0,"href":"https:\/\/assistproject.eu\/fr\/wp-json\/wp\/v2\/pages\/2\/revisions"}],"wp:attachment":[{"href":"https:\/\/assistproject.eu\/fr\/wp-json\/wp\/v2\/media?parent=2"}],"curies":[{"name":"wp","href":"https:\/\/api.w.org\/{rel}","templated":true}]}}