{"id":277,"date":"2024-12-05T14:47:16","date_gmt":"2024-12-05T14:47:16","guid":{"rendered":"https:\/\/assistproject.eu\/?page_id=277"},"modified":"2025-11-12T17:47:23","modified_gmt":"2025-11-12T17:47:23","slug":"assist-digital-ecosystem","status":"publish","type":"page","link":"https:\/\/assistproject.eu\/fr\/assist-digital-ecosystem\/","title":{"rendered":"Assister l'\u00e9cosyst\u00e8me num\u00e9rique"},"content":{"rendered":"<div class=\"wp-block-uagb-container uagb-block-99853cfe alignfull uagb-is-root-container\"><div class=\"uagb-container-inner-blocks-wrap\">\n<div class=\"wp-block-uagb-container justified uagb-block-6c354be7\">\n<p>L'\u00e9cosyst\u00e8me num\u00e9rique ASSIST se compose d'un environnement d'apprentissage virtuel (VLE), de cours de micro-accr\u00e9ditation et d'une simulation 3D d'un environnement clinique inclusif.<\/p>\n\n\n\n<p>L'\u00e9cosyst\u00e8me num\u00e9rique comprend six modules accessibles aux apprenants sous forme de cours num\u00e9riques sur la plateforme VLE du projet ainsi que des cours de micro-accr\u00e9ditations propos\u00e9s par les \u00e9tablissements d'enseignement sup\u00e9rieur (EES) participants.<\/p>\n\n\n\n<p>\u200bUne simulation 3D compl\u00e8te l'\u00e9cosyst\u00e8me num\u00e9rique en utilisant des applications immersives, pour former les apprenants \u00e0 une pratique inclusive dans un cadre clinique.<\/p>\n\n\n\n<p>Cliquez <a href=\"https:\/\/elearning.assistproject.eu\/\" target=\"_blank\" rel=\"noreferrer noopener\">ici<\/a><strong>\u00a0<\/strong>pour acc\u00e9der \u00e0 l'ASSIST VLE<\/p>\n<\/div>\n\n\n\n<div class=\"wp-block-uagb-container uagb-block-6416a8fa\">\n<div class=\"wp-block-uagb-image uagb-block-7eac48f2 wp-block-uagb-image--layout-default wp-block-uagb-image--effect-static wp-block-uagb-image--align-none\"><figure class=\"wp-block-uagb-image__figure\"><img decoding=\"async\" srcset=\"https:\/\/assistproject.eu\/wp-content\/uploads\/2024\/05\/8.jpg ,https:\/\/assistproject.eu\/wp-content\/uploads\/2024\/05\/8.jpg 780w, https:\/\/assistproject.eu\/wp-content\/uploads\/2024\/05\/8.jpg 360w\" sizes=\"auto, (max-width: 480px) 150px\" src=\"https:\/\/assistproject.eu\/wp-content\/uploads\/2024\/05\/8.jpg\" alt=\"8\" class=\"uag-image-115\" width=\"432\" height=\"500\" title=\"8\" loading=\"lazy\" role=\"img\"\/><\/figure><\/div>\n<\/div>\n<\/div><\/div>","protected":false},"excerpt":{"rendered":"<p>The ASSIST Digital Ecosystem consists of a<\/p>","protected":false},"author":1,"featured_media":0,"parent":0,"menu_order":0,"comment_status":"closed","ping_status":"closed","template":"","meta":{"_uag_custom_page_level_css":"","footnotes":""},"class_list":["post-277","page","type-page","status-publish","hentry"],"yoast_head":"<!-- This site is optimized with the Yoast SEO plugin v22.7 - https:\/\/yoast.com\/wordpress\/plugins\/seo\/ -->\n<title>Assist Digital Ecosystem | Assist<\/title>\n<meta name=\"robots\" content=\"index, follow, max-snippet:-1, max-image-preview:large, max-video-preview:-1\" \/>\n<link rel=\"canonical\" href=\"https:\/\/assistproject.eu\/fr\/assist-digital-ecosystem\/\" \/>\n<meta property=\"og:locale\" content=\"fr_FR\" \/>\n<meta property=\"og:type\" content=\"article\" \/>\n<meta property=\"og:title\" content=\"Assist Digital Ecosystem | Assist\" \/>\n<meta property=\"og:description\" content=\"The ASSIST Digital Ecosystem consists of a\" \/>\n<meta property=\"og:url\" content=\"https:\/\/assistproject.eu\/fr\/assist-digital-ecosystem\/\" \/>\n<meta property=\"og:site_name\" content=\"Assist\" \/>\n<meta property=\"article:modified_time\" content=\"2025-11-12T17:47:23+00:00\" \/>\n<meta property=\"og:image\" content=\"https:\/\/assistproject.eu\/wp-content\/uploads\/2024\/05\/8.jpg\" \/>\n<meta name=\"twitter:card\" content=\"summary_large_image\" \/>\n<meta name=\"twitter:label1\" content=\"Dur\u00e9e de lecture estim\u00e9e\" \/>\n\t<meta name=\"twitter:data1\" content=\"1 minute\" \/>\n<script type=\"application\/ld+json\" class=\"yoast-schema-graph\">{\"@context\":\"https:\/\/schema.org\",\"@graph\":[{\"@type\":\"WebPage\",\"@id\":\"https:\/\/assistproject.eu\/assist-digital-ecosystem\/\",\"url\":\"https:\/\/assistproject.eu\/assist-digital-ecosystem\/\",\"name\":\"Assist Digital Ecosystem | Assist\",\"isPartOf\":{\"@id\":\"https:\/\/assistproject.eu\/#website\"},\"primaryImageOfPage\":{\"@id\":\"https:\/\/assistproject.eu\/assist-digital-ecosystem\/#primaryimage\"},\"image\":{\"@id\":\"https:\/\/assistproject.eu\/assist-digital-ecosystem\/#primaryimage\"},\"thumbnailUrl\":\"https:\/\/assistproject.eu\/wp-content\/uploads\/2024\/05\/8.jpg\",\"datePublished\":\"2024-12-05T14:47:16+00:00\",\"dateModified\":\"2025-11-12T17:47:23+00:00\",\"breadcrumb\":{\"@id\":\"https:\/\/assistproject.eu\/assist-digital-ecosystem\/#breadcrumb\"},\"inLanguage\":\"fr-FR\",\"potentialAction\":[{\"@type\":\"ReadAction\",\"target\":[\"https:\/\/assistproject.eu\/assist-digital-ecosystem\/\"]}]},{\"@type\":\"ImageObject\",\"inLanguage\":\"fr-FR\",\"@id\":\"https:\/\/assistproject.eu\/assist-digital-ecosystem\/#primaryimage\",\"url\":\"https:\/\/assistproject.eu\/wp-content\/uploads\/2024\/05\/8.jpg\",\"contentUrl\":\"https:\/\/assistproject.eu\/wp-content\/uploads\/2024\/05\/8.jpg\"},{\"@type\":\"BreadcrumbList\",\"@id\":\"https:\/\/assistproject.eu\/assist-digital-ecosystem\/#breadcrumb\",\"itemListElement\":[{\"@type\":\"ListItem\",\"position\":1,\"name\":\"Home\",\"item\":\"https:\/\/assistproject.eu\/\"},{\"@type\":\"ListItem\",\"position\":2,\"name\":\"Assist Digital Ecosystem\"}]},{\"@type\":\"WebSite\",\"@id\":\"https:\/\/assistproject.eu\/#website\",\"url\":\"https:\/\/assistproject.eu\/\",\"name\":\"Assist\",\"description\":\"\",\"publisher\":{\"@id\":\"https:\/\/assistproject.eu\/#organization\"},\"potentialAction\":[{\"@type\":\"SearchAction\",\"target\":{\"@type\":\"EntryPoint\",\"urlTemplate\":\"https:\/\/assistproject.eu\/?s={search_term_string}\"},\"query-input\":\"required name=search_term_string\"}],\"inLanguage\":\"fr-FR\"},{\"@type\":\"Organization\",\"@id\":\"https:\/\/assistproject.eu\/#organization\",\"name\":\"Assist\",\"url\":\"https:\/\/assistproject.eu\/\",\"logo\":{\"@type\":\"ImageObject\",\"inLanguage\":\"fr-FR\",\"@id\":\"https:\/\/assistproject.eu\/#\/schema\/logo\/image\/\",\"url\":\"https:\/\/assistproject.eu\/wp-content\/uploads\/2024\/05\/assist-logo.png\",\"contentUrl\":\"https:\/\/assistproject.eu\/wp-content\/uploads\/2024\/05\/assist-logo.png\",\"width\":1570,\"height\":771,\"caption\":\"Assist\"},\"image\":{\"@id\":\"https:\/\/assistproject.eu\/#\/schema\/logo\/image\/\"}}]}<\/script>\n<!-- \/ Yoast SEO plugin. -->","yoast_head_json":{"title":"Assist Digital Ecosystem | Assist","robots":{"index":"index","follow":"follow","max-snippet":"max-snippet:-1","max-image-preview":"max-image-preview:large","max-video-preview":"max-video-preview:-1"},"canonical":"https:\/\/assistproject.eu\/fr\/assist-digital-ecosystem\/","og_locale":"fr_FR","og_type":"article","og_title":"Assist Digital Ecosystem | Assist","og_description":"The ASSIST Digital Ecosystem consists of a","og_url":"https:\/\/assistproject.eu\/fr\/assist-digital-ecosystem\/","og_site_name":"Assist","article_modified_time":"2025-11-12T17:47:23+00:00","og_image":[{"url":"https:\/\/assistproject.eu\/wp-content\/uploads\/2024\/05\/8.jpg"}],"twitter_card":"summary_large_image","twitter_misc":{"Dur\u00e9e de lecture estim\u00e9e":"1 minute"},"schema":{"@context":"https:\/\/schema.org","@graph":[{"@type":"WebPage","@id":"https:\/\/assistproject.eu\/assist-digital-ecosystem\/","url":"https:\/\/assistproject.eu\/assist-digital-ecosystem\/","name":"Assist Digital Ecosystem | Assist","isPartOf":{"@id":"https:\/\/assistproject.eu\/#website"},"primaryImageOfPage":{"@id":"https:\/\/assistproject.eu\/assist-digital-ecosystem\/#primaryimage"},"image":{"@id":"https:\/\/assistproject.eu\/assist-digital-ecosystem\/#primaryimage"},"thumbnailUrl":"https:\/\/assistproject.eu\/wp-content\/uploads\/2024\/05\/8.jpg","datePublished":"2024-12-05T14:47:16+00:00","dateModified":"2025-11-12T17:47:23+00:00","breadcrumb":{"@id":"https:\/\/assistproject.eu\/assist-digital-ecosystem\/#breadcrumb"},"inLanguage":"fr-FR","potentialAction":[{"@type":"ReadAction","target":["https:\/\/assistproject.eu\/assist-digital-ecosystem\/"]}]},{"@type":"ImageObject","inLanguage":"fr-FR","@id":"https:\/\/assistproject.eu\/assist-digital-ecosystem\/#primaryimage","url":"https:\/\/assistproject.eu\/wp-content\/uploads\/2024\/05\/8.jpg","contentUrl":"https:\/\/assistproject.eu\/wp-content\/uploads\/2024\/05\/8.jpg"},{"@type":"BreadcrumbList","@id":"https:\/\/assistproject.eu\/assist-digital-ecosystem\/#breadcrumb","itemListElement":[{"@type":"ListItem","position":1,"name":"Home","item":"https:\/\/assistproject.eu\/"},{"@type":"ListItem","position":2,"name":"Assist Digital Ecosystem"}]},{"@type":"WebSite","@id":"https:\/\/assistproject.eu\/#website","url":"https:\/\/assistproject.eu\/","name":"Assist","description":"","publisher":{"@id":"https:\/\/assistproject.eu\/#organization"},"potentialAction":[{"@type":"SearchAction","target":{"@type":"EntryPoint","urlTemplate":"https:\/\/assistproject.eu\/?s={search_term_string}"},"query-input":"required name=search_term_string"}],"inLanguage":"fr-FR"},{"@type":"Organization","@id":"https:\/\/assistproject.eu\/#organization","name":"Assist","url":"https:\/\/assistproject.eu\/","logo":{"@type":"ImageObject","inLanguage":"fr-FR","@id":"https:\/\/assistproject.eu\/#\/schema\/logo\/image\/","url":"https:\/\/assistproject.eu\/wp-content\/uploads\/2024\/05\/assist-logo.png","contentUrl":"https:\/\/assistproject.eu\/wp-content\/uploads\/2024\/05\/assist-logo.png","width":1570,"height":771,"caption":"Assist"},"image":{"@id":"https:\/\/assistproject.eu\/#\/schema\/logo\/image\/"}}]}},"uagb_featured_image_src":{"full":false,"thumbnail":false,"medium":false,"medium_large":false,"large":false,"1536x1536":false,"2048x2048":false,"trp-custom-language-flag":false,"depicter-thumbnail":false},"uagb_author_info":{"display_name":"admin","author_link":"https:\/\/assistproject.eu\/fr\/author\/assistwpadmn\/"},"uagb_comment_info":0,"uagb_excerpt":"The ASSIST Digital Ecosystem consists of a","_links":{"self":[{"href":"https:\/\/assistproject.eu\/fr\/wp-json\/wp\/v2\/pages\/277","targetHints":{"allow":["GET"]}}],"collection":[{"href":"https:\/\/assistproject.eu\/fr\/wp-json\/wp\/v2\/pages"}],"about":[{"href":"https:\/\/assistproject.eu\/fr\/wp-json\/wp\/v2\/types\/page"}],"author":[{"embeddable":true,"href":"https:\/\/assistproject.eu\/fr\/wp-json\/wp\/v2\/users\/1"}],"replies":[{"embeddable":true,"href":"https:\/\/assistproject.eu\/fr\/wp-json\/wp\/v2\/comments?post=277"}],"version-history":[{"count":0,"href":"https:\/\/assistproject.eu\/fr\/wp-json\/wp\/v2\/pages\/277\/revisions"}],"wp:attachment":[{"href":"https:\/\/assistproject.eu\/fr\/wp-json\/wp\/v2\/media?parent=277"}],"curies":[{"name":"wp","href":"https:\/\/api.w.org\/{rel}","templated":true}]}}