{"id":3,"date":"2024-05-20T06:22:45","date_gmt":"2024-05-20T06:22:45","guid":{"rendered":"https:\/\/assistproject.eu\/?page_id=3"},"modified":"2025-11-28T02:54:27","modified_gmt":"2025-11-28T02:54:27","slug":"privacy-policy","status":"publish","type":"page","link":"https:\/\/assistproject.eu\/fr\/privacy-policy\/","title":{"rendered":"Politique de confidentialit\u00e9"},"content":{"rendered":"<p><strong>Nom du service<\/strong>&nbsp;<\/p>\n\n\n\n<p>Environnement d'apprentissage virtuel (VLE) ASSIST&nbsp;<\/p>\n\n\n\n<p><strong>Description du service<\/strong>&nbsp;<\/p>\n\n\n\n<p>Le service d'apprentissage en ligne ASSIST est un environnement d'apprentissage virtuel  ou Virtual Learning Environment en anglais (VLE) et une plateforme de diffusion de contenu fournis dans le cadre du projet ASSIST financ\u00e9 par la Commission europ\u00e9enne (projet n\u00b0 101134558, ERASMUS-2023-PCOOP-ENGO). Il propose des modules d'apprentissage et des ressources gratuits en ligne destin\u00e9s aux \u00e9tudiants et aux professionnels de la sant\u00e9, en particulier ceux qui travaillent ou suivent une formation pour aider les m\u00e8res\/femmes en situation de handicap, ainsi qu'\u00e0 d'autres parties prenantes int\u00e9ress\u00e9es. Pour en savoir plus, consultez le site web du projet :&nbsp;<a href=\"https:\/\/assistproject.eu\/fr\/\" target=\"_blank\" rel=\"noreferrer noopener\">https:\/\/assistproject.eu\/<\/a>&nbsp;<\/p>\n\n\n\n<p><strong>Responsable du traitement des donn\u00e9es<\/strong>&nbsp;<\/p>\n\n\n\n<p>Consortium ASSIST&nbsp;<\/p>\n\n\n\n<p><strong>Coordonn\u00e9es<\/strong>&nbsp;<\/p>\n\n\n\n<p>Le coordinateur du projet et l'organisation autoris\u00e9e \u00e0 communiquer au nom du consortium pour les questions li\u00e9es \u00e0 ce service est MAKE MOTHERS MATTER EU DELEGATION, Belgique. Le coordinateur du projet est M. Titus Segtub, que vous pouvez contacter \u00e0 l' adresse \u00e9lectronique&nbsp;<a href=\"mailto:tivatican@gmail.com\" target=\"_blank\" rel=\"noreferrer noopener\">tivatican@gmail.com<\/a>&nbsp;<\/p>\n\n\n\n<p><strong>Donn\u00e9es personnelles trait\u00e9es<\/strong>&nbsp;<\/p>\n\n\n\n<p>Des informations sp\u00e9cifiques sont n\u00e9cessaires pour s'inscrire \u00e0 ce service. Les informations minimales requises sont les suivantes :&nbsp;<\/p>\n\n\n\n<ul class=\"wp-block-list\">\n<li>E-mail&nbsp;<\/li>\n\n\n\n<li>Nom complet&nbsp;<\/li>\n\n\n\n<li>Nom d'utilisateur public&nbsp;<\/li>\n\n\n\n<li>Mot de passe&nbsp;<\/li>\n\n\n\n<li>Pays ou r\u00e9gion de r\u00e9sidence&nbsp;<\/li>\n<\/ul>\n\n\n\n<p>(Groupe d'informations personnelles A)&nbsp;<\/p>\n\n\n\n<p>Vous pouvez \u00e9galement soutenir la recherche en mati\u00e8re d'\u00e9ducation en fournissant des informations suppl\u00e9mentaires lors de l'inscription ou apr\u00e8s la cr\u00e9ation d'un compte dans le syst\u00e8me. Vous pourrez alors enrichir votre profil avec des informations suppl\u00e9mentaires.<\/p>\n\n\n\n<ul class=\"wp-block-list\">\n<li>Genre<\/li>\n\n\n\n<li>Fuseau horaire&nbsp;<\/li>\n\n\n\n<li>Niveau d'\u00e9tudes le plus \u00e9lev\u00e9 atteint&nbsp;<\/li>\n\n\n\n<li>Ann\u00e9e de naissance&nbsp;<\/li>\n\n\n\n<li>Langue pr\u00e9f\u00e9r\u00e9e&nbsp;<\/li>\n<\/ul>\n\n\n\n<p>(Groupe d'informations personnelles B)&nbsp;<\/p>\n\n\n\n<p>Si vous souhaitez promouvoir vos r\u00e9alisations (li\u00e9es aux cours de cette plateforme), vous pouvez utiliser les liens vers les r\u00e9seaux sociaux. Pour ce faire, vous pouvez ins\u00e9rer les informations relatives \u00e0 vos liens vers les r\u00e9seaux sociaux :&nbsp;<\/p>\n\n\n\n<ul class=\"wp-block-list\">\n<li>Lien Twitter&nbsp;<\/li>\n\n\n\n<li>Lien Facebook&nbsp;<\/li>\n\n\n\n<li>Lien LinkedIn&nbsp;<\/li>\n<\/ul>\n\n\n\n<p>(Groupe d'informations personnelles C)&nbsp;<\/p>\n\n\n\n<p>Lorsque vous participez \u00e0 des cours via cette plateforme, les informations relatives \u00e0 votre participation et \u00e0 vos performances sont conserv\u00e9es. Ces informations sont les suivantes :&nbsp;<\/p>\n\n\n\n<ul class=\"wp-block-list\">\n<li>Nombre et nom des cours suivis&nbsp;<\/li>\n\n\n\n<li>Date d'inscription aux cours&nbsp;<\/li>\n\n\n\n<li>Temps pass\u00e9 sur les cours&nbsp;<\/li>\n\n\n\n<li>Date d'ach\u00e8vement des cours&nbsp;<\/li>\n\n\n\n<li>R\u00e9sultats aux quiz&nbsp;<\/li>\n\n\n\n<li>R\u00e9ponses aux questionnaires&nbsp;<\/li>\n\n\n\n<li>Certificats d'ach\u00e8vement&nbsp;<\/li>\n\n\n\n<li>Questions et commentaires publi\u00e9s sur la fonction de chat&nbsp;<\/li>\n\n\n\n<li>Questions et commentaires re\u00e7us via d'autres canaux de communication de la plateforme&nbsp;<\/li>\n\n\n\n<li>Temps pass\u00e9 sur les vid\u00e9os ou autres supports de cours&nbsp;<\/li>\n<\/ul>\n\n\n\n<p>(Groupe d'informations personnelles D)&nbsp;<\/p>\n\n\n\n<p><strong>Pourquoi traitons-nous ces informations ?<\/strong>&nbsp;<\/p>\n\n\n\n<p>Les partenaires ASSIST utilisent les informations, y compris les informations personnelles, pour atteindre les objectifs suivants par groupe d'informations personnelles:&nbsp;<\/p>\n\n\n\n<p>Groupe d'informations personnelles A&nbsp;<\/p>\n\n\n\n<ul class=\"wp-block-list\">\n<li>Cr\u00e9er un compte pour vous afin que vous puissiez acc\u00e9der \u00e0 cette plateforme. Les informations de ce groupe sont obligatoires et sans elles, aucun compte ne peut \u00eatre cr\u00e9\u00e9. (N\u00e9cessaire pour fournir le service).&nbsp;<\/li>\n\n\n\n<li>Proposer et am\u00e9liorer des produits et services. Cela inclut vous permettre de naviguer sur l'ASSIST VLE, de vous inscrire et de participer \u00e0 des cours et programmes sur l'ASSIST VLE et d'apprendre efficacement dans le cadre de ces cours et programmes.&nbsp;<\/li>\n\n\n\n<li>Communiquer avec vous. Cela inclut r\u00e9pondre \u00e0 vos questions sur les cours et la plateforme, vous informer de la maintenance et des mises \u00e0 jour des cours et de l'ASSIST VLE, vous envoyer des communications marketing sur des sujets connexes.&nbsp;<\/li>\n<\/ul>\n\n\n\n<p>Groupe d'informations personnelles B<\/p>\n\n\n\n<ul class=\"wp-block-list\">\n<li>Se conformer aux exigences de l'accord de subvention n\u00b0 101134558, pour le projet ASSIST financ\u00e9 par la Commission europ\u00e9enne. La conception de ce projet (gr\u00e2ce auquel vous avez acc\u00e8s aux cours concern\u00e9s) exige la mesure de chiffres sp\u00e9cifiques. Les informations de ce groupe couvrent la majorit\u00e9 de ces indicateurs cl\u00e9s de performance [KPI].&nbsp;<\/li>\n<\/ul>\n\n\n\n<p>Groupe d'informations personnelles C&nbsp;<\/p>\n\n\n\n<ul class=\"wp-block-list\">\n<li>Faciliter la promotion de vos r\u00e9alisations aupr\u00e8s du public gr\u00e2ce aux interconnexions des r\u00e9seaux sociaux. Ces informations sont facultatives.&nbsp;<\/li>\n<\/ul>\n\n\n\n<p>Groupe d'informations personnelles D&nbsp;<\/p>\n\n\n\n<ul class=\"wp-block-list\">\n<li>Exploiter et am\u00e9liorer l'ASSIST VLE. Cela comprend la cr\u00e9ation et l'am\u00e9lioration de fonctionnalit\u00e9s qui soutiennent la communaut\u00e9 ASSIST et permettent l'utilisation \u00e0 grande \u00e9chelle de l'ASSIST VLE. Cela comprend \u00e9galement la personnalisation de l'ASSIST VLE, afin que votre exp\u00e9rience d'apprentissage soit adapt\u00e9e \u00e0 vos int\u00e9r\u00eats et \u00e0 vos besoins.&nbsp;<\/li>\n\n\n\n<li>Communiquer avec vous. Cela comprend r\u00e9pondre \u00e0 vos questions sur les cours et la plateforme, vous informer de la maintenance et des mises \u00e0 jour des cours et de l'ASSIST VLE, vous informer sur les offres de cours, les programmes, les actualit\u00e9s et les produits et services connexes du projet ASSIST, et, dans la mesure o\u00f9 la loi applicable le permet, vous envoyer des communications sur les actualit\u00e9s et les \u00e9v\u00e9nements.&nbsp;<\/li>\n\n\n\n<li>Soutenir la recherche scientifique, notamment dans le domaine de l'agriculture r\u00e9g\u00e9n\u00e9rative. Cela comprend la collaboration pour permettre et mener des recherches sur la mani\u00e8re dont les apprenants acc\u00e8dent et ma\u00eetrisent les supports de cours en ligne. Lorsque cela est n\u00e9cessaire pour tirer ces conclusions, toutes les informations personnelles sont anonymis\u00e9es.&nbsp;<\/li>\n\n\n\n<li>D\u00e9velopper et maintenir la s\u00e9curit\u00e9 et les performances de l'ASSIST VLE. Cela comprend le suivi des pannes de l'environnement d'apprentissage virtuel ASSIST et la cr\u00e9ation de solutions logicielles, la d\u00e9tection des violations du code d'honneur et des conditions d'utilisation, et la surveillance des utilisations, des abus et des abus potentiels de l'environnement d'apprentissage virtuel ASSIST. Suivre l'utilisation de l'environnement d'apprentissage virtuel ASSIST par rapport aux objectifs et \u00e0 la mission. Cela comprend la r\u00e9alisation d'analyses pour \u00e9valuer l'acc\u00e8s et les performances des cours et des produits et services li\u00e9s aux cours, et pour communiquer des informations agr\u00e9g\u00e9es sur l'utilisation (et non des informations personnelles) aux partenaires et \u00e0 la Commission europ\u00e9enne.&nbsp;<\/li>\n<\/ul>\n\n\n\n<p>Exercer, faire respecter et se conformer aux droits et obligations l\u00e9gaux. Cela comprend la r\u00e9ponse aux citations \u00e0 compara\u00eetre, aux ordonnances judiciaires ou \u00e0 d'autres proc\u00e9dures judiciaires, ainsi que l'enqu\u00eate, la pr\u00e9vention ou la prise de mesures concernant les activit\u00e9s ill\u00e9gales, les soup\u00e7ons de fraude, les probl\u00e8mes techniques ou de s\u00e9curit\u00e9, ou pour prot\u00e9ger les droits, la propri\u00e9t\u00e9 ou la s\u00e9curit\u00e9 d'ASSIST VLE ou d'autres personnes, et comme autrement requis par la loi applicable.&nbsp;<\/p>\n\n\n\n<p>Aucune prise de d\u00e9cision individuelle automatis\u00e9e, y compris le profilage, n'a lieu concernant vos informations personnelles et votre exp\u00e9rience au sein de cette plateforme.&nbsp;<\/p>\n\n\n\n<p><strong>Tiers auxquels les donn\u00e9es \u00e0 caract\u00e8re personnel sont divulgu\u00e9es<\/strong>&nbsp;<\/p>\n\n\n\n<p>Les partenaires du consortium, la Commission europ\u00e9enne, l'h\u00e9bergeur de la plateforme pour faciliter les objectifs susmentionn\u00e9s.&nbsp;<\/p>\n\n\n\n<p><strong>Conservation des donn\u00e9es<\/strong>&nbsp;<\/p>\n\n\n\n<p>Nous conserverons vos donn\u00e9es \u00e0 caract\u00e8re personnel pendant toute la dur\u00e9e du projet, conform\u00e9ment \u00e0 l'accord de subvention correspondant.&nbsp;<br>Apr\u00e8s cette p\u00e9riode, vos donn\u00e9es seront irr\u00e9vocablement supprim\u00e9es.&nbsp;<\/p>\n\n\n\n<p><strong>Droits des personnes concern\u00e9es<\/strong><\/p>\n\n\n\n<p><span class=\"rights-text\">Vous disposez des droits suivants sur vos donn\u00e9es<\/span><span class=\"rights-colon\">:<\/span><\/p>\n\n\n\n<ul class=\"wp-block-list\">\n<li>Droit d'acc\u00e8s de la personne concern\u00e9e&nbsp;<\/li>\n\n\n\n<li>Droit de rectification<\/li>\n\n\n\n<li>Droit \u00e0 l'effacement (\u00ab droit \u00e0 l'oubli \u00bb)&nbsp;<\/li>\n\n\n\n<li>Droit \u00e0 la limitation du traitement&nbsp;<\/li>\n\n\n\n<li>Droit \u00e0 la portabilit\u00e9 des donn\u00e9es&nbsp;<\/li>\n<\/ul>\n\n\n\n<p><strong>Comment exercer vos droits<\/strong>&nbsp;<\/p>\n\n\n\n<p>Vous pouvez modifier vos informations, acc\u00e9der \u00e0 vos donn\u00e9es et supprimer toutes vos informations et votre profil via la plateforme.&nbsp;<br>(Connectez-vous \u00e0 votre compte et modifiez les informations ou supprimez le compte via l'onglet \u00ab Param\u00e8tres du compte \u00bb).&nbsp;<br>Si vous avez besoin d'acc\u00e9der \u00e0 toutes les informations que nous traitons pour vous ou si vous souhaitez demander la limitation du traitement, la portabilit\u00e9 des donn\u00e9es ou des informations compl\u00e9mentaires concernant vos informations personnelles, veuillez nous contacter \u00e0 l'adresse suivante : team@read-lab.eu&nbsp;<\/p>\n\n\n\n<p>L'adresse postale du coordinateur, MAKE MOTHERS MATTER EU DELEGATION, est la suivante : RUE DE LA GARE 36, BRUXELLES 1040, Belgique, \u00e0 l'attention de M. Titus Segtub. Le chef de projet concern\u00e9 est M. Titus Segtub, que vous pouvez contacter \u00e0 l'adresse&nbsp;<a href=\"mailto:tivatican@gmail.com\" target=\"_blank\" rel=\"noreferrer noopener\">tivatican@gmail.com<\/a>&nbsp;<\/p>\n\n\n\n<p><strong>Plainte aupr\u00e8s de l'autorit\u00e9 comp\u00e9tente<\/strong>&nbsp;<\/p>\n\n\n\n<p>Vous avez le droit de d\u00e9poser une plainte aupr\u00e8s de l'autorit\u00e9 comp\u00e9tente en mati\u00e8re de protection des donn\u00e9es. L'autorit\u00e9 de contr\u00f4le responsable des questions de protection des donn\u00e9es est l'autorit\u00e9 de protection des donn\u00e9es des coordinateurs, que vous pouvez contacter via le lien suivant : <a href=\"https:\/\/www.dataprotectionauthority.be\/citizen\" target=\"_blank\" rel=\"noreferrer noopener\">https:\/\/www.dataprotectionauthority.be\/citizen<\/a><\/p>","protected":false},"excerpt":{"rendered":"<p>Name of the service&nbsp; ASSIST&nbsp;Virtual Learning Environment\u202f(VLE)&nbsp;<\/p>","protected":false},"author":1,"featured_media":0,"parent":0,"menu_order":0,"comment_status":"closed","ping_status":"open","template":"","meta":{"_uag_custom_page_level_css":"","footnotes":""},"class_list":["post-3","page","type-page","status-publish","hentry"],"yoast_head":"<!-- This site is optimized with the Yoast SEO plugin v22.7 - https:\/\/yoast.com\/wordpress\/plugins\/seo\/ -->\n<title>Privacy Policy | Assist<\/title>\n<meta name=\"robots\" content=\"index, follow, max-snippet:-1, max-image-preview:large, max-video-preview:-1\" \/>\n<link rel=\"canonical\" href=\"https:\/\/assistproject.eu\/fr\/privacy-policy\/\" \/>\n<meta property=\"og:locale\" content=\"fr_FR\" \/>\n<meta property=\"og:type\" content=\"article\" \/>\n<meta property=\"og:title\" content=\"Privacy Policy | Assist\" \/>\n<meta property=\"og:description\" content=\"Name of the service&nbsp; ASSIST&nbsp;Virtual Learning Environment\u202f(VLE)&nbsp;\" \/>\n<meta property=\"og:url\" content=\"https:\/\/assistproject.eu\/fr\/privacy-policy\/\" \/>\n<meta property=\"og:site_name\" content=\"Assist\" \/>\n<meta property=\"article:modified_time\" content=\"2025-11-28T02:54:27+00:00\" \/>\n<meta property=\"og:image\" content=\"https:\/\/assistproject.eu\/wp-content\/uploads\/2024\/05\/assist-logo.png\" \/>\n\t<meta property=\"og:image:width\" content=\"1570\" \/>\n\t<meta property=\"og:image:height\" content=\"771\" \/>\n\t<meta property=\"og:image:type\" content=\"image\/png\" \/>\n<meta name=\"twitter:card\" content=\"summary_large_image\" \/>\n<meta name=\"twitter:label1\" content=\"Dur\u00e9e de lecture estim\u00e9e\" \/>\n\t<meta name=\"twitter:data1\" content=\"5 minutes\" \/>\n<script type=\"application\/ld+json\" class=\"yoast-schema-graph\">{\"@context\":\"https:\/\/schema.org\",\"@graph\":[{\"@type\":\"WebPage\",\"@id\":\"https:\/\/assistproject.eu\/privacy-policy\/\",\"url\":\"https:\/\/assistproject.eu\/privacy-policy\/\",\"name\":\"Privacy Policy | Assist\",\"isPartOf\":{\"@id\":\"https:\/\/assistproject.eu\/#website\"},\"datePublished\":\"2024-05-20T06:22:45+00:00\",\"dateModified\":\"2025-11-28T02:54:27+00:00\",\"breadcrumb\":{\"@id\":\"https:\/\/assistproject.eu\/privacy-policy\/#breadcrumb\"},\"inLanguage\":\"fr-FR\",\"potentialAction\":[{\"@type\":\"ReadAction\",\"target\":[\"https:\/\/assistproject.eu\/privacy-policy\/\"]}]},{\"@type\":\"BreadcrumbList\",\"@id\":\"https:\/\/assistproject.eu\/privacy-policy\/#breadcrumb\",\"itemListElement\":[{\"@type\":\"ListItem\",\"position\":1,\"name\":\"Home\",\"item\":\"https:\/\/assistproject.eu\/\"},{\"@type\":\"ListItem\",\"position\":2,\"name\":\"Privacy Policy\"}]},{\"@type\":\"WebSite\",\"@id\":\"https:\/\/assistproject.eu\/#website\",\"url\":\"https:\/\/assistproject.eu\/\",\"name\":\"Assist\",\"description\":\"\",\"publisher\":{\"@id\":\"https:\/\/assistproject.eu\/#organization\"},\"potentialAction\":[{\"@type\":\"SearchAction\",\"target\":{\"@type\":\"EntryPoint\",\"urlTemplate\":\"https:\/\/assistproject.eu\/?s={search_term_string}\"},\"query-input\":\"required name=search_term_string\"}],\"inLanguage\":\"fr-FR\"},{\"@type\":\"Organization\",\"@id\":\"https:\/\/assistproject.eu\/#organization\",\"name\":\"Assist\",\"url\":\"https:\/\/assistproject.eu\/\",\"logo\":{\"@type\":\"ImageObject\",\"inLanguage\":\"fr-FR\",\"@id\":\"https:\/\/assistproject.eu\/#\/schema\/logo\/image\/\",\"url\":\"https:\/\/assistproject.eu\/wp-content\/uploads\/2024\/05\/assist-logo.png\",\"contentUrl\":\"https:\/\/assistproject.eu\/wp-content\/uploads\/2024\/05\/assist-logo.png\",\"width\":1570,\"height\":771,\"caption\":\"Assist\"},\"image\":{\"@id\":\"https:\/\/assistproject.eu\/#\/schema\/logo\/image\/\"}}]}<\/script>\n<!-- \/ Yoast SEO plugin. -->","yoast_head_json":{"title":"Privacy Policy | Assist","robots":{"index":"index","follow":"follow","max-snippet":"max-snippet:-1","max-image-preview":"max-image-preview:large","max-video-preview":"max-video-preview:-1"},"canonical":"https:\/\/assistproject.eu\/fr\/privacy-policy\/","og_locale":"fr_FR","og_type":"article","og_title":"Privacy Policy | Assist","og_description":"Name of the service&nbsp; ASSIST&nbsp;Virtual Learning Environment\u202f(VLE)&nbsp;","og_url":"https:\/\/assistproject.eu\/fr\/privacy-policy\/","og_site_name":"Assist","article_modified_time":"2025-11-28T02:54:27+00:00","og_image":[{"width":1570,"height":771,"url":"https:\/\/assistproject.eu\/wp-content\/uploads\/2024\/05\/assist-logo.png","type":"image\/png"}],"twitter_card":"summary_large_image","twitter_misc":{"Dur\u00e9e de lecture estim\u00e9e":"5 minutes"},"schema":{"@context":"https:\/\/schema.org","@graph":[{"@type":"WebPage","@id":"https:\/\/assistproject.eu\/privacy-policy\/","url":"https:\/\/assistproject.eu\/privacy-policy\/","name":"Privacy Policy | Assist","isPartOf":{"@id":"https:\/\/assistproject.eu\/#website"},"datePublished":"2024-05-20T06:22:45+00:00","dateModified":"2025-11-28T02:54:27+00:00","breadcrumb":{"@id":"https:\/\/assistproject.eu\/privacy-policy\/#breadcrumb"},"inLanguage":"fr-FR","potentialAction":[{"@type":"ReadAction","target":["https:\/\/assistproject.eu\/privacy-policy\/"]}]},{"@type":"BreadcrumbList","@id":"https:\/\/assistproject.eu\/privacy-policy\/#breadcrumb","itemListElement":[{"@type":"ListItem","position":1,"name":"Home","item":"https:\/\/assistproject.eu\/"},{"@type":"ListItem","position":2,"name":"Privacy Policy"}]},{"@type":"WebSite","@id":"https:\/\/assistproject.eu\/#website","url":"https:\/\/assistproject.eu\/","name":"Assist","description":"","publisher":{"@id":"https:\/\/assistproject.eu\/#organization"},"potentialAction":[{"@type":"SearchAction","target":{"@type":"EntryPoint","urlTemplate":"https:\/\/assistproject.eu\/?s={search_term_string}"},"query-input":"required name=search_term_string"}],"inLanguage":"fr-FR"},{"@type":"Organization","@id":"https:\/\/assistproject.eu\/#organization","name":"Assist","url":"https:\/\/assistproject.eu\/","logo":{"@type":"ImageObject","inLanguage":"fr-FR","@id":"https:\/\/assistproject.eu\/#\/schema\/logo\/image\/","url":"https:\/\/assistproject.eu\/wp-content\/uploads\/2024\/05\/assist-logo.png","contentUrl":"https:\/\/assistproject.eu\/wp-content\/uploads\/2024\/05\/assist-logo.png","width":1570,"height":771,"caption":"Assist"},"image":{"@id":"https:\/\/assistproject.eu\/#\/schema\/logo\/image\/"}}]}},"uagb_featured_image_src":{"full":false,"thumbnail":false,"medium":false,"medium_large":false,"large":false,"1536x1536":false,"2048x2048":false,"trp-custom-language-flag":false,"depicter-thumbnail":false},"uagb_author_info":{"display_name":"admin","author_link":"https:\/\/assistproject.eu\/fr\/author\/assistwpadmn\/"},"uagb_comment_info":0,"uagb_excerpt":"Name of the service&nbsp; ASSIST&nbsp;Virtual Learning Environment\u202f(VLE)&nbsp;","_links":{"self":[{"href":"https:\/\/assistproject.eu\/fr\/wp-json\/wp\/v2\/pages\/3","targetHints":{"allow":["GET"]}}],"collection":[{"href":"https:\/\/assistproject.eu\/fr\/wp-json\/wp\/v2\/pages"}],"about":[{"href":"https:\/\/assistproject.eu\/fr\/wp-json\/wp\/v2\/types\/page"}],"author":[{"embeddable":true,"href":"https:\/\/assistproject.eu\/fr\/wp-json\/wp\/v2\/users\/1"}],"replies":[{"embeddable":true,"href":"https:\/\/assistproject.eu\/fr\/wp-json\/wp\/v2\/comments?post=3"}],"version-history":[{"count":0,"href":"https:\/\/assistproject.eu\/fr\/wp-json\/wp\/v2\/pages\/3\/revisions"}],"wp:attachment":[{"href":"https:\/\/assistproject.eu\/fr\/wp-json\/wp\/v2\/media?parent=3"}],"curies":[{"name":"wp","href":"https:\/\/api.w.org\/{rel}","templated":true}]}}