{"id":545,"date":"2025-03-10T09:39:00","date_gmt":"2025-03-10T09:39:00","guid":{"rendered":"https:\/\/assistproject.eu\/newsletter-2\/"},"modified":"2025-07-31T19:41:38","modified_gmt":"2025-07-31T19:41:38","slug":"newsletter","status":"publish","type":"page","link":"https:\/\/assistproject.eu\/fr\/newsletter\/","title":{"rendered":"Lettre d\u2019information"},"content":{"rendered":"<h2 class=\"wp-block-heading has-text-align-center\"><mark style=\"background-color:rgba(0, 0, 0, 0)\" class=\"has-inline-color has-vivid-red-color\">Abonnez-vous \u00e0 notre newsletter<\/mark><\/h2>\n\n\n\n<div style=\"height:48px\" aria-hidden=\"true\" class=\"wp-block-spacer\"><\/div>\n\n\n\n<p>Merci d'avoir choisi de vous abonner \u00e0 notre newsletter !<\/p>\n\n\n\n<p>Nous recueillons uniquement les informations n\u00e9cessaires pour vous fournir ces mises \u00e0 jour, notamment votre adresse e-mail et, si vous choisissez de le partager, votre nom. Nous accordons une grande importance \u00e0 la confidentialit\u00e9 de vos donn\u00e9es et nous nous engageons \u00e0 utiliser ces informations de mani\u00e8re responsable. Nous ne partagerons, ne vendrons ni ne distribuerons jamais vos coordonn\u00e9es \u00e0 des tiers.<\/p>\n\n\n\n<p>En cochant la case ci-dessous, vous confirmez que vous comprenez et acceptez ces conditions et consentez \u00e0 recevoir notre newsletter.<\/p>\n\n\n\n<div class=\"tnp tnp-subscription\">\n<form method=\"post\" action=\"https:\/\/assistproject.eu\/wp-admin\/admin-ajax.php?action=tnp&amp;na=s\">\n<input type=\"hidden\" name=\"nlang\" value=\"fr\">\n<div class=\"tnp-field tnp-field-firstname\"><label for=\"tnp-1\">Pr\u00e9nom<\/label>\n<input class=\"tnp-name\" type=\"text\" name=\"nn\" id=\"tnp-1\" value=\"\" placeholder=\"\" required><\/div>\n<div class=\"tnp-field tnp-field-surname\"><label for=\"tnp-2\">Nom de famille<\/label>\n<input class=\"tnp-surname\" type=\"text\" name=\"ns\" id=\"tnp-2\" value=\"\" placeholder=\"\" required><\/div><div class=\"tnp-field tnp-field-email\"><label for=\"tnp-3\">E-mail<\/label>\n<input class=\"tnp-email\" type=\"email\" name=\"ne\" id=\"tnp-3\" value=\"\" placeholder=\"\" required><\/div>\n<div class=\"tnp-field tnp-field-gender\"><label for=\"tnp-4\">Je suis<\/label>\n<select name=\"nx\" class=\"tnp-gender\" id=\"tnp-gender\" required><option value=\"\"><\/option><option value=\"n\">Non sp\u00e9cifi\u00e9 <\/option><option value=\"f\">Femme<\/option><option value=\"m\">Homme<\/option><\/select><\/div>\n<div class=\"tnp-field tnp-field-profile\"><label for=\"tnp-5\">Organisation<\/label>\n<input class=\"tnp-profile tnp-profile-1\" id=\"tnp-profile_1\" type=\"text\" size=\"\" name=\"np1\" placeholder=\"\"><\/div>\n<div class=\"tnp-field tnp-privacy-field\"><label><input type=\"checkbox\" name=\"ny\" required class=\"tnp-privacy\"> J&#039;accepte la politique de confidentialit\u00e9<\/label><\/div><div class=\"tnp-field tnp-field-button\" style=\"text-align: left\"><input class=\"tnp-submit\" type=\"submit\" value=\"S&#039;abonner\" style=\"\">\n<\/div>\n<\/form>\n<\/div>","protected":false},"excerpt":{"rendered":"<p>Subscribe to our Newsletter Thank you for<\/p>","protected":false},"author":1,"featured_media":0,"parent":0,"menu_order":0,"comment_status":"closed","ping_status":"closed","template":"","meta":{"_uag_custom_page_level_css":"","footnotes":""},"class_list":["post-545","page","type-page","status-publish","hentry"],"yoast_head":"<!-- This site is optimized with the Yoast SEO plugin v22.7 - https:\/\/yoast.com\/wordpress\/plugins\/seo\/ -->\n<title>Newsletter | Assist<\/title>\n<meta name=\"robots\" content=\"index, follow, max-snippet:-1, max-image-preview:large, max-video-preview:-1\" \/>\n<link rel=\"canonical\" href=\"https:\/\/assistproject.eu\/fr\/newsletter\/\" \/>\n<meta property=\"og:locale\" content=\"fr_FR\" \/>\n<meta property=\"og:type\" content=\"article\" \/>\n<meta property=\"og:title\" content=\"Newsletter | Assist\" \/>\n<meta property=\"og:description\" content=\"Subscribe to our Newsletter Thank you for\" \/>\n<meta property=\"og:url\" content=\"https:\/\/assistproject.eu\/fr\/newsletter\/\" \/>\n<meta property=\"og:site_name\" content=\"Assist\" \/>\n<meta property=\"article:modified_time\" content=\"2025-07-31T19:41:38+00:00\" \/>\n<meta property=\"og:image\" content=\"https:\/\/assistproject.eu\/wp-content\/uploads\/2024\/05\/assist-logo.png\" \/>\n\t<meta property=\"og:image:width\" content=\"1570\" \/>\n\t<meta property=\"og:image:height\" content=\"771\" \/>\n\t<meta property=\"og:image:type\" content=\"image\/png\" \/>\n<meta name=\"twitter:card\" content=\"summary_large_image\" \/>\n<meta name=\"twitter:label1\" content=\"Dur\u00e9e de lecture estim\u00e9e\" \/>\n\t<meta name=\"twitter:data1\" content=\"1 minute\" \/>\n<script type=\"application\/ld+json\" class=\"yoast-schema-graph\">{\"@context\":\"https:\/\/schema.org\",\"@graph\":[{\"@type\":\"WebPage\",\"@id\":\"https:\/\/assistproject.eu\/newsletter\/\",\"url\":\"https:\/\/assistproject.eu\/newsletter\/\",\"name\":\"Newsletter | Assist\",\"isPartOf\":{\"@id\":\"https:\/\/assistproject.eu\/#website\"},\"datePublished\":\"2025-03-10T09:39:00+00:00\",\"dateModified\":\"2025-07-31T19:41:38+00:00\",\"breadcrumb\":{\"@id\":\"https:\/\/assistproject.eu\/newsletter\/#breadcrumb\"},\"inLanguage\":\"fr-FR\",\"potentialAction\":[{\"@type\":\"ReadAction\",\"target\":[\"https:\/\/assistproject.eu\/newsletter\/\"]}]},{\"@type\":\"BreadcrumbList\",\"@id\":\"https:\/\/assistproject.eu\/newsletter\/#breadcrumb\",\"itemListElement\":[{\"@type\":\"ListItem\",\"position\":1,\"name\":\"Home\",\"item\":\"https:\/\/assistproject.eu\/\"},{\"@type\":\"ListItem\",\"position\":2,\"name\":\"Newsletter\"}]},{\"@type\":\"WebSite\",\"@id\":\"https:\/\/assistproject.eu\/#website\",\"url\":\"https:\/\/assistproject.eu\/\",\"name\":\"Assist\",\"description\":\"\",\"publisher\":{\"@id\":\"https:\/\/assistproject.eu\/#organization\"},\"potentialAction\":[{\"@type\":\"SearchAction\",\"target\":{\"@type\":\"EntryPoint\",\"urlTemplate\":\"https:\/\/assistproject.eu\/?s={search_term_string}\"},\"query-input\":\"required name=search_term_string\"}],\"inLanguage\":\"fr-FR\"},{\"@type\":\"Organization\",\"@id\":\"https:\/\/assistproject.eu\/#organization\",\"name\":\"Assist\",\"url\":\"https:\/\/assistproject.eu\/\",\"logo\":{\"@type\":\"ImageObject\",\"inLanguage\":\"fr-FR\",\"@id\":\"https:\/\/assistproject.eu\/#\/schema\/logo\/image\/\",\"url\":\"https:\/\/assistproject.eu\/wp-content\/uploads\/2024\/05\/assist-logo.png\",\"contentUrl\":\"https:\/\/assistproject.eu\/wp-content\/uploads\/2024\/05\/assist-logo.png\",\"width\":1570,\"height\":771,\"caption\":\"Assist\"},\"image\":{\"@id\":\"https:\/\/assistproject.eu\/#\/schema\/logo\/image\/\"}}]}<\/script>\n<!-- \/ Yoast SEO plugin. -->","yoast_head_json":{"title":"Newsletter | Assist","robots":{"index":"index","follow":"follow","max-snippet":"max-snippet:-1","max-image-preview":"max-image-preview:large","max-video-preview":"max-video-preview:-1"},"canonical":"https:\/\/assistproject.eu\/fr\/newsletter\/","og_locale":"fr_FR","og_type":"article","og_title":"Newsletter | Assist","og_description":"Subscribe to our Newsletter Thank you for","og_url":"https:\/\/assistproject.eu\/fr\/newsletter\/","og_site_name":"Assist","article_modified_time":"2025-07-31T19:41:38+00:00","og_image":[{"width":1570,"height":771,"url":"https:\/\/assistproject.eu\/wp-content\/uploads\/2024\/05\/assist-logo.png","type":"image\/png"}],"twitter_card":"summary_large_image","twitter_misc":{"Dur\u00e9e de lecture estim\u00e9e":"1 minute"},"schema":{"@context":"https:\/\/schema.org","@graph":[{"@type":"WebPage","@id":"https:\/\/assistproject.eu\/newsletter\/","url":"https:\/\/assistproject.eu\/newsletter\/","name":"Newsletter | Assist","isPartOf":{"@id":"https:\/\/assistproject.eu\/#website"},"datePublished":"2025-03-10T09:39:00+00:00","dateModified":"2025-07-31T19:41:38+00:00","breadcrumb":{"@id":"https:\/\/assistproject.eu\/newsletter\/#breadcrumb"},"inLanguage":"fr-FR","potentialAction":[{"@type":"ReadAction","target":["https:\/\/assistproject.eu\/newsletter\/"]}]},{"@type":"BreadcrumbList","@id":"https:\/\/assistproject.eu\/newsletter\/#breadcrumb","itemListElement":[{"@type":"ListItem","position":1,"name":"Home","item":"https:\/\/assistproject.eu\/"},{"@type":"ListItem","position":2,"name":"Newsletter"}]},{"@type":"WebSite","@id":"https:\/\/assistproject.eu\/#website","url":"https:\/\/assistproject.eu\/","name":"Assist","description":"","publisher":{"@id":"https:\/\/assistproject.eu\/#organization"},"potentialAction":[{"@type":"SearchAction","target":{"@type":"EntryPoint","urlTemplate":"https:\/\/assistproject.eu\/?s={search_term_string}"},"query-input":"required name=search_term_string"}],"inLanguage":"fr-FR"},{"@type":"Organization","@id":"https:\/\/assistproject.eu\/#organization","name":"Assist","url":"https:\/\/assistproject.eu\/","logo":{"@type":"ImageObject","inLanguage":"fr-FR","@id":"https:\/\/assistproject.eu\/#\/schema\/logo\/image\/","url":"https:\/\/assistproject.eu\/wp-content\/uploads\/2024\/05\/assist-logo.png","contentUrl":"https:\/\/assistproject.eu\/wp-content\/uploads\/2024\/05\/assist-logo.png","width":1570,"height":771,"caption":"Assist"},"image":{"@id":"https:\/\/assistproject.eu\/#\/schema\/logo\/image\/"}}]}},"uagb_featured_image_src":{"full":false,"thumbnail":false,"medium":false,"medium_large":false,"large":false,"1536x1536":false,"2048x2048":false,"trp-custom-language-flag":false,"depicter-thumbnail":false},"uagb_author_info":{"display_name":"admin","author_link":"https:\/\/assistproject.eu\/fr\/author\/assistwpadmn\/"},"uagb_comment_info":0,"uagb_excerpt":"Subscribe to our Newsletter Thank you for","_links":{"self":[{"href":"https:\/\/assistproject.eu\/fr\/wp-json\/wp\/v2\/pages\/545","targetHints":{"allow":["GET"]}}],"collection":[{"href":"https:\/\/assistproject.eu\/fr\/wp-json\/wp\/v2\/pages"}],"about":[{"href":"https:\/\/assistproject.eu\/fr\/wp-json\/wp\/v2\/types\/page"}],"author":[{"embeddable":true,"href":"https:\/\/assistproject.eu\/fr\/wp-json\/wp\/v2\/users\/1"}],"replies":[{"embeddable":true,"href":"https:\/\/assistproject.eu\/fr\/wp-json\/wp\/v2\/comments?post=545"}],"version-history":[{"count":0,"href":"https:\/\/assistproject.eu\/fr\/wp-json\/wp\/v2\/pages\/545\/revisions"}],"wp:attachment":[{"href":"https:\/\/assistproject.eu\/fr\/wp-json\/wp\/v2\/media?parent=545"}],"curies":[{"name":"wp","href":"https:\/\/api.w.org\/{rel}","templated":true}]}}