{"id":737,"date":"2025-11-12T10:09:26","date_gmt":"2025-11-12T10:09:26","guid":{"rendered":"https:\/\/assistproject.eu\/?page_id=737"},"modified":"2026-03-16T10:05:54","modified_gmt":"2026-03-16T10:05:54","slug":"3d-scenarios","status":"publish","type":"page","link":"https:\/\/assistproject.eu\/fr\/3d-scenarios\/","title":{"rendered":"Sc\u00e9narios en 3D"},"content":{"rendered":"<p>La simulation 3D d'un environnement clinique inclusif est un \u00e9l\u00e9ment cl\u00e9 de l'\u00e9cosyst\u00e8me num\u00e9rique ASSIST, un outil d'apprentissage dynamique et immersif con\u00e7u pour reproduire des environnements cliniques r\u00e9els et promouvoir des pratiques de soins de sant\u00e9 inclusives et respectueuses. Accessible directement via un navigateur web, la simulation permet aux utilisateurs de naviguer dans des espaces virtuels tels que des salles de consultation, des salles d'attente et des salles d'examen. Dans ces environnements, les apprenants participent \u00e0 des sc\u00e9narios interactifs qui illustrent comment utiliser des \u00e9quipements m\u00e9dicaux inclusifs, favoriser une communication respectueuse et garantir l'accessibilit\u00e9 \u00e9motionnelle et physique pour tous les patients. L'outil propose six sc\u00e9narios principaux, chacun abordant des aspects essentiels des soins, de l'infrastructure accessible aux strat\u00e9gies de communication empathiques et centr\u00e9es sur le patient. Une attention particuli\u00e8re est accord\u00e9e aux besoins des m\u00e8res en situation de handicap, qui sont souvent confront\u00e9es \u00e0 des d\u00e9fis uniques dans les \u00e9tablissements de sant\u00e9. En int\u00e9grant cette simulation dans les programmes de formation, les professionnels de sant\u00e9 actuels et futurs peuvent acqu\u00e9rir la conscience, les comp\u00e9tences et la sensibilit\u00e9 n\u00e9cessaires pour fournir des soins \u00e9quitables, inclusifs et centr\u00e9s sur la personne.<\/p>\n\n\n\n<h4 class=\"wp-block-heading has-text-color has-link-color wp-elements-363c68bd99e6619bc26710d0bed292de\" style=\"color:#f42e17\">Hardware Compatibility Notice \u2757<\/h4>\n\n\n\n<p>Veuillez noter que les sc\u00e9narios 3D\/VR sont optimis\u00e9s <strong>uniquement pour les ordinateurs fixes et portables<\/strong>. Cette fonctionnalit\u00e9 n'est <strong>pas prise en charge sur les appareils mobiles<\/strong> (smartphones ou tablettes). Afin de garantir la stabilit\u00e9 et la performance du syst\u00e8me, nous vous invitons \u00e0 acc\u00e9der \u00e0 ce module via un navigateur compatible sur ordinateur.<\/p>\n\n\n\n<p>Pour une stabilit\u00e9 et une fluidit\u00e9 optimales, privil\u00e9giez Google Chrome. C'est actuellement le seul navigateur int\u00e9grant par d\u00e9faut notre acc\u00e9l\u00e9rateur de performance, vous garantissant une immersion VR sans latence ni erreurs de suivi (tracking). Si vous pr\u00e9f\u00e9rez utiliser un autre navigateur (tel que Safari ou Mozilla Firefox), [<a href=\"https:\/\/assistproject.eu\/fr\/browser-instructions\/\">cliquez ici<\/a>] pour consulter les instructions d'activation manuelle de l'acc\u00e9l\u00e9rateur.<\/p>","protected":false},"excerpt":{"rendered":"<p>The 3D Simulation of an Inclusive Clinical<\/p>","protected":false},"author":1,"featured_media":0,"parent":0,"menu_order":0,"comment_status":"closed","ping_status":"closed","template":"scenarios-page.php","meta":{"_uag_custom_page_level_css":"","footnotes":""},"class_list":["post-737","page","type-page","status-publish","hentry"],"yoast_head":"<!-- This site is optimized with the Yoast SEO plugin v22.7 - https:\/\/yoast.com\/wordpress\/plugins\/seo\/ -->\n<title>3D Scenarios | Assist<\/title>\n<meta name=\"robots\" content=\"index, follow, max-snippet:-1, max-image-preview:large, max-video-preview:-1\" \/>\n<link rel=\"canonical\" href=\"https:\/\/assistproject.eu\/fr\/3d-scenarios\/\" \/>\n<meta property=\"og:locale\" content=\"fr_FR\" \/>\n<meta property=\"og:type\" content=\"article\" \/>\n<meta property=\"og:title\" content=\"3D Scenarios | Assist\" \/>\n<meta property=\"og:description\" content=\"The 3D Simulation of an Inclusive Clinical\" \/>\n<meta property=\"og:url\" content=\"https:\/\/assistproject.eu\/fr\/3d-scenarios\/\" \/>\n<meta property=\"og:site_name\" content=\"Assist\" \/>\n<meta property=\"article:modified_time\" content=\"2026-03-16T10:05:54+00:00\" \/>\n<meta property=\"og:image\" content=\"https:\/\/assistproject.eu\/wp-content\/uploads\/2024\/05\/assist-logo.png\" \/>\n\t<meta property=\"og:image:width\" content=\"1570\" \/>\n\t<meta property=\"og:image:height\" content=\"771\" \/>\n\t<meta property=\"og:image:type\" content=\"image\/png\" \/>\n<meta name=\"twitter:card\" content=\"summary_large_image\" \/>\n<meta name=\"twitter:label1\" content=\"Dur\u00e9e de lecture estim\u00e9e\" \/>\n\t<meta name=\"twitter:data1\" content=\"2 minutes\" \/>\n<script type=\"application\/ld+json\" class=\"yoast-schema-graph\">{\"@context\":\"https:\/\/schema.org\",\"@graph\":[{\"@type\":\"WebPage\",\"@id\":\"https:\/\/assistproject.eu\/3d-scenarios\/\",\"url\":\"https:\/\/assistproject.eu\/3d-scenarios\/\",\"name\":\"3D Scenarios | Assist\",\"isPartOf\":{\"@id\":\"https:\/\/assistproject.eu\/#website\"},\"datePublished\":\"2025-11-12T10:09:26+00:00\",\"dateModified\":\"2026-03-16T10:05:54+00:00\",\"breadcrumb\":{\"@id\":\"https:\/\/assistproject.eu\/3d-scenarios\/#breadcrumb\"},\"inLanguage\":\"fr-FR\",\"potentialAction\":[{\"@type\":\"ReadAction\",\"target\":[\"https:\/\/assistproject.eu\/3d-scenarios\/\"]}]},{\"@type\":\"BreadcrumbList\",\"@id\":\"https:\/\/assistproject.eu\/3d-scenarios\/#breadcrumb\",\"itemListElement\":[{\"@type\":\"ListItem\",\"position\":1,\"name\":\"Home\",\"item\":\"https:\/\/assistproject.eu\/\"},{\"@type\":\"ListItem\",\"position\":2,\"name\":\"3D Scenarios\"}]},{\"@type\":\"WebSite\",\"@id\":\"https:\/\/assistproject.eu\/#website\",\"url\":\"https:\/\/assistproject.eu\/\",\"name\":\"Assist\",\"description\":\"\",\"publisher\":{\"@id\":\"https:\/\/assistproject.eu\/#organization\"},\"potentialAction\":[{\"@type\":\"SearchAction\",\"target\":{\"@type\":\"EntryPoint\",\"urlTemplate\":\"https:\/\/assistproject.eu\/?s={search_term_string}\"},\"query-input\":\"required name=search_term_string\"}],\"inLanguage\":\"fr-FR\"},{\"@type\":\"Organization\",\"@id\":\"https:\/\/assistproject.eu\/#organization\",\"name\":\"Assist\",\"url\":\"https:\/\/assistproject.eu\/\",\"logo\":{\"@type\":\"ImageObject\",\"inLanguage\":\"fr-FR\",\"@id\":\"https:\/\/assistproject.eu\/#\/schema\/logo\/image\/\",\"url\":\"https:\/\/assistproject.eu\/wp-content\/uploads\/2024\/05\/assist-logo.png\",\"contentUrl\":\"https:\/\/assistproject.eu\/wp-content\/uploads\/2024\/05\/assist-logo.png\",\"width\":1570,\"height\":771,\"caption\":\"Assist\"},\"image\":{\"@id\":\"https:\/\/assistproject.eu\/#\/schema\/logo\/image\/\"}}]}<\/script>\n<!-- \/ Yoast SEO plugin. -->","yoast_head_json":{"title":"3D Scenarios | Assist","robots":{"index":"index","follow":"follow","max-snippet":"max-snippet:-1","max-image-preview":"max-image-preview:large","max-video-preview":"max-video-preview:-1"},"canonical":"https:\/\/assistproject.eu\/fr\/3d-scenarios\/","og_locale":"fr_FR","og_type":"article","og_title":"3D Scenarios | Assist","og_description":"The 3D Simulation of an Inclusive Clinical","og_url":"https:\/\/assistproject.eu\/fr\/3d-scenarios\/","og_site_name":"Assist","article_modified_time":"2026-03-16T10:05:54+00:00","og_image":[{"width":1570,"height":771,"url":"https:\/\/assistproject.eu\/wp-content\/uploads\/2024\/05\/assist-logo.png","type":"image\/png"}],"twitter_card":"summary_large_image","twitter_misc":{"Dur\u00e9e de lecture estim\u00e9e":"2 minutes"},"schema":{"@context":"https:\/\/schema.org","@graph":[{"@type":"WebPage","@id":"https:\/\/assistproject.eu\/3d-scenarios\/","url":"https:\/\/assistproject.eu\/3d-scenarios\/","name":"3D Scenarios | Assist","isPartOf":{"@id":"https:\/\/assistproject.eu\/#website"},"datePublished":"2025-11-12T10:09:26+00:00","dateModified":"2026-03-16T10:05:54+00:00","breadcrumb":{"@id":"https:\/\/assistproject.eu\/3d-scenarios\/#breadcrumb"},"inLanguage":"fr-FR","potentialAction":[{"@type":"ReadAction","target":["https:\/\/assistproject.eu\/3d-scenarios\/"]}]},{"@type":"BreadcrumbList","@id":"https:\/\/assistproject.eu\/3d-scenarios\/#breadcrumb","itemListElement":[{"@type":"ListItem","position":1,"name":"Home","item":"https:\/\/assistproject.eu\/"},{"@type":"ListItem","position":2,"name":"3D Scenarios"}]},{"@type":"WebSite","@id":"https:\/\/assistproject.eu\/#website","url":"https:\/\/assistproject.eu\/","name":"Assist","description":"","publisher":{"@id":"https:\/\/assistproject.eu\/#organization"},"potentialAction":[{"@type":"SearchAction","target":{"@type":"EntryPoint","urlTemplate":"https:\/\/assistproject.eu\/?s={search_term_string}"},"query-input":"required name=search_term_string"}],"inLanguage":"fr-FR"},{"@type":"Organization","@id":"https:\/\/assistproject.eu\/#organization","name":"Assist","url":"https:\/\/assistproject.eu\/","logo":{"@type":"ImageObject","inLanguage":"fr-FR","@id":"https:\/\/assistproject.eu\/#\/schema\/logo\/image\/","url":"https:\/\/assistproject.eu\/wp-content\/uploads\/2024\/05\/assist-logo.png","contentUrl":"https:\/\/assistproject.eu\/wp-content\/uploads\/2024\/05\/assist-logo.png","width":1570,"height":771,"caption":"Assist"},"image":{"@id":"https:\/\/assistproject.eu\/#\/schema\/logo\/image\/"}}]}},"uagb_featured_image_src":{"full":false,"thumbnail":false,"medium":false,"medium_large":false,"large":false,"1536x1536":false,"2048x2048":false,"trp-custom-language-flag":false,"depicter-thumbnail":false},"uagb_author_info":{"display_name":"admin","author_link":"https:\/\/assistproject.eu\/fr\/author\/assistwpadmn\/"},"uagb_comment_info":0,"uagb_excerpt":"The 3D Simulation of an Inclusive Clinical","_links":{"self":[{"href":"https:\/\/assistproject.eu\/fr\/wp-json\/wp\/v2\/pages\/737","targetHints":{"allow":["GET"]}}],"collection":[{"href":"https:\/\/assistproject.eu\/fr\/wp-json\/wp\/v2\/pages"}],"about":[{"href":"https:\/\/assistproject.eu\/fr\/wp-json\/wp\/v2\/types\/page"}],"author":[{"embeddable":true,"href":"https:\/\/assistproject.eu\/fr\/wp-json\/wp\/v2\/users\/1"}],"replies":[{"embeddable":true,"href":"https:\/\/assistproject.eu\/fr\/wp-json\/wp\/v2\/comments?post=737"}],"version-history":[{"count":0,"href":"https:\/\/assistproject.eu\/fr\/wp-json\/wp\/v2\/pages\/737\/revisions"}],"wp:attachment":[{"href":"https:\/\/assistproject.eu\/fr\/wp-json\/wp\/v2\/media?parent=737"}],"curies":[{"name":"wp","href":"https:\/\/api.w.org\/{rel}","templated":true}]}}