{"id":770,"date":"2025-11-26T14:46:39","date_gmt":"2025-11-26T14:46:39","guid":{"rendered":"https:\/\/assistproject.eu\/?page_id=770"},"modified":"2025-11-26T14:46:42","modified_gmt":"2025-11-26T14:46:42","slug":"honor-code","status":"publish","type":"page","link":"https:\/\/assistproject.eu\/fr\/honor-code\/","title":{"rendered":"Code d'honneur"},"content":{"rendered":"<p><strong>R\u00c8GLES DE CONDUITE EN LIGNE<\/strong>&nbsp;<\/p>\n\n\n\n<p>Vous acceptez d'\u00eatre responsable de votre utilisation de l'ASSIST VLE et de vos publications. Les \u00ab publications de l'utilisateur \u00bb d\u00e9signent tout contenu soumis, publi\u00e9 ou distribu\u00e9 sur l'ASSIST VLE par vous-m\u00eame ou d'autres utilisateurs de l'ASSIST VLE, y compris, mais sans s'y limiter, toutes les publications sur les forums, les modifications du wiki, les notes, les questions, les commentaires, les vid\u00e9os et les t\u00e9l\u00e9chargements de fichiers. Vous acceptez d'utiliser l'ASSIST VLE conform\u00e9ment aux conditions d'utilisation et \u00e0 toutes les lois, r\u00e8gles et r\u00e9glementations locales, r\u00e9gionales, nationales et internationales applicables, y compris les lois sur les droits d'auteur, toutes les lois relatives \u00e0 la transmission de donn\u00e9es techniques export\u00e9es depuis votre pays de r\u00e9sidence et toutes les lois europ\u00e9ennes sur le contr\u00f4le des exportations.&nbsp;&nbsp;<\/p>\n\n\n\n<p>Pour pouvoir utiliser l'ASSIST VLE, vous ne devez pas utiliser l'environnement d'apprentissage virtuel ASSIST de mani\u00e8re \u00e0 endommager, d\u00e9sactiver, surcharger ou alt\u00e9rer tout serveur ASSIST ou tout r\u00e9seau connect\u00e9 \u00e0 un serveur ASSIST, ni \u00e0 interf\u00e9rer avec l'utilisation et la jouissance du site ASSIST par toute autre partie. Vous ne devez pas tenter d'obtenir un acc\u00e8s non autoris\u00e9 \u00e0 l'ASSIST VLE, \u00e0 d'autres comptes, \u00e0 des syst\u00e8mes informatiques ou \u00e0 des r\u00e9seaux connect\u00e9s \u00e0 un serveur par le biais du piratage, de l'extraction de mots de passe ou de tout autre moyen. Vous ne devez pas obtenir ou tenter d'obtenir des documents ou des informations stock\u00e9s sur l'ASSIST VLE, ses serveurs ou les ordinateurs associ\u00e9s par des moyens qui ne sont pas intentionnellement mis \u00e0 disposition par l'ASSIST VLE. Si vous \u00eates un utilisateur enregistr\u00e9, vous ne devez pas partager votre mot de passe ni laisser quiconque acc\u00e9der \u00e0 votre compte ou le compromettre.&nbsp;<\/p>\n\n\n\n<p>Les ressources p\u00e9dagogiques ASSIST sont propos\u00e9es gratuitement et ouvertement aux enseignants, aux \u00e9tudiants et aux autodidactes pour qu'ils les utilisent, les r\u00e9utilisent, les adaptent et les partagent via l'environnement d'apprentissage virtuel ASSIST. Les restrictions impos\u00e9es concernent la r\u00e9utilisation commerciale du mat\u00e9riel ainsi que l'attribution des cr\u00e9dits et des licences appropri\u00e9s lors de la r\u00e9utilisation du mat\u00e9riel. Ainsi, les ressources seront publi\u00e9es sous la licence Creative Commons Attribution-NonCommercial 4.0 International. Toutefois, vous acceptez de ne pas extraire ou t\u00e9l\u00e9charger en masse tout autre contenu ASSIST VLE, y compris, mais sans s'y limiter, la liste ou le r\u00e9pertoire des utilisateurs du syst\u00e8me, les publications ou les informations des utilisateurs, ou les marques commerciales et logos. Vous acceptez de ne pas d\u00e9former ou tenter de d\u00e9former votre identit\u00e9 lorsque vous utilisez ASSIST VLE (bien que vous soyez invit\u00e9 et encourag\u00e9 \u00e0 utiliser un nom d'utilisateur anonyme dans les forums et \u00e0 agir de mani\u00e8re \u00e0 dissimuler votre identit\u00e9).&nbsp;<\/p>\n\n\n\n<p><strong>\u00c9L\u00c9MENTS STRICTEMENT INTERDITS<\/strong>&nbsp;<\/p>\n\n\n\n<p>LES \u00c9L\u00c9MENTS SUIVANTS SONT STRICTEMENT INTERDITS SUR LE SITE ASSIST :&nbsp;<\/p>\n\n\n\n<ul class=\"wp-block-list\">\n<li>Contenu diffamatoire, harcelant ou mena\u00e7ant envers autrui ;\u00a0<\/li>\n<\/ul>\n\n\n\n<ul class=\"wp-block-list\">\n<li>Contenu discutant d'activit\u00e9s ill\u00e9gales dans l'intention de les commettre ;\u00a0<\/li>\n<\/ul>\n\n\n\n<ul class=\"wp-block-list\">\n<li>Contenu enfreignant la propri\u00e9t\u00e9 intellectuelle d'autrui, y compris, mais sans s'y limiter, les droits d'auteur ou les marques d\u00e9pos\u00e9es ;\u00a0<\/li>\n<\/ul>\n\n\n\n<ul class=\"wp-block-list\">\n<li>Contenu blasph\u00e9matoire, pornographique, obsc\u00e8ne, ind\u00e9cent ou ill\u00e9gal ;\u00a0<\/li>\n<\/ul>\n\n\n\n<ul class=\"wp-block-list\">\n<li>Publicit\u00e9 ou toute forme de sollicitation commerciale ;\u00a0<\/li>\n<\/ul>\n\n\n\n<ul class=\"wp-block-list\">\n<li>Contenu li\u00e9 \u00e0 des activit\u00e9s politiques partisanes ;\u00a0<\/li>\n<\/ul>\n\n\n\n<ul class=\"wp-block-list\">\n<li>Virus, chevaux de Troie, vers informatiques, virus de bombe logiques, fichiers corrompus, logiciels malveillants, logiciels espions ou tout autre logiciel similaire susceptible d'endommager le fonctionnement de l'ordinateur ou des biens d'autrui ; et\u00a0<\/li>\n<\/ul>\n\n\n\n<ul class=\"wp-block-list\">\n<li>Contenu contenant des informations intentionnellement inexactes ou publi\u00e9 dans le but de tromper autrui (cette liste, collectivement, \u00ab \u00c9l\u00e9ments strictement interdits \u00bb).\u00a0<\/li>\n<\/ul>\n\n\n\n<p>Vous ne pouvez pas soumettre, publier, partager ou distribuer de quelque mani\u00e8re que ce soit les \u00e9l\u00e9ments strictement interdits ci-dessus sur ou via l'environnement d'apprentissage virtuel ASSIST.&nbsp;<\/p>","protected":false},"excerpt":{"rendered":"<p>RULES FOR ONLINE CONDUCT&nbsp; You agree that<\/p>","protected":false},"author":1,"featured_media":0,"parent":0,"menu_order":0,"comment_status":"closed","ping_status":"closed","template":"","meta":{"_uag_custom_page_level_css":"","footnotes":""},"class_list":["post-770","page","type-page","status-publish","hentry"],"yoast_head":"<!-- This site is optimized with the Yoast SEO plugin v22.7 - https:\/\/yoast.com\/wordpress\/plugins\/seo\/ -->\n<title>Honor Code | Assist<\/title>\n<meta name=\"robots\" content=\"index, follow, max-snippet:-1, max-image-preview:large, max-video-preview:-1\" \/>\n<link rel=\"canonical\" href=\"https:\/\/assistproject.eu\/fr\/honor-code\/\" \/>\n<meta property=\"og:locale\" content=\"fr_FR\" \/>\n<meta property=\"og:type\" content=\"article\" \/>\n<meta property=\"og:title\" content=\"Honor Code | Assist\" \/>\n<meta property=\"og:description\" content=\"RULES FOR ONLINE CONDUCT&nbsp; You agree that\" \/>\n<meta property=\"og:url\" content=\"https:\/\/assistproject.eu\/fr\/honor-code\/\" \/>\n<meta property=\"og:site_name\" content=\"Assist\" \/>\n<meta property=\"article:modified_time\" content=\"2025-11-26T14:46:42+00:00\" \/>\n<meta property=\"og:image\" content=\"https:\/\/assistproject.eu\/wp-content\/uploads\/2024\/05\/assist-logo.png\" \/>\n\t<meta property=\"og:image:width\" content=\"1570\" \/>\n\t<meta property=\"og:image:height\" content=\"771\" \/>\n\t<meta property=\"og:image:type\" content=\"image\/png\" \/>\n<meta name=\"twitter:card\" content=\"summary_large_image\" \/>\n<meta name=\"twitter:label1\" content=\"Dur\u00e9e de lecture estim\u00e9e\" \/>\n\t<meta name=\"twitter:data1\" content=\"3 minutes\" \/>\n<script type=\"application\/ld+json\" class=\"yoast-schema-graph\">{\"@context\":\"https:\/\/schema.org\",\"@graph\":[{\"@type\":\"WebPage\",\"@id\":\"https:\/\/assistproject.eu\/honor-code\/\",\"url\":\"https:\/\/assistproject.eu\/honor-code\/\",\"name\":\"Honor Code | Assist\",\"isPartOf\":{\"@id\":\"https:\/\/assistproject.eu\/#website\"},\"datePublished\":\"2025-11-26T14:46:39+00:00\",\"dateModified\":\"2025-11-26T14:46:42+00:00\",\"breadcrumb\":{\"@id\":\"https:\/\/assistproject.eu\/honor-code\/#breadcrumb\"},\"inLanguage\":\"fr-FR\",\"potentialAction\":[{\"@type\":\"ReadAction\",\"target\":[\"https:\/\/assistproject.eu\/honor-code\/\"]}]},{\"@type\":\"BreadcrumbList\",\"@id\":\"https:\/\/assistproject.eu\/honor-code\/#breadcrumb\",\"itemListElement\":[{\"@type\":\"ListItem\",\"position\":1,\"name\":\"Home\",\"item\":\"https:\/\/assistproject.eu\/\"},{\"@type\":\"ListItem\",\"position\":2,\"name\":\"Honor Code\"}]},{\"@type\":\"WebSite\",\"@id\":\"https:\/\/assistproject.eu\/#website\",\"url\":\"https:\/\/assistproject.eu\/\",\"name\":\"Assist\",\"description\":\"\",\"publisher\":{\"@id\":\"https:\/\/assistproject.eu\/#organization\"},\"potentialAction\":[{\"@type\":\"SearchAction\",\"target\":{\"@type\":\"EntryPoint\",\"urlTemplate\":\"https:\/\/assistproject.eu\/?s={search_term_string}\"},\"query-input\":\"required name=search_term_string\"}],\"inLanguage\":\"fr-FR\"},{\"@type\":\"Organization\",\"@id\":\"https:\/\/assistproject.eu\/#organization\",\"name\":\"Assist\",\"url\":\"https:\/\/assistproject.eu\/\",\"logo\":{\"@type\":\"ImageObject\",\"inLanguage\":\"fr-FR\",\"@id\":\"https:\/\/assistproject.eu\/#\/schema\/logo\/image\/\",\"url\":\"https:\/\/assistproject.eu\/wp-content\/uploads\/2024\/05\/assist-logo.png\",\"contentUrl\":\"https:\/\/assistproject.eu\/wp-content\/uploads\/2024\/05\/assist-logo.png\",\"width\":1570,\"height\":771,\"caption\":\"Assist\"},\"image\":{\"@id\":\"https:\/\/assistproject.eu\/#\/schema\/logo\/image\/\"}}]}<\/script>\n<!-- \/ Yoast SEO plugin. -->","yoast_head_json":{"title":"Honor Code | Assist","robots":{"index":"index","follow":"follow","max-snippet":"max-snippet:-1","max-image-preview":"max-image-preview:large","max-video-preview":"max-video-preview:-1"},"canonical":"https:\/\/assistproject.eu\/fr\/honor-code\/","og_locale":"fr_FR","og_type":"article","og_title":"Honor Code | Assist","og_description":"RULES FOR ONLINE CONDUCT&nbsp; You agree that","og_url":"https:\/\/assistproject.eu\/fr\/honor-code\/","og_site_name":"Assist","article_modified_time":"2025-11-26T14:46:42+00:00","og_image":[{"width":1570,"height":771,"url":"https:\/\/assistproject.eu\/wp-content\/uploads\/2024\/05\/assist-logo.png","type":"image\/png"}],"twitter_card":"summary_large_image","twitter_misc":{"Dur\u00e9e de lecture estim\u00e9e":"3 minutes"},"schema":{"@context":"https:\/\/schema.org","@graph":[{"@type":"WebPage","@id":"https:\/\/assistproject.eu\/honor-code\/","url":"https:\/\/assistproject.eu\/honor-code\/","name":"Honor Code | Assist","isPartOf":{"@id":"https:\/\/assistproject.eu\/#website"},"datePublished":"2025-11-26T14:46:39+00:00","dateModified":"2025-11-26T14:46:42+00:00","breadcrumb":{"@id":"https:\/\/assistproject.eu\/honor-code\/#breadcrumb"},"inLanguage":"fr-FR","potentialAction":[{"@type":"ReadAction","target":["https:\/\/assistproject.eu\/honor-code\/"]}]},{"@type":"BreadcrumbList","@id":"https:\/\/assistproject.eu\/honor-code\/#breadcrumb","itemListElement":[{"@type":"ListItem","position":1,"name":"Home","item":"https:\/\/assistproject.eu\/"},{"@type":"ListItem","position":2,"name":"Honor Code"}]},{"@type":"WebSite","@id":"https:\/\/assistproject.eu\/#website","url":"https:\/\/assistproject.eu\/","name":"Assist","description":"","publisher":{"@id":"https:\/\/assistproject.eu\/#organization"},"potentialAction":[{"@type":"SearchAction","target":{"@type":"EntryPoint","urlTemplate":"https:\/\/assistproject.eu\/?s={search_term_string}"},"query-input":"required name=search_term_string"}],"inLanguage":"fr-FR"},{"@type":"Organization","@id":"https:\/\/assistproject.eu\/#organization","name":"Assist","url":"https:\/\/assistproject.eu\/","logo":{"@type":"ImageObject","inLanguage":"fr-FR","@id":"https:\/\/assistproject.eu\/#\/schema\/logo\/image\/","url":"https:\/\/assistproject.eu\/wp-content\/uploads\/2024\/05\/assist-logo.png","contentUrl":"https:\/\/assistproject.eu\/wp-content\/uploads\/2024\/05\/assist-logo.png","width":1570,"height":771,"caption":"Assist"},"image":{"@id":"https:\/\/assistproject.eu\/#\/schema\/logo\/image\/"}}]}},"uagb_featured_image_src":{"full":false,"thumbnail":false,"medium":false,"medium_large":false,"large":false,"1536x1536":false,"2048x2048":false,"trp-custom-language-flag":false,"depicter-thumbnail":false},"uagb_author_info":{"display_name":"admin","author_link":"https:\/\/assistproject.eu\/fr\/author\/assistwpadmn\/"},"uagb_comment_info":0,"uagb_excerpt":"RULES FOR ONLINE CONDUCT&nbsp; You agree that","_links":{"self":[{"href":"https:\/\/assistproject.eu\/fr\/wp-json\/wp\/v2\/pages\/770","targetHints":{"allow":["GET"]}}],"collection":[{"href":"https:\/\/assistproject.eu\/fr\/wp-json\/wp\/v2\/pages"}],"about":[{"href":"https:\/\/assistproject.eu\/fr\/wp-json\/wp\/v2\/types\/page"}],"author":[{"embeddable":true,"href":"https:\/\/assistproject.eu\/fr\/wp-json\/wp\/v2\/users\/1"}],"replies":[{"embeddable":true,"href":"https:\/\/assistproject.eu\/fr\/wp-json\/wp\/v2\/comments?post=770"}],"version-history":[{"count":0,"href":"https:\/\/assistproject.eu\/fr\/wp-json\/wp\/v2\/pages\/770\/revisions"}],"wp:attachment":[{"href":"https:\/\/assistproject.eu\/fr\/wp-json\/wp\/v2\/media?parent=770"}],"curies":[{"name":"wp","href":"https:\/\/api.w.org\/{rel}","templated":true}]}}