{"id":800,"date":"2026-03-16T09:55:13","date_gmt":"2026-03-16T09:55:13","guid":{"rendered":"https:\/\/assistproject.eu\/?page_id=800"},"modified":"2026-03-16T10:00:53","modified_gmt":"2026-03-16T10:00:53","slug":"browser-instructions","status":"publish","type":"page","link":"https:\/\/assistproject.eu\/fr\/browser-instructions\/","title":{"rendered":"Browser Instructions"},"content":{"rendered":"<p class=\"has-text-align-left translation-block\"><strong>Mozilla Firefox<\/strong><br><strong>\u00c9tape 1:<\/strong>\u00a0Ouvrez le menu (trois lignes) et s\u00e9lectionnez\u00a0<strong>Param\u00e8tres<\/strong>.<br><strong>\u00c9tape 2:<\/strong>\u00a0Dans le panneau\u00a0<strong>G\u00e9n\u00e9ral,<\/strong>\u00a0faites d\u00e9filer jusqu'\u00e0 la section\u00a0<strong>Performances.<\/strong><br><strong>\u00c9tape 3:<\/strong> D\u00e9cochez \"Utiliser les param\u00e8tres de performance recommand\u00e9s\".<br><strong>\u00c9tape 4:<\/strong>\u00a0Cochez la case\u00a0<strong>\"Utiliser l'acc\u00e9l\u00e9ration graphique mat\u00e9rielle si disponible\"<\/strong>.<\/p>\n\n\n<div class=\"wp-block-image\">\n<figure class=\"aligncenter size-large\"><img loading=\"lazy\" decoding=\"async\" width=\"671\" height=\"1024\" src=\"https:\/\/assistproject.eu\/wp-content\/uploads\/2026\/03\/firefox_steps-671x1024.jpg\" alt=\"firefox steps\" class=\"wp-image-801\" srcset=\"https:\/\/assistproject.eu\/wp-content\/uploads\/2026\/03\/firefox_steps-671x1024.jpg 671w, https:\/\/assistproject.eu\/wp-content\/uploads\/2026\/03\/firefox_steps-197x300.jpg 197w, https:\/\/assistproject.eu\/wp-content\/uploads\/2026\/03\/firefox_steps-768x1171.jpg 768w, https:\/\/assistproject.eu\/wp-content\/uploads\/2026\/03\/firefox_steps-1007x1536.jpg 1007w, https:\/\/assistproject.eu\/wp-content\/uploads\/2026\/03\/firefox_steps-8x12.jpg 8w, https:\/\/assistproject.eu\/wp-content\/uploads\/2026\/03\/firefox_steps-200x305.jpg 200w, https:\/\/assistproject.eu\/wp-content\/uploads\/2026\/03\/firefox_steps.jpg 1200w\" sizes=\"auto, (max-width: 671px) 100vw, 671px\" \/><\/figure>\n<\/div>\n\n\n<p class=\"translation-block\"><strong>Apple Safari (macOS)<\/strong><br><em>Remarque : Safari g\u00e8re automatiquement l'acc\u00e9l\u00e9ration, mais les utilisateurs peuvent activer ou d\u00e9sactiver certaines fonctionnalit\u00e9s \u00ab GPU \u00bb via le menu \u00ab D\u00e9veloppeur \u00bb.<\/em><br><strong>\u00c9tape 1:<\/strong>\u00a0Allez dans\u00a0<strong>Safari<\/strong>\u00a0&gt;\u00a0<strong>R\u00e9glages<\/strong>\u00a0&gt;\u00a0<strong>Avanc\u00e9s<\/strong>.<br><strong>\u00c9tape 2:<\/strong>\u00a0Cochez \"Afficher les fonctionnalit\u00e9s pour les d\u00e9veloppeurs web\".<br><strong>\u00c9tape 3:<\/strong>\u00a0Dans le menu\u00a0<strong>D\u00e9veloppement,<\/strong>\u00a0trouvez\u00a0<strong>Fonctionnalit\u00e9s exp\u00e9rimentales.<\/strong><br><strong>\u00c9tape 4:<\/strong>\u00a0Activez\u00a0<strong>GPU Process: Canvas Rendering.<\/strong><\/p>\n\n\n<div class=\"wp-block-image\">\n<figure class=\"aligncenter size-large\"><img loading=\"lazy\" decoding=\"async\" width=\"556\" height=\"1024\" src=\"https:\/\/assistproject.eu\/wp-content\/uploads\/2026\/03\/safari_steps-556x1024.jpg\" alt=\"safari steps\" class=\"wp-image-802\" srcset=\"https:\/\/assistproject.eu\/wp-content\/uploads\/2026\/03\/safari_steps-556x1024.jpg 556w, https:\/\/assistproject.eu\/wp-content\/uploads\/2026\/03\/safari_steps-163x300.jpg 163w, https:\/\/assistproject.eu\/wp-content\/uploads\/2026\/03\/safari_steps-768x1414.jpg 768w, https:\/\/assistproject.eu\/wp-content\/uploads\/2026\/03\/safari_steps-834x1536.jpg 834w, https:\/\/assistproject.eu\/wp-content\/uploads\/2026\/03\/safari_steps-1112x2048.jpg 1112w, https:\/\/assistproject.eu\/wp-content\/uploads\/2026\/03\/safari_steps-7x12.jpg 7w, https:\/\/assistproject.eu\/wp-content\/uploads\/2026\/03\/safari_steps-200x368.jpg 200w, https:\/\/assistproject.eu\/wp-content\/uploads\/2026\/03\/safari_steps.jpg 1200w\" sizes=\"auto, (max-width: 556px) 100vw, 556px\" \/><\/figure>\n<\/div>","protected":false},"excerpt":{"rendered":"<p>Mozilla FirefoxStep 1:&nbsp;Open the menu (three lines)<\/p>","protected":false},"author":1,"featured_media":0,"parent":0,"menu_order":0,"comment_status":"closed","ping_status":"closed","template":"","meta":{"_uag_custom_page_level_css":"","footnotes":""},"class_list":["post-800","page","type-page","status-publish","hentry"],"yoast_head":"<!-- This site is optimized with the Yoast SEO plugin v22.7 - https:\/\/yoast.com\/wordpress\/plugins\/seo\/ -->\n<title>Browser Instructions | Assist<\/title>\n<meta name=\"robots\" content=\"index, follow, max-snippet:-1, max-image-preview:large, max-video-preview:-1\" \/>\n<link rel=\"canonical\" href=\"https:\/\/assistproject.eu\/fr\/browser-instructions\/\" \/>\n<meta property=\"og:locale\" content=\"fr_FR\" \/>\n<meta property=\"og:type\" content=\"article\" \/>\n<meta property=\"og:title\" content=\"Browser Instructions | Assist\" \/>\n<meta property=\"og:description\" content=\"Mozilla FirefoxStep 1:&nbsp;Open the menu (three lines)\" \/>\n<meta property=\"og:url\" content=\"https:\/\/assistproject.eu\/fr\/browser-instructions\/\" \/>\n<meta property=\"og:site_name\" content=\"Assist\" \/>\n<meta property=\"article:modified_time\" content=\"2026-03-16T10:00:53+00:00\" \/>\n<meta property=\"og:image\" content=\"https:\/\/assistproject.eu\/wp-content\/uploads\/2026\/03\/firefox_steps-671x1024.jpg\" \/>\n<meta name=\"twitter:card\" content=\"summary_large_image\" \/>\n<meta name=\"twitter:label1\" content=\"Dur\u00e9e de lecture estim\u00e9e\" \/>\n\t<meta name=\"twitter:data1\" content=\"1 minute\" \/>\n<script type=\"application\/ld+json\" class=\"yoast-schema-graph\">{\"@context\":\"https:\/\/schema.org\",\"@graph\":[{\"@type\":\"WebPage\",\"@id\":\"https:\/\/assistproject.eu\/browser-instructions\/\",\"url\":\"https:\/\/assistproject.eu\/browser-instructions\/\",\"name\":\"Browser Instructions | Assist\",\"isPartOf\":{\"@id\":\"https:\/\/assistproject.eu\/#website\"},\"primaryImageOfPage\":{\"@id\":\"https:\/\/assistproject.eu\/browser-instructions\/#primaryimage\"},\"image\":{\"@id\":\"https:\/\/assistproject.eu\/browser-instructions\/#primaryimage\"},\"thumbnailUrl\":\"https:\/\/assistproject.eu\/wp-content\/uploads\/2026\/03\/firefox_steps-671x1024.jpg\",\"datePublished\":\"2026-03-16T09:55:13+00:00\",\"dateModified\":\"2026-03-16T10:00:53+00:00\",\"breadcrumb\":{\"@id\":\"https:\/\/assistproject.eu\/browser-instructions\/#breadcrumb\"},\"inLanguage\":\"fr-FR\",\"potentialAction\":[{\"@type\":\"ReadAction\",\"target\":[\"https:\/\/assistproject.eu\/browser-instructions\/\"]}]},{\"@type\":\"ImageObject\",\"inLanguage\":\"fr-FR\",\"@id\":\"https:\/\/assistproject.eu\/browser-instructions\/#primaryimage\",\"url\":\"https:\/\/assistproject.eu\/wp-content\/uploads\/2026\/03\/firefox_steps-671x1024.jpg\",\"contentUrl\":\"https:\/\/assistproject.eu\/wp-content\/uploads\/2026\/03\/firefox_steps-671x1024.jpg\"},{\"@type\":\"BreadcrumbList\",\"@id\":\"https:\/\/assistproject.eu\/browser-instructions\/#breadcrumb\",\"itemListElement\":[{\"@type\":\"ListItem\",\"position\":1,\"name\":\"Home\",\"item\":\"https:\/\/assistproject.eu\/\"},{\"@type\":\"ListItem\",\"position\":2,\"name\":\"Browser Instructions\"}]},{\"@type\":\"WebSite\",\"@id\":\"https:\/\/assistproject.eu\/#website\",\"url\":\"https:\/\/assistproject.eu\/\",\"name\":\"Assist\",\"description\":\"\",\"publisher\":{\"@id\":\"https:\/\/assistproject.eu\/#organization\"},\"potentialAction\":[{\"@type\":\"SearchAction\",\"target\":{\"@type\":\"EntryPoint\",\"urlTemplate\":\"https:\/\/assistproject.eu\/?s={search_term_string}\"},\"query-input\":\"required name=search_term_string\"}],\"inLanguage\":\"fr-FR\"},{\"@type\":\"Organization\",\"@id\":\"https:\/\/assistproject.eu\/#organization\",\"name\":\"Assist\",\"url\":\"https:\/\/assistproject.eu\/\",\"logo\":{\"@type\":\"ImageObject\",\"inLanguage\":\"fr-FR\",\"@id\":\"https:\/\/assistproject.eu\/#\/schema\/logo\/image\/\",\"url\":\"https:\/\/assistproject.eu\/wp-content\/uploads\/2024\/05\/assist-logo.png\",\"contentUrl\":\"https:\/\/assistproject.eu\/wp-content\/uploads\/2024\/05\/assist-logo.png\",\"width\":1570,\"height\":771,\"caption\":\"Assist\"},\"image\":{\"@id\":\"https:\/\/assistproject.eu\/#\/schema\/logo\/image\/\"}}]}<\/script>\n<!-- \/ Yoast SEO plugin. -->","yoast_head_json":{"title":"Browser Instructions | Assist","robots":{"index":"index","follow":"follow","max-snippet":"max-snippet:-1","max-image-preview":"max-image-preview:large","max-video-preview":"max-video-preview:-1"},"canonical":"https:\/\/assistproject.eu\/fr\/browser-instructions\/","og_locale":"fr_FR","og_type":"article","og_title":"Browser Instructions | Assist","og_description":"Mozilla FirefoxStep 1:&nbsp;Open the menu (three lines)","og_url":"https:\/\/assistproject.eu\/fr\/browser-instructions\/","og_site_name":"Assist","article_modified_time":"2026-03-16T10:00:53+00:00","og_image":[{"url":"https:\/\/assistproject.eu\/wp-content\/uploads\/2026\/03\/firefox_steps-671x1024.jpg"}],"twitter_card":"summary_large_image","twitter_misc":{"Dur\u00e9e de lecture estim\u00e9e":"1 minute"},"schema":{"@context":"https:\/\/schema.org","@graph":[{"@type":"WebPage","@id":"https:\/\/assistproject.eu\/browser-instructions\/","url":"https:\/\/assistproject.eu\/browser-instructions\/","name":"Browser Instructions | Assist","isPartOf":{"@id":"https:\/\/assistproject.eu\/#website"},"primaryImageOfPage":{"@id":"https:\/\/assistproject.eu\/browser-instructions\/#primaryimage"},"image":{"@id":"https:\/\/assistproject.eu\/browser-instructions\/#primaryimage"},"thumbnailUrl":"https:\/\/assistproject.eu\/wp-content\/uploads\/2026\/03\/firefox_steps-671x1024.jpg","datePublished":"2026-03-16T09:55:13+00:00","dateModified":"2026-03-16T10:00:53+00:00","breadcrumb":{"@id":"https:\/\/assistproject.eu\/browser-instructions\/#breadcrumb"},"inLanguage":"fr-FR","potentialAction":[{"@type":"ReadAction","target":["https:\/\/assistproject.eu\/browser-instructions\/"]}]},{"@type":"ImageObject","inLanguage":"fr-FR","@id":"https:\/\/assistproject.eu\/browser-instructions\/#primaryimage","url":"https:\/\/assistproject.eu\/wp-content\/uploads\/2026\/03\/firefox_steps-671x1024.jpg","contentUrl":"https:\/\/assistproject.eu\/wp-content\/uploads\/2026\/03\/firefox_steps-671x1024.jpg"},{"@type":"BreadcrumbList","@id":"https:\/\/assistproject.eu\/browser-instructions\/#breadcrumb","itemListElement":[{"@type":"ListItem","position":1,"name":"Home","item":"https:\/\/assistproject.eu\/"},{"@type":"ListItem","position":2,"name":"Browser Instructions"}]},{"@type":"WebSite","@id":"https:\/\/assistproject.eu\/#website","url":"https:\/\/assistproject.eu\/","name":"Assist","description":"","publisher":{"@id":"https:\/\/assistproject.eu\/#organization"},"potentialAction":[{"@type":"SearchAction","target":{"@type":"EntryPoint","urlTemplate":"https:\/\/assistproject.eu\/?s={search_term_string}"},"query-input":"required name=search_term_string"}],"inLanguage":"fr-FR"},{"@type":"Organization","@id":"https:\/\/assistproject.eu\/#organization","name":"Assist","url":"https:\/\/assistproject.eu\/","logo":{"@type":"ImageObject","inLanguage":"fr-FR","@id":"https:\/\/assistproject.eu\/#\/schema\/logo\/image\/","url":"https:\/\/assistproject.eu\/wp-content\/uploads\/2024\/05\/assist-logo.png","contentUrl":"https:\/\/assistproject.eu\/wp-content\/uploads\/2024\/05\/assist-logo.png","width":1570,"height":771,"caption":"Assist"},"image":{"@id":"https:\/\/assistproject.eu\/#\/schema\/logo\/image\/"}}]}},"uagb_featured_image_src":{"full":false,"thumbnail":false,"medium":false,"medium_large":false,"large":false,"1536x1536":false,"2048x2048":false,"trp-custom-language-flag":false,"depicter-thumbnail":false},"uagb_author_info":{"display_name":"admin","author_link":"https:\/\/assistproject.eu\/fr\/author\/assistwpadmn\/"},"uagb_comment_info":0,"uagb_excerpt":"Mozilla FirefoxStep 1:&nbsp;Open the menu (three lines)","_links":{"self":[{"href":"https:\/\/assistproject.eu\/fr\/wp-json\/wp\/v2\/pages\/800","targetHints":{"allow":["GET"]}}],"collection":[{"href":"https:\/\/assistproject.eu\/fr\/wp-json\/wp\/v2\/pages"}],"about":[{"href":"https:\/\/assistproject.eu\/fr\/wp-json\/wp\/v2\/types\/page"}],"author":[{"embeddable":true,"href":"https:\/\/assistproject.eu\/fr\/wp-json\/wp\/v2\/users\/1"}],"replies":[{"embeddable":true,"href":"https:\/\/assistproject.eu\/fr\/wp-json\/wp\/v2\/comments?post=800"}],"version-history":[{"count":0,"href":"https:\/\/assistproject.eu\/fr\/wp-json\/wp\/v2\/pages\/800\/revisions"}],"wp:attachment":[{"href":"https:\/\/assistproject.eu\/fr\/wp-json\/wp\/v2\/media?parent=800"}],"curies":[{"name":"wp","href":"https:\/\/api.w.org\/{rel}","templated":true}]}}