{"id":127,"date":"2024-05-29T10:45:00","date_gmt":"2024-05-29T10:45:00","guid":{"rendered":"https:\/\/assistproject.eu\/?page_id=127"},"modified":"2024-12-02T11:08:11","modified_gmt":"2024-12-02T11:08:11","slug":"about","status":"publish","type":"page","link":"https:\/\/assistproject.eu\/it\/about\/","title":{"rendered":"A proposito"},"content":{"rendered":"<div class=\"wp-block-uagb-container section-1 uagb-block-caf6ba2e alignfull uagb-is-root-container\"><div class=\"uagb-container-inner-blocks-wrap\">\n<div class=\"wp-block-uagb-container uagb-block-9f61df48\">\n<p>Le persone con disabilit\u00e0 in Europa continuano a scontrarsi con pregiudizi e discriminazioni, ambienti inaccessibili e barriere comportamentali. Le madri con disabilit\u00e0, in particolare, costituiscono un gruppo poco rappresentato e trascurato sia dalla politica che dal mondo della ricerca e della medicina.\u00a0<br><\/p>\n\n\n\n<p>Il personale sanitario svolge un ruolo essenziale nel fornire consigli e sostenere queste donne nel loro percorso verso la maternit\u00e0. Sfortunatamente queste ultime spesso denunciano casi di discriminazione e stigmatizzazione, dal momento che spesso viene loro negato l\u2019accesso a percorsi per la fecondazione assistita, sono spinte a porre fine alla gravidanza o a destinare i neonati all\u2019adozione. Secondo Perez et al. (2023, p. 16) un minore su venti nato da una madre con disabilit\u00e0 intellettiva viene affidato ai servizi sociali alla nascita. In molti casi il personale sanitario si affretta a dichiarare \u201cad alto rischio\u201d le gravidanze di donne con disabilit\u00e0 (Camilleri Zahra, ibid.), a prescindere dalla complessit\u00e0 del quadro clinico individuale. Questa pratica, associata all\u2019inadeguatezza delle cure prenatali, contribuisce a un aumento sproporzionato della frequenza dei parti cesarei tra le madri con disabilit\u00e0 intellettive (Perez et al., pp. 15 e 18). Altrettanto frequenti sono i casi di sterilizzazione forzata (European Disabilities Forum, 2022). Pertanto, appare evidente che le pratiche promosse da gran parte del personale medico impediscano di fatto alle donne con disabilit\u00e0 ad esercitare il loro diritto alla maternit\u00e0 e a una gravidanza sicura.\u00a0<\/p>\n<\/div>\n\n\n\n<div class=\"wp-block-uagb-container uagb-block-cc3c5545\">\n<figure class=\"wp-block-image size-full\"><img loading=\"lazy\" decoding=\"async\" width=\"544\" height=\"668\" src=\"https:\/\/assistproject.eu\/wp-content\/uploads\/2024\/05\/2.jpg\" alt=\"2\" class=\"wp-image-25\" srcset=\"https:\/\/assistproject.eu\/wp-content\/uploads\/2024\/05\/2.jpg 544w, https:\/\/assistproject.eu\/wp-content\/uploads\/2024\/05\/2-244x300.jpg 244w, https:\/\/assistproject.eu\/wp-content\/uploads\/2024\/05\/2-200x246.jpg 200w\" sizes=\"auto, (max-width: 544px) 100vw, 544px\" \/><\/figure>\n<\/div>\n<\/div><\/div>\n\n\n\n<div class=\"wp-block-uagb-container uagb-block-570be4fa alignfull uagb-is-root-container\"><div class=\"uagb-container-inner-blocks-wrap\">\n<p>Queste pratiche violano i diritti sanciti dalla Convenzione delle Nazioni Unite sui diritti delle persone con disabilit\u00e0 (CRPD), in particolare gli articoli 12, 16, 17, e 23. Questi articoli garantiscono pari capacit\u00e0 giuridica alle persone con disabilit\u00e0 (Articolo 12), protezione contro le violenze e gli abusi (Articolo 16), rispetto della propria integrit\u00e0 fisica e mentale (Articolo 17), inoltre tutelano il loro diritto a sposarsi, fondare una famiglia e conservare la loro fertilit\u00e0 su base di uguaglianza con gli altri (Articolo 23).\u00a0Tra gli altri articoli che riteniamo opportuno citare in questa sede ricordiamo: l\u2019articolo 6 (donne con disabilit\u00e0), l\u2019articolo 9 (accessibilit\u00e0) e l\u2019articolo 25 (salute) che ribadiscono il diritto di queste persone a non essere discriminate e ad avere accesso alle cure sanitarie.<\/p>\n\n\n\n<p>Il progetto ASSIST mira a contribuire a risolvere tali sfide:<\/p>\n\n\n\n<ul class=\"wp-block-list\">\n<li>creando degli ambienti sanitari inclusivi e accessibili per le donne e le madri con disabilit\u00e0 attraverso l\u2019istituzione di percorsi di formazione rivolti all\u025c studenti di medicina e al personale sanitario erogati all\u2019interno di un innovativo ecosistema digitale;<\/li>\n\n\n\n<li>sviluppando un programma di formazione completo per il personale medico-sanitario di oggi e di domani, nonch\u00e9 avviando delle campagne di sensibilizzazione volte a migliorare la capacit\u00e0 delle ONG di innescare un cambiamento a livello politico;<\/li>\n\n\n\n<li>promuovendo un atteggiamento positivo, rispettoso tra il personale sanitario nei confronti delle madri con disabilit\u00e0 affinch\u00e9 riconosca l\u2019importanza delle barriere sociali.<\/li>\n<\/ul>\n\n\n\n<p>Il progetto aderir\u00e0 alle linee guida per una \u201c<a href=\"https:\/\/www.un.org\/sites\/un2.un.org\/files\/un_disability-inclusive_communication_guidelines.pdf\" target=\"_blank\" rel=\"noreferrer noopener\">comunicazione inclusiva nei confronti delle persone con disabilit\u00e0<\/a>\u201d.<\/p>\n<\/div><\/div>","protected":false},"excerpt":{"rendered":"<p>Persons with disabilities in Europe continue to<\/p>","protected":false},"author":1,"featured_media":0,"parent":0,"menu_order":0,"comment_status":"closed","ping_status":"closed","template":"","meta":{"_uag_custom_page_level_css":"","footnotes":""},"class_list":["post-127","page","type-page","status-publish","hentry"],"yoast_head":"<!-- This site is optimized with the Yoast SEO plugin v22.7 - https:\/\/yoast.com\/wordpress\/plugins\/seo\/ -->\n<title>About | Assist<\/title>\n<meta name=\"robots\" content=\"index, follow, max-snippet:-1, max-image-preview:large, max-video-preview:-1\" \/>\n<link rel=\"canonical\" href=\"https:\/\/assistproject.eu\/it\/about\/\" \/>\n<meta property=\"og:locale\" content=\"it_IT\" \/>\n<meta property=\"og:type\" content=\"article\" \/>\n<meta property=\"og:title\" content=\"About | Assist\" \/>\n<meta property=\"og:description\" content=\"Persons with disabilities in Europe continue to\" \/>\n<meta property=\"og:url\" content=\"https:\/\/assistproject.eu\/it\/about\/\" \/>\n<meta property=\"og:site_name\" content=\"Assist\" \/>\n<meta property=\"article:modified_time\" content=\"2024-12-02T11:08:11+00:00\" \/>\n<meta property=\"og:image\" content=\"https:\/\/assistproject.eu\/wp-content\/uploads\/2024\/05\/2.jpg\" \/>\n<meta name=\"twitter:card\" content=\"summary_large_image\" \/>\n<meta name=\"twitter:label1\" content=\"Tempo di lettura stimato\" \/>\n\t<meta name=\"twitter:data1\" content=\"2 minuti\" \/>\n<script type=\"application\/ld+json\" class=\"yoast-schema-graph\">{\"@context\":\"https:\/\/schema.org\",\"@graph\":[{\"@type\":\"WebPage\",\"@id\":\"https:\/\/assistproject.eu\/about\/\",\"url\":\"https:\/\/assistproject.eu\/about\/\",\"name\":\"About | Assist\",\"isPartOf\":{\"@id\":\"https:\/\/assistproject.eu\/#website\"},\"primaryImageOfPage\":{\"@id\":\"https:\/\/assistproject.eu\/about\/#primaryimage\"},\"image\":{\"@id\":\"https:\/\/assistproject.eu\/about\/#primaryimage\"},\"thumbnailUrl\":\"https:\/\/assistproject.eu\/wp-content\/uploads\/2024\/05\/2.jpg\",\"datePublished\":\"2024-05-29T10:45:00+00:00\",\"dateModified\":\"2024-12-02T11:08:11+00:00\",\"breadcrumb\":{\"@id\":\"https:\/\/assistproject.eu\/about\/#breadcrumb\"},\"inLanguage\":\"it-IT\",\"potentialAction\":[{\"@type\":\"ReadAction\",\"target\":[\"https:\/\/assistproject.eu\/about\/\"]}]},{\"@type\":\"ImageObject\",\"inLanguage\":\"it-IT\",\"@id\":\"https:\/\/assistproject.eu\/about\/#primaryimage\",\"url\":\"https:\/\/assistproject.eu\/wp-content\/uploads\/2024\/05\/2.jpg\",\"contentUrl\":\"https:\/\/assistproject.eu\/wp-content\/uploads\/2024\/05\/2.jpg\"},{\"@type\":\"BreadcrumbList\",\"@id\":\"https:\/\/assistproject.eu\/about\/#breadcrumb\",\"itemListElement\":[{\"@type\":\"ListItem\",\"position\":1,\"name\":\"Home\",\"item\":\"https:\/\/assistproject.eu\/\"},{\"@type\":\"ListItem\",\"position\":2,\"name\":\"About\"}]},{\"@type\":\"WebSite\",\"@id\":\"https:\/\/assistproject.eu\/#website\",\"url\":\"https:\/\/assistproject.eu\/\",\"name\":\"Assist\",\"description\":\"\",\"publisher\":{\"@id\":\"https:\/\/assistproject.eu\/#organization\"},\"potentialAction\":[{\"@type\":\"SearchAction\",\"target\":{\"@type\":\"EntryPoint\",\"urlTemplate\":\"https:\/\/assistproject.eu\/?s={search_term_string}\"},\"query-input\":\"required name=search_term_string\"}],\"inLanguage\":\"it-IT\"},{\"@type\":\"Organization\",\"@id\":\"https:\/\/assistproject.eu\/#organization\",\"name\":\"Assist\",\"url\":\"https:\/\/assistproject.eu\/\",\"logo\":{\"@type\":\"ImageObject\",\"inLanguage\":\"it-IT\",\"@id\":\"https:\/\/assistproject.eu\/#\/schema\/logo\/image\/\",\"url\":\"https:\/\/assistproject.eu\/wp-content\/uploads\/2024\/05\/assist-logo.png\",\"contentUrl\":\"https:\/\/assistproject.eu\/wp-content\/uploads\/2024\/05\/assist-logo.png\",\"width\":1570,\"height\":771,\"caption\":\"Assist\"},\"image\":{\"@id\":\"https:\/\/assistproject.eu\/#\/schema\/logo\/image\/\"}}]}<\/script>\n<!-- \/ Yoast SEO plugin. -->","yoast_head_json":{"title":"About | Assist","robots":{"index":"index","follow":"follow","max-snippet":"max-snippet:-1","max-image-preview":"max-image-preview:large","max-video-preview":"max-video-preview:-1"},"canonical":"https:\/\/assistproject.eu\/it\/about\/","og_locale":"it_IT","og_type":"article","og_title":"About | Assist","og_description":"Persons with disabilities in Europe continue to","og_url":"https:\/\/assistproject.eu\/it\/about\/","og_site_name":"Assist","article_modified_time":"2024-12-02T11:08:11+00:00","og_image":[{"url":"https:\/\/assistproject.eu\/wp-content\/uploads\/2024\/05\/2.jpg"}],"twitter_card":"summary_large_image","twitter_misc":{"Tempo di lettura stimato":"2 minuti"},"schema":{"@context":"https:\/\/schema.org","@graph":[{"@type":"WebPage","@id":"https:\/\/assistproject.eu\/about\/","url":"https:\/\/assistproject.eu\/about\/","name":"About | Assist","isPartOf":{"@id":"https:\/\/assistproject.eu\/#website"},"primaryImageOfPage":{"@id":"https:\/\/assistproject.eu\/about\/#primaryimage"},"image":{"@id":"https:\/\/assistproject.eu\/about\/#primaryimage"},"thumbnailUrl":"https:\/\/assistproject.eu\/wp-content\/uploads\/2024\/05\/2.jpg","datePublished":"2024-05-29T10:45:00+00:00","dateModified":"2024-12-02T11:08:11+00:00","breadcrumb":{"@id":"https:\/\/assistproject.eu\/about\/#breadcrumb"},"inLanguage":"it-IT","potentialAction":[{"@type":"ReadAction","target":["https:\/\/assistproject.eu\/about\/"]}]},{"@type":"ImageObject","inLanguage":"it-IT","@id":"https:\/\/assistproject.eu\/about\/#primaryimage","url":"https:\/\/assistproject.eu\/wp-content\/uploads\/2024\/05\/2.jpg","contentUrl":"https:\/\/assistproject.eu\/wp-content\/uploads\/2024\/05\/2.jpg"},{"@type":"BreadcrumbList","@id":"https:\/\/assistproject.eu\/about\/#breadcrumb","itemListElement":[{"@type":"ListItem","position":1,"name":"Home","item":"https:\/\/assistproject.eu\/"},{"@type":"ListItem","position":2,"name":"About"}]},{"@type":"WebSite","@id":"https:\/\/assistproject.eu\/#website","url":"https:\/\/assistproject.eu\/","name":"Assist","description":"","publisher":{"@id":"https:\/\/assistproject.eu\/#organization"},"potentialAction":[{"@type":"SearchAction","target":{"@type":"EntryPoint","urlTemplate":"https:\/\/assistproject.eu\/?s={search_term_string}"},"query-input":"required name=search_term_string"}],"inLanguage":"it-IT"},{"@type":"Organization","@id":"https:\/\/assistproject.eu\/#organization","name":"Assist","url":"https:\/\/assistproject.eu\/","logo":{"@type":"ImageObject","inLanguage":"it-IT","@id":"https:\/\/assistproject.eu\/#\/schema\/logo\/image\/","url":"https:\/\/assistproject.eu\/wp-content\/uploads\/2024\/05\/assist-logo.png","contentUrl":"https:\/\/assistproject.eu\/wp-content\/uploads\/2024\/05\/assist-logo.png","width":1570,"height":771,"caption":"Assist"},"image":{"@id":"https:\/\/assistproject.eu\/#\/schema\/logo\/image\/"}}]}},"uagb_featured_image_src":{"full":false,"thumbnail":false,"medium":false,"medium_large":false,"large":false,"1536x1536":false,"2048x2048":false,"trp-custom-language-flag":false,"depicter-thumbnail":false},"uagb_author_info":{"display_name":"admin","author_link":"https:\/\/assistproject.eu\/it\/author\/assistwpadmn\/"},"uagb_comment_info":0,"uagb_excerpt":"Persons with disabilities in Europe continue to","_links":{"self":[{"href":"https:\/\/assistproject.eu\/it\/wp-json\/wp\/v2\/pages\/127","targetHints":{"allow":["GET"]}}],"collection":[{"href":"https:\/\/assistproject.eu\/it\/wp-json\/wp\/v2\/pages"}],"about":[{"href":"https:\/\/assistproject.eu\/it\/wp-json\/wp\/v2\/types\/page"}],"author":[{"embeddable":true,"href":"https:\/\/assistproject.eu\/it\/wp-json\/wp\/v2\/users\/1"}],"replies":[{"embeddable":true,"href":"https:\/\/assistproject.eu\/it\/wp-json\/wp\/v2\/comments?post=127"}],"version-history":[{"count":0,"href":"https:\/\/assistproject.eu\/it\/wp-json\/wp\/v2\/pages\/127\/revisions"}],"wp:attachment":[{"href":"https:\/\/assistproject.eu\/it\/wp-json\/wp\/v2\/media?parent=127"}],"curies":[{"name":"wp","href":"https:\/\/api.w.org\/{rel}","templated":true}]}}