{"id":737,"date":"2025-11-12T10:09:26","date_gmt":"2025-11-12T10:09:26","guid":{"rendered":"https:\/\/assistproject.eu\/?page_id=737"},"modified":"2026-03-16T10:05:54","modified_gmt":"2026-03-16T10:05:54","slug":"3d-scenarios","status":"publish","type":"page","link":"https:\/\/assistproject.eu\/it\/3d-scenarios\/","title":{"rendered":"Scenari 3D"},"content":{"rendered":"<p>La simulazione 3D di un ambiente clinico inclusivo \u00e8 un elemento chiave dell'ecosistema digitale ASSIST, uno strumento di apprendimento dinamico e immersivo progettato per replicare contesti clinici reali e promuovere pratiche sanitarie inclusive e rispettose. Accessibile direttamente tramite browser web, la simulazione consente agli utenti di navigare attraverso spazi virtuali quali ambulatori, sale d'attesa e sale visite. All'interno di questi ambienti, gli studenti partecipano a scenari interattivi che illustrano come utilizzare attrezzature mediche inclusive, promuovere una comunicazione rispettosa e garantire l'accessibilit\u00e0 emotiva e fisica a tutti i pazienti. Lo strumento presenta sei scenari principali, ciascuno dei quali affronta aspetti critici dell'assistenza, dalle infrastrutture accessibili alle strategie di comunicazione empatiche e incentrate sul paziente. Particolare attenzione \u00e8 riservata alle esigenze delle madri con disabilit\u00e0, che spesso devono affrontare sfide uniche in ambito sanitario. Integrando questa simulazione nei programmi di formazione, i futuri e attuali professionisti sanitari possono sviluppare la consapevolezza, le competenze e la sensibilit\u00e0 necessarie per fornire un'assistenza equa, inclusiva e incentrata sulla persona.<\/p>\n\n\n\n<h4 class=\"wp-block-heading has-text-color has-link-color wp-elements-363c68bd99e6619bc26710d0bed292de\" style=\"color:#f42e17\">Hardware Compatibility Notice \u2757<\/h4>\n\n\n\n<p>Si prega di notare che gli scenari 3D\/VR sono ottimizzati <strong>esclusivamente per computer desktop e laptop<\/strong>. Questa funzionalit\u00e0 <strong>non \u00e8 supportata su dispositivi mobili<\/strong> (smartphone o tablet). Per garantire la stabilit\u00e0 e le prestazioni necessarie, si prega di accedere a questo modulo utilizzando un browser supportato da un computer.<\/p>\n\n\n\n<p>Per la massima stabilit\u00e0 e velocit\u00e0, ti consigliamo di utilizzare Google Chrome. \u00c8 attualmente l'unico browser con l'acceleratore di prestazioni gi\u00e0 integrato: questo garantisce un'esperienza VR fluida, evitando rallentamenti o problemi di tracciamento. Se preferisci utilizzare un altro browser (come Safari o Mozilla Firefox), [<a href=\"https:\/\/assistproject.eu\/it\/browser-instructions\/\">clicca qui<\/a>] per le istruzioni su come attivare manualmente l'acceleratore.<\/p>","protected":false},"excerpt":{"rendered":"<p>The 3D Simulation of an Inclusive Clinical<\/p>","protected":false},"author":1,"featured_media":0,"parent":0,"menu_order":0,"comment_status":"closed","ping_status":"closed","template":"scenarios-page.php","meta":{"_uag_custom_page_level_css":"","footnotes":""},"class_list":["post-737","page","type-page","status-publish","hentry"],"yoast_head":"<!-- This site is optimized with the Yoast SEO plugin v22.7 - https:\/\/yoast.com\/wordpress\/plugins\/seo\/ -->\n<title>3D Scenarios | Assist<\/title>\n<meta name=\"robots\" content=\"index, follow, max-snippet:-1, max-image-preview:large, max-video-preview:-1\" \/>\n<link rel=\"canonical\" href=\"https:\/\/assistproject.eu\/it\/3d-scenarios\/\" \/>\n<meta property=\"og:locale\" content=\"it_IT\" \/>\n<meta property=\"og:type\" content=\"article\" \/>\n<meta property=\"og:title\" content=\"3D Scenarios | Assist\" \/>\n<meta property=\"og:description\" content=\"The 3D Simulation of an Inclusive Clinical\" \/>\n<meta property=\"og:url\" content=\"https:\/\/assistproject.eu\/it\/3d-scenarios\/\" \/>\n<meta property=\"og:site_name\" content=\"Assist\" \/>\n<meta property=\"article:modified_time\" content=\"2026-03-16T10:05:54+00:00\" \/>\n<meta property=\"og:image\" content=\"https:\/\/assistproject.eu\/wp-content\/uploads\/2024\/05\/assist-logo.png\" \/>\n\t<meta property=\"og:image:width\" content=\"1570\" \/>\n\t<meta property=\"og:image:height\" content=\"771\" \/>\n\t<meta property=\"og:image:type\" content=\"image\/png\" \/>\n<meta name=\"twitter:card\" content=\"summary_large_image\" \/>\n<meta name=\"twitter:label1\" content=\"Tempo di lettura stimato\" \/>\n\t<meta name=\"twitter:data1\" content=\"2 minuti\" \/>\n<script type=\"application\/ld+json\" class=\"yoast-schema-graph\">{\"@context\":\"https:\/\/schema.org\",\"@graph\":[{\"@type\":\"WebPage\",\"@id\":\"https:\/\/assistproject.eu\/3d-scenarios\/\",\"url\":\"https:\/\/assistproject.eu\/3d-scenarios\/\",\"name\":\"3D Scenarios | Assist\",\"isPartOf\":{\"@id\":\"https:\/\/assistproject.eu\/#website\"},\"datePublished\":\"2025-11-12T10:09:26+00:00\",\"dateModified\":\"2026-03-16T10:05:54+00:00\",\"breadcrumb\":{\"@id\":\"https:\/\/assistproject.eu\/3d-scenarios\/#breadcrumb\"},\"inLanguage\":\"it-IT\",\"potentialAction\":[{\"@type\":\"ReadAction\",\"target\":[\"https:\/\/assistproject.eu\/3d-scenarios\/\"]}]},{\"@type\":\"BreadcrumbList\",\"@id\":\"https:\/\/assistproject.eu\/3d-scenarios\/#breadcrumb\",\"itemListElement\":[{\"@type\":\"ListItem\",\"position\":1,\"name\":\"Home\",\"item\":\"https:\/\/assistproject.eu\/\"},{\"@type\":\"ListItem\",\"position\":2,\"name\":\"3D Scenarios\"}]},{\"@type\":\"WebSite\",\"@id\":\"https:\/\/assistproject.eu\/#website\",\"url\":\"https:\/\/assistproject.eu\/\",\"name\":\"Assist\",\"description\":\"\",\"publisher\":{\"@id\":\"https:\/\/assistproject.eu\/#organization\"},\"potentialAction\":[{\"@type\":\"SearchAction\",\"target\":{\"@type\":\"EntryPoint\",\"urlTemplate\":\"https:\/\/assistproject.eu\/?s={search_term_string}\"},\"query-input\":\"required name=search_term_string\"}],\"inLanguage\":\"it-IT\"},{\"@type\":\"Organization\",\"@id\":\"https:\/\/assistproject.eu\/#organization\",\"name\":\"Assist\",\"url\":\"https:\/\/assistproject.eu\/\",\"logo\":{\"@type\":\"ImageObject\",\"inLanguage\":\"it-IT\",\"@id\":\"https:\/\/assistproject.eu\/#\/schema\/logo\/image\/\",\"url\":\"https:\/\/assistproject.eu\/wp-content\/uploads\/2024\/05\/assist-logo.png\",\"contentUrl\":\"https:\/\/assistproject.eu\/wp-content\/uploads\/2024\/05\/assist-logo.png\",\"width\":1570,\"height\":771,\"caption\":\"Assist\"},\"image\":{\"@id\":\"https:\/\/assistproject.eu\/#\/schema\/logo\/image\/\"}}]}<\/script>\n<!-- \/ Yoast SEO plugin. -->","yoast_head_json":{"title":"3D Scenarios | Assist","robots":{"index":"index","follow":"follow","max-snippet":"max-snippet:-1","max-image-preview":"max-image-preview:large","max-video-preview":"max-video-preview:-1"},"canonical":"https:\/\/assistproject.eu\/it\/3d-scenarios\/","og_locale":"it_IT","og_type":"article","og_title":"3D Scenarios | Assist","og_description":"The 3D Simulation of an Inclusive Clinical","og_url":"https:\/\/assistproject.eu\/it\/3d-scenarios\/","og_site_name":"Assist","article_modified_time":"2026-03-16T10:05:54+00:00","og_image":[{"width":1570,"height":771,"url":"https:\/\/assistproject.eu\/wp-content\/uploads\/2024\/05\/assist-logo.png","type":"image\/png"}],"twitter_card":"summary_large_image","twitter_misc":{"Tempo di lettura stimato":"2 minuti"},"schema":{"@context":"https:\/\/schema.org","@graph":[{"@type":"WebPage","@id":"https:\/\/assistproject.eu\/3d-scenarios\/","url":"https:\/\/assistproject.eu\/3d-scenarios\/","name":"3D Scenarios | Assist","isPartOf":{"@id":"https:\/\/assistproject.eu\/#website"},"datePublished":"2025-11-12T10:09:26+00:00","dateModified":"2026-03-16T10:05:54+00:00","breadcrumb":{"@id":"https:\/\/assistproject.eu\/3d-scenarios\/#breadcrumb"},"inLanguage":"it-IT","potentialAction":[{"@type":"ReadAction","target":["https:\/\/assistproject.eu\/3d-scenarios\/"]}]},{"@type":"BreadcrumbList","@id":"https:\/\/assistproject.eu\/3d-scenarios\/#breadcrumb","itemListElement":[{"@type":"ListItem","position":1,"name":"Home","item":"https:\/\/assistproject.eu\/"},{"@type":"ListItem","position":2,"name":"3D Scenarios"}]},{"@type":"WebSite","@id":"https:\/\/assistproject.eu\/#website","url":"https:\/\/assistproject.eu\/","name":"Assist","description":"","publisher":{"@id":"https:\/\/assistproject.eu\/#organization"},"potentialAction":[{"@type":"SearchAction","target":{"@type":"EntryPoint","urlTemplate":"https:\/\/assistproject.eu\/?s={search_term_string}"},"query-input":"required name=search_term_string"}],"inLanguage":"it-IT"},{"@type":"Organization","@id":"https:\/\/assistproject.eu\/#organization","name":"Assist","url":"https:\/\/assistproject.eu\/","logo":{"@type":"ImageObject","inLanguage":"it-IT","@id":"https:\/\/assistproject.eu\/#\/schema\/logo\/image\/","url":"https:\/\/assistproject.eu\/wp-content\/uploads\/2024\/05\/assist-logo.png","contentUrl":"https:\/\/assistproject.eu\/wp-content\/uploads\/2024\/05\/assist-logo.png","width":1570,"height":771,"caption":"Assist"},"image":{"@id":"https:\/\/assistproject.eu\/#\/schema\/logo\/image\/"}}]}},"uagb_featured_image_src":{"full":false,"thumbnail":false,"medium":false,"medium_large":false,"large":false,"1536x1536":false,"2048x2048":false,"trp-custom-language-flag":false,"depicter-thumbnail":false},"uagb_author_info":{"display_name":"admin","author_link":"https:\/\/assistproject.eu\/it\/author\/assistwpadmn\/"},"uagb_comment_info":0,"uagb_excerpt":"The 3D Simulation of an Inclusive Clinical","_links":{"self":[{"href":"https:\/\/assistproject.eu\/it\/wp-json\/wp\/v2\/pages\/737","targetHints":{"allow":["GET"]}}],"collection":[{"href":"https:\/\/assistproject.eu\/it\/wp-json\/wp\/v2\/pages"}],"about":[{"href":"https:\/\/assistproject.eu\/it\/wp-json\/wp\/v2\/types\/page"}],"author":[{"embeddable":true,"href":"https:\/\/assistproject.eu\/it\/wp-json\/wp\/v2\/users\/1"}],"replies":[{"embeddable":true,"href":"https:\/\/assistproject.eu\/it\/wp-json\/wp\/v2\/comments?post=737"}],"version-history":[{"count":0,"href":"https:\/\/assistproject.eu\/it\/wp-json\/wp\/v2\/pages\/737\/revisions"}],"wp:attachment":[{"href":"https:\/\/assistproject.eu\/it\/wp-json\/wp\/v2\/media?parent=737"}],"curies":[{"name":"wp","href":"https:\/\/api.w.org\/{rel}","templated":true}]}}